{"id":3302,"date":"2017-12-05T11:27:36","date_gmt":"2017-12-05T11:27:36","guid":{"rendered":"https:\/\/keydesign-themes.com\/leadengine\/?page_id=3302"},"modified":"2024-11-12T16:06:30","modified_gmt":"2024-11-12T16:06:30","slug":"bedingungen-und-konditionen","status":"publish","type":"page","link":"https:\/\/meridianglobalservices.com\/de\/terms-and-conditions\/","title":{"rendered":"Bedingungen und Konditionen"},"content":{"rendered":"<div class=\"wpb-content-wrapper\"><div class=\"vc_row wpb_row vc_row-fluid\"><div class=\"wpb_column vc_column_container vc_col-sm-12 vc_hidden-lg vc_hidden-md\"><div class=\"vc_column-inner\"><div class=\"wpb_wrapper\"><div class=\"vc_empty_space\"   style=\"height: 50px\"><span class=\"vc_empty_space_inner\"><\/span><\/div><\/div><\/div><\/div><\/div><div class=\"vc_row wpb_row vc_row-fluid\"><div class=\"wpb_column vc_column_container vc_col-sm-8 vc_col-lg-8 vc_col-md-12 vc_col-xs-12\"><div class=\"vc_column-inner vc_custom_1519904242668\"><div class=\"wpb_wrapper\">\n\t<div class=\"wpb_text_column wpb_content_element\" >\n\t\t<div class=\"wpb_wrapper\">\n\t\t\t<h3>Ausschluss der Haftung:<\/h3>\n<p>Bei der Erstellung dieser Website wurden alle Anstrengungen unternommen, um m\u00f6glichst aktuelle, korrekte und klar formulierte Informationen anzubieten. Dennoch k\u00f6nnen unbeabsichtigte Fehler in den Informationen auftreten und die Informationen k\u00f6nnen veraltet sein. Meridian Global Services lehnt insbesondere, aber ohne Einschr\u00e4nkung der hierin enthaltenen Angaben, jede Verantwortung f\u00fcr Druckfehler und die Richtigkeit oder Aktualit\u00e4t der Informationen ab, die auf den Webseiten von Meridian Global Services enthalten sein k\u00f6nnen. Meridian Global Services beh\u00e4lt sich au\u00dferdem das Recht vor, jederzeit und ohne Vorank\u00fcndigung \u00c4nderungen vorzunehmen.<\/p>\n<p>Die enthaltenen Informationen und Daten wurden von Mitarbeitern von Meridian Global Services aus einer Vielzahl von Quellen zusammengestellt und k\u00f6nnen ohne vorherige Ank\u00fcndigung ge\u00e4ndert werden. Meridian Global Services \u00fcbernimmt keine Gew\u00e4hr f\u00fcr die Qualit\u00e4t, den Inhalt, die Vollst\u00e4ndigkeit oder die Angemessenheit dieser Informationen und Daten.<\/p>\n<p>Wenn uns irref\u00fchrende, ungenaue oder anderweitig unangemessene Informationen zur Kenntnis gebracht werden, werden wir uns in angemessener Weise bem\u00fchen, diese zu korrigieren oder zu entfernen.<\/p>\n<p>Bestimmte Links auf dieser Website f\u00fchren zu anderen Websites, die von Dritten unterhalten werden. Meridian gibt keine Zusicherungen hinsichtlich der Richtigkeit oder anderer Aspekte der auf anderen Websites enthaltenen Informationen ab.<\/p>\n\n\t\t<\/div>\n\t<\/div>\n<\/div><\/div><\/div><div class=\"wpb_column vc_column_container vc_col-sm-4 vc_col-lg-4 vc_col-md-12 vc_col-xs-12\"><div class=\"vc_column-inner\"><div class=\"wpb_wrapper\"><div  class=\"wpb_widgetised_column wpb_content_element\">\n\t\t<div class=\"wpb_wrapper\">\n\t\t\t\n\t\t\t\n\t\t<\/div>\n\t<\/div>\n<\/div><\/div><\/div><\/div>\n<\/div>","protected":false},"excerpt":{"rendered":"Disclaimer of Liability: In preparation of this site, every effort has been made to offer the most current, correct, and clearly expressed information possible. Nevertheless, inadvertent errors [...]","protected":false},"author":239137920,"featured_media":0,"parent":0,"menu_order":0,"comment_status":"closed","ping_status":"closed","template":"","meta":{"_crdt_document":"","content-type":"","footnotes":""},"class_list":["post-3302","page","type-page","status-publish","hentry"],"jetpack_likes_enabled":true,"jetpack_sharing_enabled":true,"jetpack_shortlink":"https:\/\/wp.me\/PfNysa-Rg","_links":{"self":[{"href":"https:\/\/meridianglobalservices.com\/de\/wp-json\/wp\/v2\/pages\/3302","targetHints":{"allow":["GET"]}}],"collection":[{"href":"https:\/\/meridianglobalservices.com\/de\/wp-json\/wp\/v2\/pages"}],"about":[{"href":"https:\/\/meridianglobalservices.com\/de\/wp-json\/wp\/v2\/types\/page"}],"author":[{"embeddable":true,"href":"https:\/\/meridianglobalservices.com\/de\/wp-json\/wp\/v2\/users\/239137920"}],"replies":[{"embeddable":true,"href":"https:\/\/meridianglobalservices.com\/de\/wp-json\/wp\/v2\/comments?post=3302"}],"version-history":[{"count":4,"href":"https:\/\/meridianglobalservices.com\/de\/wp-json\/wp\/v2\/pages\/3302\/revisions"}],"predecessor-version":[{"id":9390,"href":"https:\/\/meridianglobalservices.com\/de\/wp-json\/wp\/v2\/pages\/3302\/revisions\/9390"}],"wp:attachment":[{"href":"https:\/\/meridianglobalservices.com\/de\/wp-json\/wp\/v2\/media?parent=3302"}],"curies":[{"name":"wp","href":"https:\/\/api.w.org\/{rel}","templated":true}]}}