{"id":7988,"date":"2024-09-04T09:53:31","date_gmt":"2024-09-04T08:53:31","guid":{"rendered":"https:\/\/meridianglobalservices.com\/?page_id=7988"},"modified":"2025-02-06T11:57:27","modified_gmt":"2025-02-06T11:57:27","slug":"kontakt-zu-meridian","status":"publish","type":"page","link":"https:\/\/meridianglobalservices.com\/de\/contact-meridian\/","title":{"rendered":"Kontakt zu Meridian"},"content":{"rendered":"<div class=\"wpb-content-wrapper\"><div data-vc-full-width=\"true\" data-vc-full-width-init=\"false\" class=\"vc_row wpb_row vc_row-fluid vc_custom_1516716959887 vc_row-has-fill vc_row-has-padding-top vc_row-has-padding-bottom\"><div class=\"wpb_column vc_column_container vc_col-sm-12\"><div class=\"vc_column-inner\"><div class=\"wpb_wrapper\"><header class=\"kd-section-title vc_col-lg-6 vc_col-sm-8 text-center solid-line sep-border-width-2     vc_custom_1725440432441\" ><h1 class=\"separator_on\" style=\"color: #ffffff;\">Kontakt zu Meridian<\/h1><div class=\"kd-separator below_title\" ><div class=\"kd-separator-line\" style=\"border-color:#ffffff\"><\/div><\/div><h6 class=\"subtitle\" style=\"color: #ffffff;\">Meridian Global Services ist ein f\u00fchrender Anbieter von umfassender globaler Steuerermittlungstechnologie f\u00fcr SAP sowie von kompetenten Compliance- und Beratungsl\u00f6sungen.<\/h6><\/header><\/div><\/div><\/div><\/div><div class=\"vc_row-full-width vc_clearfix\"><\/div><div class=\"vc_row wpb_row vc_row-fluid vc_custom_1516644042223 vc_row-has-fill vc_row-has-padding-top vc_row-has-padding-left vc_row-has-padding-right\"><div class=\"wpb_column vc_column_container vc_col-sm-12\"><div class=\"vc_column-inner vc_custom_1513687155962\"><div class=\"wpb_wrapper\"><div class=\"vc_row wpb_row vc_inner vc_row-fluid\"><div class=\"wpb_column vc_column_container vc_col-sm-4 vc_col-lg-4 vc_col-md-12\"><div class=\"vc_column-inner\"><div class=\"wpb_wrapper\"><h2 style=\"font-size: 36px;text-align: left\" class=\"vc_custom_heading vc_do_custom_heading vc_custom_1725443038654\" >Hier wird geholfen<\/h2><\/div><\/div><\/div><div class=\"wpb_column vc_column_container vc_col-sm-8 vc_col-lg-8 vc_col-md-12\"><div class=\"vc_column-inner\"><div class=\"wpb_wrapper\"><h6 style=\"text-align: left\" class=\"vc_custom_heading vc_do_custom_heading\" ><a href=\"https:\/\/meridian-taxtech-events.com\" target=\"_blank\" rel=\"noopener\">Sprechen Sie mit uns, wenn Sie Fragen zu unseren Compliance- und Steuertechnologie-L\u00f6sungen f\u00fcr SAP haben. Oder treffen Sie uns pers\u00f6nlich auf einer unserer Veranstaltungen.<\/a><\/h6><\/div><\/div><\/div><\/div><\/div><\/div><\/div><\/div><div data-vc-full-width=\"true\" data-vc-full-width-init=\"false\" class=\"vc_row wpb_row vc_row-fluid\"><div class=\"wpb_column vc_column_container vc_col-sm-12\"><div class=\"vc_column-inner vc_custom_1516095665984\"><div class=\"wpb_wrapper\"><div class=\"vc_row wpb_row vc_inner vc_row-fluid\"><div class=\"wpb_column vc_column_container vc_col-sm-6 vc_col-lg-6 vc_col-md-12\"><div class=\"vc_column-inner vc_custom_1725459510554\"><div class=\"wpb_wrapper\"><h6 style=\"text-align: left\" class=\"vc_custom_heading vc_do_custom_heading\" >Meridian Globale Hauptgesch\u00e4ftsstelle<\/h6><h5 style=\"text-align: left\" class=\"vc_custom_heading vc_do_custom_heading\" >3009 Lake Drive,<br \/>\nCitywest,<br \/>\nDublin D24 KHNO, Irland<\/h5><h6 style=\"text-align: left\" class=\"vc_custom_heading vc_do_custom_heading\" >Telefon: +353 (0)1 4590500<\/p>\n<p>E-Mail: info@meridianglobalservices.com<\/h6>\n\t<div  class=\"wpb_single_image wpb_content_element vc_align_left wpb_content_element\">\n\t\t\n\t\t<figure class=\"wpb_wrapper vc_figure\">\n\t\t\t<div class=\"vc_single_image-wrapper   vc_box_border_grey\"><img loading=\"lazy\" decoding=\"async\" width=\"450\" height=\"300\" src=\"https:\/\/meridianglobalservices.com\/wp-content\/uploads\/2024\/09\/hq.png\" class=\"vc_single_image-img attachment-full\" alt=\"\" title=\"hq\" srcset=\"https:\/\/meridianglobalservices.com\/wp-content\/uploads\/2024\/09\/hq.png 450w, https:\/\/meridianglobalservices.com\/wp-content\/uploads\/2024\/09\/hq-300x200.png 300w\" sizes=\"auto, (max-width: 450px) 100vw, 450px\" data-attachment-id=\"8014\" data-permalink=\"https:\/\/meridianglobalservices.com\/de\/contact-meridian\/hq\/\" data-orig-file=\"https:\/\/meridianglobalservices.com\/wp-content\/uploads\/2024\/09\/hq.png\" data-orig-size=\"450,300\" data-comments-opened=\"1\" data-image-meta=\"{&quot;aperture&quot;:&quot;0&quot;,&quot;credit&quot;:&quot;&quot;,&quot;camera&quot;:&quot;&quot;,&quot;caption&quot;:&quot;&quot;,&quot;created_timestamp&quot;:&quot;0&quot;,&quot;copyright&quot;:&quot;&quot;,&quot;focal_length&quot;:&quot;0&quot;,&quot;iso&quot;:&quot;0&quot;,&quot;shutter_speed&quot;:&quot;0&quot;,&quot;title&quot;:&quot;&quot;,&quot;orientation&quot;:&quot;0&quot;}\" data-image-title=\"hq\" data-image-description=\"\" data-image-caption=\"\" data-large-file=\"https:\/\/meridianglobalservices.com\/wp-content\/uploads\/2024\/09\/hq.png\" \/><\/div>\n\t\t<\/figure>\n\t<\/div>\n<\/div><\/div><\/div><div class=\"wpb_column vc_column_container vc_col-sm-6 vc_col-lg-6 vc_col-md-12\"><div class=\"vc_column-inner vc_custom_1519832694606\"><div class=\"wpb_wrapper\"><header class=\"kd-section-title col-lg-12 text-left solid-line sep-border-width-2\" ><h2 class=\"separator_on\" >Senden Sie uns eine Nachricht<\/h2><div class=\"kd-separator below_title\" ><div class=\"kd-separator-line\" ><\/div><\/div><\/header><div class=\"vc_empty_space\"   style=\"height: 20px\"><span class=\"vc_empty_space_inner\"><\/span><\/div>\n\t<div class=\"wpb_text_column wpb_content_element\" >\n\t\t<div class=\"wpb_wrapper\">\n\t\t\t<p><br \/>\n<br \/>\n<br \/>\n\n\t\t\t\t\t\t<script>\n\t\t\t\t\t\t\twindow.hsFormsOnReady = window.hsFormsOnReady || [];\n\t\t\t\t\t\t\twindow.hsFormsOnReady.push(()=>{\n\t\t\t\t\t\t\t\thbspt.forms.create({\n\t\t\t\t\t\t\t\t\tportalId: 1717734,\n\t\t\t\t\t\t\t\t\tformId: \"86654363-0e6a-4f02-b6b6-7e6690d70160\",\n\t\t\t\t\t\t\t\t\ttarget: \"#hbspt-form-1775731873000-2650404831\",\n\t\t\t\t\t\t\t\t\tregion: \"na1\",\n\t\t\t\t\t\t\t\t\t\n\t\t\t\t\t\t\t})});\n\t\t\t\t\t\t<\/script>\n\t\t\t\t\t\t<div class=\"hbspt-form\" id=\"hbspt-form-1775731873000-2650404831\"><\/div><br \/>\n<\/p>\n\n\t\t<\/div>\n\t<\/div>\n<\/div><\/div><\/div><\/div><\/div><\/div><\/div><\/div><div class=\"vc_row-full-width vc_clearfix\"><\/div><div data-vc-full-width=\"true\" data-vc-full-width-init=\"false\" class=\"vc_row wpb_row vc_row-fluid\"><div class=\"wpb_column vc_column_container vc_col-sm-12\"><div class=\"vc_column-inner vc_custom_1515687105834\"><div class=\"wpb_wrapper\"><h2 style=\"text-align: left\" class=\"vc_custom_heading vc_do_custom_heading vc_custom_1725459490787\" >Meridian Europab\u00fcros<\/h2><div class=\"vc_row wpb_row vc_inner vc_row-fluid vc_custom_1516644205564 vc_row-has-padding-bottom\"><div class=\"wpb_column vc_column_container vc_col-sm-4\"><div class=\"vc_column-inner\"><div class=\"wpb_wrapper\"><div class=\"cb-container\" style=\"background-color: #fff;\" ><a href=\"#\" target=\"\" title=\"\"><div class=\"cb-img-area\"><i class=\"iconsmind-Administrator fa\" style=\" \"><\/i> <\/div><div class=\"cb-text-area\">\n                    <h4 class=\"cb-heading with-subtitle\" >Germany<\/h4><h5 class=\"cb-subtitle\" >B\u00fcro Hamburg , Parkstra\u00dfe 1 , D-21244 Buchholz, Deutschland<\/h5><p >Kontakt: Michaela Zander<br \/>\nTelefon :+49 4181 999 2828<br \/>\nmichaela.zander@meridianglobalservices.com<\/p><\/div><\/a><\/div><\/div><\/div><\/div><div class=\"wpb_column vc_column_container vc_col-sm-4\"><div class=\"vc_column-inner\"><div class=\"wpb_wrapper\"><div class=\"cb-container\" style=\"background-color: #fff;\" ><a href=\"#\" target=\"\" title=\"\"><div class=\"cb-img-area\"><i class=\"iconsmind-Administrator fa\" style=\" \"><\/i> <\/div><div class=\"cb-text-area\">\n                    <h4 class=\"cb-heading with-subtitle\" >France<\/h4><h5 class=\"cb-subtitle\" >B\u00fcro Paris,  17 Rue de Fiacre, 75002 Paris, Frankreich<\/h5><p >Kontakt: Nathalie Guedj<br \/>\nTelefon: +33 158 64 59 22<br \/>\nnathalie.guedj@meridianglobalservices.com<\/p><\/div><\/a><\/div><\/div><\/div><\/div><div class=\"wpb_column vc_column_container vc_col-sm-4\"><div class=\"vc_column-inner\"><div class=\"wpb_wrapper\"><div class=\"cb-container\" style=\"background-color: #fff;\" ><a href=\"#\" target=\"\" title=\"\"><div class=\"cb-img-area\"><i class=\"iconsmind-Administrator fa\" style=\" \"><\/i> <\/div><div class=\"cb-text-area\">\n                    <h4 class=\"cb-heading with-subtitle\" >Vereinigtes K\u00f6nigreich<\/h4><h5 class=\"cb-subtitle\" >B\u00fcro London<\/h5><p >Kontakt: Jackie Williams<br \/>\nTelefon: +44 20 7871 5454<br \/>\njackie.williams@meridianglobalservices.com<\/p><\/div><\/a><\/div><\/div><\/div><\/div><\/div><\/div><\/div><\/div><\/div><div class=\"vc_row-full-width vc_clearfix\"><\/div>\n<\/div>","protected":false},"excerpt":{"rendered":"Contact MeridianMeridian Global Services is a premier provider of comprehensive global tax determination technology for SAP, and also expert compliance and consulting solutions.Here to helpTalk to us [...]","protected":false},"author":239137920,"featured_media":0,"parent":0,"menu_order":0,"comment_status":"closed","ping_status":"closed","template":"","meta":{"_crdt_document":"","content-type":"","jetpack_post_was_ever_published":false,"footnotes":""},"class_list":["post-7988","page","type-page","status-publish","hentry"],"jetpack_likes_enabled":true,"jetpack_sharing_enabled":true,"jetpack_shortlink":"https:\/\/wp.me\/PfNysa-24Q","_links":{"self":[{"href":"https:\/\/meridianglobalservices.com\/de\/wp-json\/wp\/v2\/pages\/7988","targetHints":{"allow":["GET"]}}],"collection":[{"href":"https:\/\/meridianglobalservices.com\/de\/wp-json\/wp\/v2\/pages"}],"about":[{"href":"https:\/\/meridianglobalservices.com\/de\/wp-json\/wp\/v2\/types\/page"}],"author":[{"embeddable":true,"href":"https:\/\/meridianglobalservices.com\/de\/wp-json\/wp\/v2\/users\/239137920"}],"replies":[{"embeddable":true,"href":"https:\/\/meridianglobalservices.com\/de\/wp-json\/wp\/v2\/comments?post=7988"}],"version-history":[{"count":31,"href":"https:\/\/meridianglobalservices.com\/de\/wp-json\/wp\/v2\/pages\/7988\/revisions"}],"predecessor-version":[{"id":9758,"href":"https:\/\/meridianglobalservices.com\/de\/wp-json\/wp\/v2\/pages\/7988\/revisions\/9758"}],"wp:attachment":[{"href":"https:\/\/meridianglobalservices.com\/de\/wp-json\/wp\/v2\/media?parent=7988"}],"curies":[{"name":"wp","href":"https:\/\/api.w.org\/{rel}","templated":true}]}}