{"id":8821,"date":"2024-10-25T12:01:29","date_gmt":"2024-10-25T11:01:29","guid":{"rendered":"https:\/\/meridianglobalservices.com\/?page_id=8821"},"modified":"2025-02-13T16:45:52","modified_gmt":"2025-02-13T16:45:52","slug":"meldeportal","status":"publish","type":"page","link":"https:\/\/meridianglobalservices.com\/de\/reporting-portal\/","title":{"rendered":"Berichtsportal"},"content":{"rendered":"<div class=\"wpb-content-wrapper\"><div data-vc-full-width=\"true\" data-vc-full-width-init=\"false\" class=\"vc_row wpb_row vc_row-fluid vc_custom_1730216595452 vc_row-has-fill vc_row-has-padding-top vc_row-has-padding-bottom\"><div class=\"wpb_column vc_column_container vc_col-sm-6 vc_col-lg-6 vc_col-md-12 vc_col-xs-12\"><div class=\"vc_column-inner\"><div class=\"wpb_wrapper\"><header class=\"kd-section-title col-lg-12 text-left solid-line sep-border-width-2     vc_custom_1729854364090\" ><h2 class=\"separator_on\" style=\"color: #ffffff;\">Sichtbarkeit und Kontrolle<\/h2><div class=\"kd-separator below_title\" ><div class=\"kd-separator-line\" style=\"border-color:#ffffff\"><\/div><\/div><\/header><\/div><\/div><\/div><div class=\"wpb_column vc_column_container vc_col-sm-2\"><div class=\"vc_column-inner\"><div class=\"wpb_wrapper\"><\/div><\/div><\/div><div class=\"wpb_column vc_column_container vc_col-sm-4 vc_col-lg-4 vc_col-md-12 vc_col-xs-12\"><div class=\"vc_column-inner vc_custom_1516103198991\"><div class=\"wpb_wrapper\"><\/div><\/div><\/div><\/div><div class=\"vc_row-full-width vc_clearfix\"><\/div><div class=\"vc_row wpb_row vc_row-fluid\"><div class=\"wpb_column vc_column_container vc_col-sm-12\"><div class=\"vc_column-inner\"><div class=\"wpb_wrapper\"><h2 style=\"color: #C4203B;text-align: center\" class=\"vc_custom_heading vc_do_custom_heading vc_custom_1730217751898\" >Plattform f\u00fcr die Einhaltung der USt.<\/h2><\/div><\/div><\/div><\/div><div data-vc-full-width=\"true\" data-vc-full-width-init=\"false\" class=\"vc_row wpb_row vc_row-fluid vc_custom_1516112546299 vc_row-has-fill vc_row-has-padding-top vc_row-has-padding-bottom\"><div class=\"wpb_column vc_column_container vc_col-sm-6\"><div class=\"vc_column-inner vc_custom_1513687960231\"><div class=\"wpb_wrapper\"><h3 style=\"text-align: left\" class=\"vc_custom_heading vc_do_custom_heading\" >Das webbasierte Berichtsportal von Meridian Global Services<\/h3>\n\t<div class=\"wpb_text_column wpb_content_element\" >\n\t\t<div class=\"wpb_wrapper\">\n\t\t\t<ul>\n<li>Bietet Ihnen volle Transparenz und Kontrolle \u00fcber die Aktivit\u00e4ten zur Einhaltung der Umsatzsteuere in Ihrem gesamten Unternehmen<\/li>\n<li>fungiert als Ihr Tor zu einer ganzen Reihe von Echtzeitinformationen<\/li>\n<li>Erm\u00f6glicht Ihnen die Einhaltung der USt.-Vorschriften auf eine Weise, die kein anderes System bietet<\/li>\n<li>Erleichtert die Verwaltung von Berichtsfristen und Informationsabl\u00e4ufen<\/li>\n<li>Erm\u00f6glicht die vollst\u00e4ndige Einsicht in alle historischen Umsatzsteuerekl\u00e4rungen, Formulare und Korrespondenz.<\/li>\n<\/ul>\n\n\t\t<\/div>\n\t<\/div>\n<\/div><\/div><\/div><div class=\"wpb_column vc_column_container vc_col-sm-6\"><div class=\"vc_column-inner vc_custom_1513687965157\"><div class=\"wpb_wrapper\"><h3 style=\"color: #2A2A2A;text-align: left\" class=\"vc_custom_heading vc_do_custom_heading vc_custom_1730218907022\" >Das Portal bietet folgende Funktionen<\/h3>\n\t<div class=\"wpb_text_column wpb_content_element\" >\n\t\t<div class=\"wpb_wrapper\">\n\t\t\t<ul>\n<li>Executive Dashboard-Ansicht der gesamten Umsatzsteuereinhaltung<\/li>\n<li>Live-Kalender zur \u00dcberwachung des Arbeitsablaufs und zur Verwaltung von Fristen<\/li>\n<li>Zugriff auf historische Umsatzsteuerekl\u00e4rungen, Formulare und Korrespondenz<\/li>\n<li>Kontoauszug mit den Betr\u00e4gen, die den Umsatzsteuereinhaltungbeh\u00f6rden geschuldet werden bzw. von ihnen zu zahlen sind<\/li>\n<li>Analyse-Engine f\u00fcr anspruchsvolle Trendanalysen<\/li>\n<li>Verf\u00fcgbar in 7 Sprachen - Englisch, Franz\u00f6sisch, Deutsch, Schwedisch, Spanisch, Niederl\u00e4ndisch und Italienisch<\/li>\n<\/ul>\n\n\t\t<\/div>\n\t<\/div>\n<\/div><\/div><\/div><\/div><div class=\"vc_row-full-width vc_clearfix\"><\/div><div data-vc-full-width=\"true\" data-vc-full-width-init=\"false\" class=\"vc_row wpb_row vc_row-fluid vc_custom_1730219536534 vc_row-has-padding-top vc_row-has-padding-bottom\"><div class=\"wpb_column vc_column_container vc_col-sm-6 vc_col-lg-6 vc_col-md-12\"><div class=\"vc_column-inner\"><div class=\"wpb_wrapper\"><div class=\"vc_row wpb_row vc_inner vc_row-fluid vc_custom_1513616990957\"><div class=\"wpb_column vc_column_container vc_col-sm-10 vc_col-lg-offset-0 vc_col-lg-10 vc_col-md-offset-1 vc_col-md-10 vc_col-sm-offset-1\"><div class=\"vc_column-inner vc_custom_1522313763149\"><div class=\"wpb_wrapper\"><header class=\"kd-section-title col-lg-12 text-left solid-line sep-border-width-2\" ><h2 class=\"separator_on\" >Dashboard<\/h2><div class=\"kd-separator below_title\" ><div class=\"kd-separator-line\" ><\/div><\/div><h6 class=\"subtitle\" >Die sich \u00f6ffnende Dashboard-Ansicht zeigt eine<\/h6><\/header>\n\t<div class=\"wpb_text_column wpb_content_element\" >\n\t\t<div class=\"wpb_wrapper\">\n\t\t\t<ul>\n<li>Sofortiger \u00dcberblick \u00fcber die f\u00e4lligen USt-Erkl\u00e4rungen<\/li>\n<li>Aktualisierungen des Status jeder Meldung<\/li>\n<li>Statuswarnungen, die Sie auf R\u00fccksendungen aufmerksam machen, die innerhalb von f\u00fcnf Tagen f\u00e4llig werden oder vielleicht \u00fcberf\u00e4llig sind<\/li>\n<li>Dynamische Parameter, die die Ergebnisse sofort nach wichtigen Informationen filtern<\/li>\n<\/ul>\n\n\t\t<\/div>\n\t<\/div>\n<\/div><\/div><\/div><div class=\"wpb_column vc_column_container vc_col-sm-2 vc_hidden-md vc_hidden-sm vc_hidden-xs\"><div class=\"vc_column-inner\"><div class=\"wpb_wrapper\"><\/div><\/div><\/div><\/div><\/div><\/div><\/div><div class=\"wpb_column vc_column_container vc_col-sm-6 vc_col-lg-6 vc_col-md-12\"><div class=\"vc_column-inner vc_custom_1522313600017\"><div class=\"wpb_wrapper\">\n\t<div  class=\"wpb_single_image wpb_content_element vc_align_center wpb_content_element vc_custom_1730218013752\">\n\t\t\n\t\t<figure class=\"wpb_wrapper vc_figure\">\n\t\t\t<div class=\"vc_single_image-wrapper   vc_box_border_grey\"><img loading=\"lazy\" decoding=\"async\" width=\"627\" height=\"500\" src=\"https:\/\/meridianglobalservices.com\/wp-content\/uploads\/2024\/10\/dashboard.png\" class=\"vc_single_image-img attachment-full\" alt=\"\" title=\"Dashboard\" srcset=\"https:\/\/meridianglobalservices.com\/wp-content\/uploads\/2024\/10\/dashboard.png 627w, https:\/\/meridianglobalservices.com\/wp-content\/uploads\/2024\/10\/dashboard-300x239.png 300w\" sizes=\"auto, (max-width: 627px) 100vw, 627px\" data-attachment-id=\"8839\" data-permalink=\"https:\/\/meridianglobalservices.com\/de\/reporting-portal\/dashboard\/\" data-orig-file=\"https:\/\/meridianglobalservices.com\/wp-content\/uploads\/2024\/10\/dashboard.png\" data-orig-size=\"627,500\" data-comments-opened=\"1\" data-image-meta=\"{&quot;aperture&quot;:&quot;0&quot;,&quot;credit&quot;:&quot;&quot;,&quot;camera&quot;:&quot;&quot;,&quot;caption&quot;:&quot;&quot;,&quot;created_timestamp&quot;:&quot;0&quot;,&quot;copyright&quot;:&quot;&quot;,&quot;focal_length&quot;:&quot;0&quot;,&quot;iso&quot;:&quot;0&quot;,&quot;shutter_speed&quot;:&quot;0&quot;,&quot;title&quot;:&quot;&quot;,&quot;orientation&quot;:&quot;0&quot;}\" data-image-title=\"dashboard\" data-image-description=\"\" data-image-caption=\"\" data-large-file=\"https:\/\/meridianglobalservices.com\/wp-content\/uploads\/2024\/10\/dashboard.png\" \/><\/div>\n\t\t<\/figure>\n\t<\/div>\n<\/div><\/div><\/div><\/div><div class=\"vc_row-full-width vc_clearfix\"><\/div><div data-vc-full-width=\"true\" data-vc-full-width-init=\"false\" class=\"vc_row wpb_row vc_row-fluid vc_custom_1730220599382 vc_row-has-padding-top vc_row-has-padding-bottom\"><div class=\"wpb_column vc_column_container vc_col-sm-6 vc_col-lg-6 vc_col-md-12\"><div class=\"vc_column-inner\"><div class=\"wpb_wrapper\">\n\t<div  class=\"wpb_single_image wpb_content_element vc_align_center wpb_content_element vc_custom_1730219389997\">\n\t\t\n\t\t<figure class=\"wpb_wrapper vc_figure\">\n\t\t\t<div class=\"vc_single_image-wrapper   vc_box_border_grey\"><img loading=\"lazy\" decoding=\"async\" width=\"935\" height=\"500\" src=\"https:\/\/meridianglobalservices.com\/wp-content\/uploads\/2024\/10\/calendar.png\" class=\"vc_single_image-img attachment-full\" alt=\"\" title=\"Kalender\" srcset=\"https:\/\/meridianglobalservices.com\/wp-content\/uploads\/2024\/10\/calendar.png 935w, https:\/\/meridianglobalservices.com\/wp-content\/uploads\/2024\/10\/calendar-300x160.png 300w, https:\/\/meridianglobalservices.com\/wp-content\/uploads\/2024\/10\/calendar-768x411.png 768w\" sizes=\"auto, (max-width: 935px) 100vw, 935px\" data-attachment-id=\"8852\" data-permalink=\"https:\/\/meridianglobalservices.com\/de\/reporting-portal\/calendar\/\" data-orig-file=\"https:\/\/meridianglobalservices.com\/wp-content\/uploads\/2024\/10\/calendar.png\" data-orig-size=\"935,500\" data-comments-opened=\"1\" data-image-meta=\"{&quot;aperture&quot;:&quot;0&quot;,&quot;credit&quot;:&quot;&quot;,&quot;camera&quot;:&quot;&quot;,&quot;caption&quot;:&quot;&quot;,&quot;created_timestamp&quot;:&quot;0&quot;,&quot;copyright&quot;:&quot;&quot;,&quot;focal_length&quot;:&quot;0&quot;,&quot;iso&quot;:&quot;0&quot;,&quot;shutter_speed&quot;:&quot;0&quot;,&quot;title&quot;:&quot;&quot;,&quot;orientation&quot;:&quot;0&quot;}\" data-image-title=\"calendar\" data-image-description=\"\" data-image-caption=\"\" data-large-file=\"https:\/\/meridianglobalservices.com\/wp-content\/uploads\/2024\/10\/calendar.png\" \/><\/div>\n\t\t<\/figure>\n\t<\/div>\n<\/div><\/div><\/div><div class=\"wpb_column vc_column_container vc_col-sm-6 vc_col-lg-6 vc_col-md-12\"><div class=\"vc_column-inner vc_custom_1522313600017\"><div class=\"wpb_wrapper\"><div class=\"vc_row wpb_row vc_inner vc_row-fluid vc_custom_1513616990957\"><div class=\"wpb_column vc_column_container vc_col-sm-10 vc_col-lg-offset-0 vc_col-lg-10 vc_col-md-offset-1 vc_col-md-10 vc_col-sm-offset-1\"><div class=\"vc_column-inner vc_custom_1522313763149\"><div class=\"wpb_wrapper\"><header class=\"kd-section-title col-lg-12 text-left solid-line sep-border-width-2\" ><h2 class=\"separator_on\" >Live-Kalender<\/h2><div class=\"kd-separator below_title\" ><div class=\"kd-separator-line\" ><\/div><\/div><\/header>\n\t<div class=\"wpb_text_column wpb_content_element vc_custom_1730219744735\" >\n\t\t<div class=\"wpb_wrapper\">\n\t\t\t<ul>\n<li>Zeigt die Einreichungsdaten f\u00fcr alle USt-Erkl\u00e4rungen an<\/li>\n<li>Erm\u00f6glicht die Verfolgung des Fortschritts jeder Umsatzsteuerkl\u00e4rung von Anfang bis Ende<\/li>\n<li>Erm\u00f6glicht Ihnen die Verwaltung von Workflow-Priorit\u00e4ten, um sicherzustellen, dass jede Steuererkl\u00e4rung immer rechtzeitig eingereicht wird.<\/li>\n<\/ul>\n\n\t\t<\/div>\n\t<\/div>\n<a href=\"https:\/\/share.hsforms.com\/1vXAa63F-SRq1_Iartn-7ow10teu\" target=\"_self\" title=\"\" class=\"tt_button    button-center\" rel=\"noopener\"><span class=\"prim_text\">Demo anfordern<\/span><span class=\"iconita\"><\/span><\/a><\/div><\/div><\/div><div class=\"wpb_column vc_column_container vc_col-sm-2 vc_hidden-md vc_hidden-sm vc_hidden-xs\"><div class=\"vc_column-inner\"><div class=\"wpb_wrapper\"><\/div><\/div><\/div><\/div><\/div><\/div><\/div><\/div><div class=\"vc_row-full-width vc_clearfix\"><\/div><div class=\"vc_row wpb_row vc_row-fluid\"><div class=\"wpb_column vc_column_container vc_col-sm-12\"><div class=\"vc_column-inner\"><div class=\"wpb_wrapper\"><h3 style=\"text-align: center\" class=\"vc_custom_heading vc_do_custom_heading\" >Andere Merkmale<\/h3><\/div><\/div><\/div><\/div><div class=\"vc_row wpb_row vc_row-fluid vc_custom_1730220612320 vc_row-has-padding-top vc_row-has-padding-bottom\"><div class=\"wpb_column vc_column_container vc_col-sm-12\"><div class=\"vc_column-inner vc_custom_1513687155962\"><div class=\"wpb_wrapper\"><div class=\"vc_row wpb_row vc_inner vc_row-fluid vc_custom_1730220666906 vc_row-has-padding-top\"><div class=\"wpb_column vc_column_container vc_col-sm-4\"><div class=\"vc_column-inner vc_custom_1513687148559\"><div class=\"wpb_wrapper\">\n\t<div class=\"wpb_text_column wpb_content_element\" >\n\t\t<div class=\"wpb_wrapper\">\n\t\t\t<h5>Erkl\u00e4rungen Geschichte<\/h5>\n<ul>\n<li>Sofortiger Zugriff auf alle historischen USt.-Erkl\u00e4rungen mit einem Mausklick<\/li>\n<li>Schneller \u00dcberblick \u00fcber Ein- und Ausg\u00e4nge<\/li>\n<li>M\u00f6glichkeit der Einsichtnahme in die detaillierten Abl\u00e4ufe hinter einer einzelnen Anmeldung<\/li>\n<li>Standardisierte Vorlage f\u00fcr die Anzeige der Berechnungen der Umsatzsteuereinhaltung, unabh\u00e4ngig von der jeweiligen Rechtsordnung<\/li>\n<li>Klare und einfache Erkl\u00e4rung Ihrer Umsatzsteuerekl\u00e4rung<\/li>\n<\/ul>\n\n\t\t<\/div>\n\t<\/div>\n<\/div><\/div><\/div><div class=\"wpb_column vc_column_container vc_col-sm-4\"><div class=\"vc_column-inner vc_custom_1730220882154\"><div class=\"wpb_wrapper\">\n\t<div class=\"wpb_text_column wpb_content_element\" >\n\t\t<div class=\"wpb_wrapper\">\n\t\t\t<h5>Kontoauszug<\/h5>\n<ul>\n<li>Verfolgung der Betr\u00e4ge, die den einzelnen Steuerbeh\u00f6rden geschuldet werden oder von ihnen zu zahlen sind<\/li>\n<li>Sichtbarkeit der f\u00e4lligen Zahlungen und Forderungen f\u00fcr Ihr Treasury- oder Finanzteam<\/li>\n<li>Vergleichen Sie Bilanzen zwischen Unternehmen und Rechtsordnungen, um sowohl die Umsatzsteuere- als auch die Cash-Flow-Planung zu unterst\u00fctzen.<\/li>\n<\/ul>\n\n\t\t<\/div>\n\t<\/div>\n<\/div><\/div><\/div><div class=\"wpb_column vc_column_container vc_col-sm-4\"><div class=\"vc_column-inner vc_custom_1513687225918\"><div class=\"wpb_wrapper\">\n\t<div class=\"wpb_text_column wpb_content_element\" >\n\t\t<div class=\"wpb_wrapper\">\n\t\t\t<h5>Analytik<\/h5>\n<ul>\n<li>Erstellen Sie visuelle Trendanalyseberichte<\/li>\n<li>W\u00e4hlen Sie aus einer Vielzahl von vordefinierten Berichten<\/li>\n<li>Darstellung von Trends bei der Umsatzsteuerekl\u00e4rung f\u00fcr verschiedene Verkaufs- und Kaufaktivit\u00e4ten, Rechtsordnungen und Unternehmen<\/li>\n<li>Erkennen Sie potenzielle Fehler, bevor sie gemeldet werden<\/li>\n<li>Zeigen Sie Ihrer lokalen Steuerverwaltung, dass Sie das Risiko der Einhaltung der Umsatzsteuere aktiv steuern.<\/li>\n<\/ul>\n\n\t\t<\/div>\n\t<\/div>\n<\/div><\/div><\/div><\/div><\/div><\/div><\/div><\/div><div data-vc-full-width=\"true\" data-vc-full-width-init=\"false\" class=\"vc_row wpb_row vc_row-fluid\"><div class=\"wpb_column vc_column_container vc_col-sm-12\"><div class=\"vc_column-inner\"><div class=\"wpb_wrapper\"><div class=\"kd-calltoaction no_icon\" >\n                <div class=\"container\"><div class=\"cta-text\">\n                        <h3 >Interessiert? Melden Sie sich bei uns!<\/h3>\n                        <p ><\/p>\n                    <\/div>\n                    <div class=\"cta-btncontainer\"><a href=\"https:\/\/share.hsforms.com\/1vXAa63F-SRq1_Iartn-7ow10teu\" title=\"\" class=\"tt_button   kd-animated zoomIn\" data-animation-delay=\"200\" target=\"_blank\" rel=\"noopener\">Kontakt<\/a><\/div>\n                <\/div>\n            <\/div><\/div><\/div><\/div><\/div><div class=\"vc_row-full-width vc_clearfix\"><\/div><div data-vc-full-width=\"true\" data-vc-full-width-init=\"false\" class=\"vc_row wpb_row vc_row-fluid vc_custom_1729779610734 vc_row-has-fill\"><div class=\"wpb_column vc_column_container vc_col-sm-12\"><div class=\"vc_column-inner vc_custom_1516008622141\"><div class=\"wpb_wrapper\"><div class=\"vc_row wpb_row vc_inner vc_row-fluid vc_custom_1729768829472 vc_row-has-padding-top vc_row-has-padding-bottom\"><div class=\"wpb_column vc_column_container vc_col-sm-4\"><div class=\"vc_column-inner\"><div class=\"wpb_wrapper\"><div class=\"key-icon-box icon-default icon-top cont-center with-border box-bg-image kd-animated fadeInUp\" style=\"background-image: url(https:\/\/meridianglobalservices.com\/wp-content\/uploads\/2024\/10\/reporting_1155x760-1024x674.jpg); \" ><a href=\"\/de\/ruckmeldungen-von-registrierungen\/\" target=\"_self\"><div class=\"ib-wrapper\"><i class=\"iconsmind-Notepad fa\" style=\" color: #FFFFFF;\"><\/i> <h3 class=\"service-heading\" style=\"color: #ffffff;\">Umsatzsteuerliche Registrierungen und Erkl\u00e4rungen<\/h3><p style=\"color: #ffffff;\">Mehr lesen<\/p><\/div><\/a><\/div><\/div><\/div><\/div><div class=\"wpb_column vc_column_container vc_col-sm-4\"><div class=\"vc_column-inner\"><div class=\"wpb_wrapper\"><div class=\"key-icon-box icon-default icon-top cont-center with-border box-bg-image kd-animated fadeInUp\" style=\"background-image: url(https:\/\/meridianglobalservices.com\/wp-content\/uploads\/2024\/10\/compliance_1155x760-1024x674.jpg); \" ><a href=\"\/de\/compliance\/\" target=\"_self\"><div class=\"ib-wrapper\"><i class=\"iconsmind-Headset fa\" style=\" color: #FFFFFF;\"><\/i> <h3 class=\"service-heading\" style=\"color: #ffffff;\">Compliance - Beratung zur Umsatzsteuer<\/h3><p style=\"color: #ffffff;\">Mehr lesen<\/p><\/div><\/a><\/div><\/div><\/div><\/div><div class=\"wpb_column vc_column_container vc_col-sm-4\"><div class=\"vc_column-inner\"><div class=\"wpb_wrapper\"><div class=\"key-icon-box icon-default icon-top cont-center with-border box-bg-image kd-animated fadeInUp\" style=\"background-image: url(https:\/\/meridianglobalservices.com\/wp-content\/uploads\/2024\/10\/reporting2_1155x760-1024x674.jpg); \" ><a href=\"\"><div class=\"ib-wrapper\"><i class=\"iconsmind-Computer fa\" style=\" color: #FFFFFF;\"><\/i> <h3 class=\"service-heading\" style=\"color: #ffffff;\">Einhaltung der Vorschriften \u2013 Meldeportal<\/h3><p style=\"color: #FFFFFF;\">Mehr lesen<\/p><\/div><\/a><\/div><\/div><\/div><\/div><\/div><\/div><\/div><\/div><\/div><div class=\"vc_row-full-width vc_clearfix\"><\/div>\n<\/div>","protected":false},"excerpt":{"rendered":"Visibility and ControlVat Compliance PlatformMeridian Global Services\u2019 web-based reporting portal Provides you with full visibility and control over VAT compliance activities, across your whole organisation Acts as [...]","protected":false},"author":239137920,"featured_media":0,"parent":0,"menu_order":0,"comment_status":"closed","ping_status":"closed","template":"","meta":{"_crdt_document":"","content-type":"","jetpack_post_was_ever_published":false,"footnotes":""},"class_list":["post-8821","page","type-page","status-publish","hentry"],"jetpack_likes_enabled":true,"jetpack_sharing_enabled":true,"jetpack_shortlink":"https:\/\/wp.me\/PfNysa-2ih","_links":{"self":[{"href":"https:\/\/meridianglobalservices.com\/de\/wp-json\/wp\/v2\/pages\/8821","targetHints":{"allow":["GET"]}}],"collection":[{"href":"https:\/\/meridianglobalservices.com\/de\/wp-json\/wp\/v2\/pages"}],"about":[{"href":"https:\/\/meridianglobalservices.com\/de\/wp-json\/wp\/v2\/types\/page"}],"author":[{"embeddable":true,"href":"https:\/\/meridianglobalservices.com\/de\/wp-json\/wp\/v2\/users\/239137920"}],"replies":[{"embeddable":true,"href":"https:\/\/meridianglobalservices.com\/de\/wp-json\/wp\/v2\/comments?post=8821"}],"version-history":[{"count":42,"href":"https:\/\/meridianglobalservices.com\/de\/wp-json\/wp\/v2\/pages\/8821\/revisions"}],"predecessor-version":[{"id":9849,"href":"https:\/\/meridianglobalservices.com\/de\/wp-json\/wp\/v2\/pages\/8821\/revisions\/9849"}],"wp:attachment":[{"href":"https:\/\/meridianglobalservices.com\/de\/wp-json\/wp\/v2\/media?parent=8821"}],"curies":[{"name":"wp","href":"https:\/\/api.w.org\/{rel}","templated":true}]}}