{"id":8998,"date":"2024-10-31T16:49:00","date_gmt":"2024-10-31T16:49:00","guid":{"rendered":"https:\/\/meridianglobalservices.com\/?page_id=8998"},"modified":"2025-11-03T14:46:35","modified_gmt":"2025-11-03T14:46:35","slug":"verwaltung-von-sap-steuerkennzeichen","status":"publish","type":"page","link":"https:\/\/meridianglobalservices.com\/de\/managing-sap-tax-codes\/","title":{"rendered":"Verwaltung von Steuerkennzeichen in SAP"},"content":{"rendered":"<div class=\"wpb-content-wrapper\"><div data-vc-full-width=\"true\" data-vc-full-width-init=\"false\" class=\"vc_row wpb_row vc_row-fluid vc_custom_1730393461764 vc_row-has-fill vc_row-has-padding-top vc_row-has-padding-bottom\"><div class=\"wpb_column vc_column_container vc_col-sm-6 vc_col-lg-6 vc_col-md-12 vc_col-xs-12\"><div class=\"vc_column-inner\"><div class=\"wpb_wrapper\"><header class=\"kd-section-title col-lg-12 text-left solid-line sep-border-width-2     vc_custom_1730393334568\" ><h2 class=\"separator_on\" style=\"color: #ffffff;\">Verwaltung von Steuerkennzeichen in SAP<\/h2><div class=\"kd-separator below_title\" ><div class=\"kd-separator-line\" style=\"border-color:#ffffff\"><\/div><\/div><\/header><\/div><\/div><\/div><div class=\"wpb_column vc_column_container vc_col-sm-2\"><div class=\"vc_column-inner\"><div class=\"wpb_wrapper\"><\/div><\/div><\/div><div class=\"wpb_column vc_column_container vc_col-sm-4 vc_col-lg-4 vc_col-md-12 vc_col-xs-12\"><div class=\"vc_column-inner vc_custom_1516103198991\"><div class=\"wpb_wrapper\"><\/div><\/div><\/div><\/div><div class=\"vc_row-full-width vc_clearfix\"><\/div><div class=\"vc_row wpb_row vc_row-fluid\"><div class=\"wpb_column vc_column_container vc_col-sm-12\"><div class=\"vc_column-inner\"><div class=\"wpb_wrapper\"><h2 style=\"color: #C4203B;text-align: center\" class=\"vc_custom_heading vc_do_custom_heading vc_custom_1730714547889\" >Was sind Steuerkennzeichen und wof\u00fcr werden sie verwendet?<\/h2><\/div><\/div><\/div><\/div><div class=\"vc_row wpb_row vc_row-fluid\"><div class=\"wpb_column vc_column_container vc_col-sm-12\"><div class=\"vc_column-inner\"><div class=\"wpb_wrapper\">\n\t<div class=\"wpb_text_column wpb_content_element\" >\n\t\t<div class=\"wpb_wrapper\">\n\t\t\t<h6 style=\"text-align: center;\">Die Meridian-Steuertechnologie vereinfacht die Verwaltung von Steuerkennzeichen in SAP und \u00fcberwindet die Einschr\u00e4nkungen der zweistelligen Steuerkennzeichen in SAP. Steuerkennzeichen in SAP erm\u00f6glichen es dem System, eine mehrwertsteuerliche Behandlung f\u00fcr Verkaufs- oder Einkaufstransaktionen zu bestimmen.  In SAP haben wir zweistellige Steuerkennzeichen.  Alle diese Steuerkennzeichen weisen bestimmte Steuerkennzeichen-Eigenschaften auf, wie z. B. das Meldeland f\u00fcr dieses bestimmte Steuerkennzeichen, den damit verbundenen Mehrwertsteuersatz und das f\u00fcr die EU-Verkaufsliste oder Intrastat relevante Steuerkennzeichen.<\/h6>\n\n\t\t<\/div>\n\t<\/div>\n<\/div><\/div><\/div><\/div><div data-vc-full-width=\"true\" data-vc-full-width-init=\"false\" class=\"vc_row wpb_row vc_row-fluid vc_custom_1513720369567 vc_row-has-padding-top vc_row-has-padding-bottom\"><div class=\"wpb_column vc_column_container vc_col-sm-6\"><div class=\"vc_column-inner vc_custom_1513768563230\"><div class=\"wpb_wrapper\"><div class=\"vc_row wpb_row vc_inner vc_row-fluid vc_custom_1513720363947 vc_row-has-padding-top\"><div class=\"wpb_column vc_column_container vc_col-sm-10\"><div class=\"vc_column-inner\"><div class=\"wpb_wrapper\"><header class=\"kd-section-title col-lg-12 text-left solid-line sep-border-width-2\" ><h2 class=\"separator_on\" >Warum die Verwaltung von Steuerkennzeichen in SAP eine Herausforderung ist<\/h2><div class=\"kd-separator below_title\" ><div class=\"kd-separator-line\" ><\/div><\/div><h6 class=\"subtitle\" >SAP-Steuerkennzeichen sind auf zwei Ziffern begrenzt. Jedes Mal, wenn sich der Mehrwertsteuersatz \u00e4ndert, m\u00fcssen Sie in SAP neue Steuerkennzeichen erstellen. Mit der Zeit k\u00f6nnen den Unternehmen die Steuerkennzeichen f\u00fcr neue Mehrwertsteuers\u00e4tze und neue Szenarien ausgehen.<\/h6><\/header><\/div><\/div><\/div><div class=\"wpb_column vc_column_container vc_col-sm-2\"><div class=\"vc_column-inner\"><div class=\"wpb_wrapper\"><\/div><\/div><\/div><\/div><\/div><\/div><\/div><div class=\"wpb_column vc_column_container vc_col-sm-6\"><div class=\"vc_column-inner vc_custom_1516104064807\"><div class=\"wpb_wrapper\"><div class=\"key-icon-box icon-default icon-left cont-left with-border box-bg-color\" style=\"background-color: transparent; \" ><div class=\"ib-wrapper\"><i class=\"fa\" style=\"font-size: 48px; \"><\/i> <h6 class=\"service-heading\" >Zweistellige Codes<\/h6><p >Die Verwaltung von Steuerkennzeichen in SAP kann sich langfristig als Herausforderung erweisen. Das liegt vor allem daran, dass SAP-Steuerkennzeichen auf zwei Ziffern beschr\u00e4nkt sind, also Buchstaben, Zahlen und einige Sonderzeichen enthalten.<\/p><\/div><\/div><div class=\"vc_empty_space\"   style=\"height: 30px\"><span class=\"vc_empty_space_inner\"><\/span><\/div><div class=\"key-icon-box icon-default icon-left cont-left with-border box-bg-color\" style=\"background-color: transparent; \" ><div class=\"ib-wrapper\"><i class=\"fa\" style=\"font-size: 48px; \"><\/i> <h6 class=\"service-heading\" >\u00c4nderungen der Mehrwertsteuers\u00e4tze<\/h6><p >Ein zus\u00e4tzliches Problem besteht darin, dass SAP bei jeder \u00c4nderung des Mehrwertsteuersatzes die Erstellung neuer Steuerkennzeichen verlangt, da jedes Steuerkennzeichen nur einen zugeh\u00f6rigen Mehrwertsteuersatz haben kann.<\/p><\/div><\/div><div class=\"vc_empty_space\"   style=\"height: 30px\"><span class=\"vc_empty_space_inner\"><\/span><\/div><div class=\"key-icon-box icon-default icon-left cont-left with-border box-bg-color\" style=\"background-color: transparent; \" ><div class=\"ib-wrapper\"><i class=\"fa\" style=\"font-size: 48px; \"><\/i> <h6 class=\"service-heading\" >Nicht gen\u00fcgend Steuerkennzeichen<\/h6><p >Bei Kunden, die ein sehr ausgereiftes SAP-System haben und in vielen verschiedenen L\u00e4ndern t\u00e4tig sind, ist es durchaus m\u00f6glich, dass ihnen mit der Zeit die Steuerkennzeichen f\u00fcr neue Mehrwertsteuers\u00e4tze und neue Szenarien ausgehen.<\/p><\/div><\/div><\/div><\/div><\/div><\/div><div class=\"vc_row-full-width vc_clearfix\"><\/div><div data-vc-full-width=\"true\" data-vc-full-width-init=\"false\" class=\"vc_row wpb_row vc_row-fluid vc_custom_1730719419027 vc_row-has-fill vc_row-has-padding-top vc_row-has-padding-bottom\"><div class=\"wpb_column vc_column_container vc_col-sm-12\"><div class=\"vc_column-inner vc_custom_1513687155962\"><div class=\"wpb_wrapper\"><div class=\"vc_row wpb_row vc_inner vc_row-fluid\"><div class=\"wpb_column vc_column_container vc_col-sm-4\"><div class=\"vc_column-inner\"><div class=\"wpb_wrapper\"><h2 style=\"font-size: 36px;color: #ffffff;text-align: left\" class=\"vc_custom_heading vc_do_custom_heading vc_custom_1730718989237\" >Wie einige Unternehmen versuchen, die Beschr\u00e4nkungen f\u00fcr SAP-Steuerkennzeichen zu umgehen<\/h2><\/div><\/div><\/div><div class=\"wpb_column vc_column_container vc_col-sm-8\"><div class=\"vc_column-inner\"><div class=\"wpb_wrapper\"><h6 style=\"color: #ffffff;text-align: left\" class=\"vc_custom_heading vc_do_custom_heading\" >Es gibt nicht sehr viele M\u00f6glichkeiten, diese Einschr\u00e4nkungen zu umgehen. Einige Unternehmen verwenden Sonderzeichen, aber das ist nicht besonders praktisch, vor allem wenn sie in einem internationalen Umfeld t\u00e4tig sind. Eine andere M\u00f6glichkeit besteht darin, ein Steuerverfahren zu erstellen oder zu ersetzen, aber das ist mit viel Arbeit verbunden, recht komplex und schafft eine Menge Instabilit\u00e4t f\u00fcr Unternehmen, die offen auf internationalen M\u00e4rkten t\u00e4tig sind.<\/h6><\/div><\/div><\/div><\/div><\/div><\/div><\/div><\/div><div class=\"vc_row-full-width vc_clearfix\"><\/div><div class=\"vc_row wpb_row vc_row-fluid vc_custom_1516103691991 vc_row-has-padding-top vc_row-has-padding-bottom\"><div class=\"wpb_column vc_column_container vc_col-sm-12\"><div class=\"vc_column-inner\"><div class=\"wpb_wrapper\"><div class=\"vc_row wpb_row vc_inner vc_row-fluid\"><div class=\"wpb_column vc_column_container vc_col-sm-3 vc_hidden-xs\"><div class=\"vc_column-inner\"><div class=\"wpb_wrapper\"><\/div><\/div><\/div><div class=\"wpb_column vc_column_container vc_col-sm-6\"><div class=\"vc_column-inner\"><div class=\"wpb_wrapper\"><div class=\"vc_empty_space\"   style=\"height: 25px\"><span class=\"vc_empty_space_inner\"><\/span><\/div><header class=\"kd-section-title col-lg-12 text-center\" ><h2 class=\"separator_off\" style=\"color: #C4203B;\">Die Meridian-L\u00f6sung<\/h2><\/header><\/div><\/div><\/div><div class=\"wpb_column vc_column_container vc_col-sm-3 vc_hidden-xs\"><div class=\"vc_column-inner\"><div class=\"wpb_wrapper\"><\/div><\/div><\/div><\/div><div class=\"vc_row wpb_row vc_inner vc_row-fluid vc_custom_1513705144894 vc_row-has-padding-top\"><div class=\"wpb_column vc_column_container vc_col-sm-12\"><div class=\"vc_column-inner\"><div class=\"wpb_wrapper\">\r\n            <div class=\"kd-process-steps process_three_elem process-checkbox-template\">\r\n                <ul>\r\n                <li class=\"pss-item\" >\r\n                    <div class=\"pss-container\" ><div class=\"pss-text-area\">\r\n                            <h4 >Mehrere Mehrwertsteuers\u00e4tze im gleichen Steuerkennzeichen<\/h4>\r\n                            <p >Um diese Einschr\u00e4nkungen zu umgehen, hat Meridian eine spezielle L\u00f6sung f\u00fcr Steuerkennzeichen entwickelt, bei der mehrere Mehrwertsteuers\u00e4tze innerhalb desselben Steuerkennzeichens verwendet werden.<\/p><\/div>\r\n                    <\/div>\r\n                <\/li>\r\n                <li class=\"pss-item\" >\r\n                    <div class=\"pss-container\" ><div class=\"pss-text-area\">\r\n                            <h4 >FV11 Konditionssatz \u00f6ffnen<\/h4>\r\n                            <p >Meridian macht dies m\u00f6glich, indem es die in SAP verborgene Funktionalit\u00e4t des Konditionssatzes FV 11 \u00f6ffnet. Mit dieser Funktionalit\u00e4t ist es m\u00f6glich, mehr als einen Satz pro Steuerkennzeichen mit zugeh\u00f6rigen G\u00fcltigkeitszeitr\u00e4umen zu pflegen.<\/p><\/div>\r\n                    <\/div>\r\n                <\/li>\r\n                <li class=\"pss-item\" >\r\n                    <div class=\"pss-container\" ><div class=\"pss-text-area\">\r\n                            <h4 >Keine Notwendigkeit f\u00fcr neue Steuerkennzeichen<\/h4>\r\n                            <p >Der Vorteil dieses Ansatzes besteht darin, dass nicht mehr bei jeder \u00c4nderung des Mehrwertsteuersatzes neue Steuerkennzeichen erstellt werden m\u00fcssen, so dass die Unternehmen in der Lage sind, ein sauberes Design eines Steuerverfahrens beizubehalten, und dar\u00fcber hinaus die mit der \u00c4nderung des Mehrwertsteuersatzes verbundenen IT-\u00c4nderungen minimal sind.<\/p><\/div>\r\n                    <\/div>\r\n                <\/li><\/ul>\r\n            <\/div><\/div><\/div><\/div><\/div><div class=\"vc_row wpb_row vc_inner vc_row-fluid\"><div class=\"wpb_column vc_column_container vc_col-sm-4 vc_hidden-xs\"><div class=\"vc_column-inner\"><div class=\"wpb_wrapper\"><\/div><\/div><\/div><div class=\"wpb_column vc_column_container vc_col-sm-4\"><div class=\"vc_column-inner\"><div class=\"wpb_wrapper\"><a  href=\"\/de\/kontakt-zu-meridian\/\"  target=\"_self\"  title=\"\" class=\"tt_button    button-center\" ><span class=\"prim_text\">Mehr Details erhalten<\/span><span class=\"iconita\"><\/span><\/a><\/div><\/div><\/div><div class=\"wpb_column vc_column_container vc_col-sm-4\"><div class=\"vc_column-inner\"><div class=\"wpb_wrapper\"><\/div><\/div><\/div><\/div><\/div><\/div><\/div><\/div><div data-vc-full-width=\"true\" data-vc-full-width-init=\"false\" data-vc-stretch-content=\"true\" class=\"vc_row wpb_row vc_row-fluid vc_custom_1730726647808 vc_row-has-fill vc_row-has-padding-bottom vc_row-no-padding\"><div class=\"wpb_column vc_column_container vc_col-sm-6 vc_col-lg-6 vc_col-md-12\"><div class=\"vc_column-inner\"><div class=\"wpb_wrapper\"><div class=\"vc_row wpb_row vc_inner vc_row-fluid vc_custom_1730726594252 vc_row-has-padding-top\"><div class=\"wpb_column vc_column_container vc_col-sm-3 vc_hidden-xs\"><div class=\"vc_column-inner\"><div class=\"wpb_wrapper\"><\/div><\/div><\/div><div class=\"wpb_column vc_column_container vc_col-sm-9\"><div class=\"vc_column-inner vc_custom_1730726492502\"><div class=\"wpb_wrapper\"><header class=\"kd-section-title col-lg-12 text-left solid-line sep-border-width-2\" ><h2 class=\"separator_on\" >Wer profitiert von der Meridian-L\u00f6sung und wie?<\/h2><div class=\"kd-separator below_title\" ><div class=\"kd-separator-line\" ><\/div><\/div><\/header><div class=\"vc_empty_space\"   style=\"height: 15px\"><span class=\"vc_empty_space_inner\"><\/span><\/div>\n\t<div class=\"wpb_text_column wpb_content_element\" >\n\t\t<div class=\"wpb_wrapper\">\n\t\t\t<ul>\n<li>Die Meridian-L\u00f6sung ist in erster Linie n\u00fctzlich f\u00fcr <a href=\"\/de\/kundengeschichten\/\">multinationale Unternehmen, die komplexe Operationen in mehreren EU-L\u00e4ndern haben<\/a> da diese Organisationen am wahrscheinlichsten keine Steuerkennzeichen mehr haben, insbesondere wenn sie \u00fcber ein ausgereiftes SAP-System verf\u00fcgen, das schon seit langem im Einsatz ist.<\/li>\n<li>Der Vorteil der Meridian-L\u00f6sung besteht darin, dass sie sich auf ein standardisiertes Design eines Steuerkennzeichnungsverfahrens verlassen k\u00f6nnen und sicher sein k\u00f6nnen, dass sie nicht jedes Mal, wenn sich der Mehrwertsteuersatz \u00e4ndert, neue Steuerkennzeichen erstellen m\u00fcssen oder sich Sorgen machen m\u00fcssen, dass ihnen der Code ausgeht.<\/li>\n<li>Ein weiterer Vorteil f\u00fcr die Mehrwertsteuer- und Steuerabteilung besteht darin, dass sie nicht mehr bei jeder \u00c4nderung des Mehrwertsteuersatzes die SAP-Codes \u00e4ndern muss, sondern solche \u00c4nderungen \u00fcber die <a href=\"\/de\/mehrwertsteuersatz\/\">Meridian VAT Add-on Cockpit<\/a>und m\u00fcssen daher nicht bei jeder \u00c4nderung des Mehrwertsteuersatzes einen \u00c4nderungsantrag stellen.<\/li>\n<\/ul>\n\n\t\t<\/div>\n\t<\/div>\n<\/div><\/div><\/div><\/div><\/div><\/div><\/div><div class=\"wpb_column vc_column_container vc_col-sm-6 vc_col-lg-6 vc_col-md-12\"><div class=\"vc_column-inner vc_custom_1522315574795\"><div class=\"wpb_wrapper\"><div class=\"vc_row wpb_row vc_inner vc_row-fluid vc_custom_1730726381779 vc_row-has-fill vc_row-has-padding-top vc_row-has-padding-bottom\"><div class=\"wpb_column vc_column_container vc_col-sm-12\"><div class=\"vc_column-inner vc_custom_1511789291663\"><div class=\"wpb_wrapper\"><div class=\"vc_empty_space\"   style=\"height: 100px\"><span class=\"vc_empty_space_inner\"><\/span><\/div><\/div><\/div><\/div><\/div><\/div><\/div><\/div><\/div><div class=\"vc_row-full-width vc_clearfix\"><\/div><div data-vc-full-width=\"true\" data-vc-full-width-init=\"false\" class=\"vc_row wpb_row vc_row-fluid vc_custom_1730726834321 vc_row-has-padding-top vc_row-has-padding-bottom\"><div class=\"wpb_column vc_column_container vc_col-sm-12\"><div class=\"vc_column-inner\"><div class=\"wpb_wrapper\"><div class=\"kd-calltoaction no_icon\" style=\"background-color: #D3D3D3;\">\n                <div class=\"container\"><div class=\"cta-text\">\n                        <h3 >Ben\u00f6tigen Sie weitere Details zur Verwaltung Ihrer SAP-Steuerkennzeichen?<\/h3>\n                        <p ><\/p>\n                    <\/div>\n                    <div class=\"cta-btncontainer\"><a href=\"https:\/\/meridianglobalservices.com\/de\/kontakt-zu-meridian\/\"  title=\"\" class=\"tt_button   kd-animated zoomIn\" data-animation-delay=\"200\">Kontakt<\/a><\/div>\n                <\/div>\n            <\/div><\/div><\/div><\/div><\/div><div class=\"vc_row-full-width vc_clearfix\"><\/div>\n<\/div>","protected":false},"excerpt":{"rendered":"Managing tax codes in SAPWhat are tax codes and what are they used for? Meridian tax technology simplifies managing tax codes in SAP and overcomes the limitations [...]","protected":false},"author":239137920,"featured_media":0,"parent":0,"menu_order":0,"comment_status":"closed","ping_status":"closed","template":"","meta":{"_crdt_document":"","content-type":"","footnotes":""},"class_list":["post-8998","page","type-page","status-publish","hentry"],"jetpack_likes_enabled":true,"jetpack_sharing_enabled":true,"jetpack_shortlink":"https:\/\/wp.me\/PfNysa-2l8","_links":{"self":[{"href":"https:\/\/meridianglobalservices.com\/de\/wp-json\/wp\/v2\/pages\/8998","targetHints":{"allow":["GET"]}}],"collection":[{"href":"https:\/\/meridianglobalservices.com\/de\/wp-json\/wp\/v2\/pages"}],"about":[{"href":"https:\/\/meridianglobalservices.com\/de\/wp-json\/wp\/v2\/types\/page"}],"author":[{"embeddable":true,"href":"https:\/\/meridianglobalservices.com\/de\/wp-json\/wp\/v2\/users\/239137920"}],"replies":[{"embeddable":true,"href":"https:\/\/meridianglobalservices.com\/de\/wp-json\/wp\/v2\/comments?post=8998"}],"version-history":[{"count":42,"href":"https:\/\/meridianglobalservices.com\/de\/wp-json\/wp\/v2\/pages\/8998\/revisions"}],"predecessor-version":[{"id":12487,"href":"https:\/\/meridianglobalservices.com\/de\/wp-json\/wp\/v2\/pages\/8998\/revisions\/12487"}],"wp:attachment":[{"href":"https:\/\/meridianglobalservices.com\/de\/wp-json\/wp\/v2\/media?parent=8998"}],"curies":[{"name":"wp","href":"https:\/\/api.w.org\/{rel}","templated":true}]}}