{"id":9436,"date":"2024-11-13T15:13:10","date_gmt":"2024-11-13T15:13:10","guid":{"rendered":"https:\/\/meridianglobalservices.com\/?page_id=9436"},"modified":"2024-11-14T14:34:05","modified_gmt":"2024-11-14T14:34:05","slug":"partner","status":"publish","type":"page","link":"https:\/\/meridianglobalservices.com\/de\/partners\/","title":{"rendered":"Partner"},"content":{"rendered":"<div class=\"wpb-content-wrapper\"><div data-vc-full-width=\"true\" data-vc-full-width-init=\"false\" class=\"vc_row wpb_row vc_row-fluid vc_custom_1731576298685 vc_row-has-fill vc_row-has-padding-top vc_row-has-padding-bottom\"><div class=\"wpb_column vc_column_container vc_col-sm-6 vc_col-lg-6 vc_col-md-12 vc_col-xs-12\"><div class=\"vc_column-inner\"><div class=\"wpb_wrapper\"><header class=\"kd-section-title col-lg-12 text-left solid-line sep-border-width-2     vc_custom_1731514504551\" ><h2 class=\"separator_on\" style=\"color: #ffffff;\">Partner<\/h2><div class=\"kd-separator below_title\" ><div class=\"kd-separator-line\" style=\"border-color:#ffffff\"><\/div><\/div><\/header><\/div><\/div><\/div><div class=\"wpb_column vc_column_container vc_col-sm-2\"><div class=\"vc_column-inner\"><div class=\"wpb_wrapper\"><\/div><\/div><\/div><div class=\"wpb_column vc_column_container vc_col-sm-4 vc_col-lg-4 vc_col-md-12 vc_col-xs-12\"><div class=\"vc_column-inner vc_custom_1516103198991\"><div class=\"wpb_wrapper\"><\/div><\/div><\/div><\/div><div class=\"vc_row-full-width vc_clearfix\"><\/div><div class=\"vc_row wpb_row vc_row-fluid vc_custom_1731514574095 vc_row-has-padding-top vc_row-has-padding-bottom\"><div class=\"wpb_column vc_column_container vc_col-sm-12\"><div class=\"vc_column-inner\"><div class=\"wpb_wrapper\">\n\t<div class=\"wpb_text_column wpb_content_element vc_custom_1731577549791\" >\n\t\t<div class=\"wpb_wrapper\">\n\t\t\t<h4 style=\"text-align: center;\">Gemeinsam konzentrieren wir uns weiterhin auf die Entwicklung innovativer Dienstleistungen.<br \/>\nDie Zusammenarbeit zwischen Meridian und seinen Gesch\u00e4ftspartnern bietet den Kunden erstklassige Dienstleistungen und L\u00f6sungen f\u00fcr die Mehrwertsteuerverwaltung.<\/h4>\n\n\t\t<\/div>\n\t<\/div>\n<\/div><\/div><\/div><\/div><div data-vc-full-width=\"true\" data-vc-full-width-init=\"false\" class=\"vc_row wpb_row vc_row-fluid\"><div class=\"wpb_column vc_column_container vc_col-sm-12\"><div class=\"vc_column-inner vc_custom_1515686533635\"><div class=\"wpb_wrapper\"><div class=\"vc_row wpb_row vc_inner vc_row-fluid vc_custom_1588087816449 vc_row-has-padding-top vc_row-has-padding-bottom\"><div class=\"wpb_column vc_column_container vc_col-sm-4\"><div class=\"vc_column-inner vc_custom_1515686553736\"><div class=\"wpb_wrapper\"><div class=\"kd-photobox\" ><div class=\"photobox-img\"><img loading=\"lazy\" decoding=\"async\" width=\"760\" height=\"520\" src=\"https:\/\/meridianglobalservices.com\/wp-content\/uploads\/2024\/11\/sap3_460x500.png\" class=\"attachment-full\" alt=\"\" title=\"sap3_460x500\" srcset=\"https:\/\/meridianglobalservices.com\/wp-content\/uploads\/2024\/11\/sap3_460x500.png 760w, https:\/\/meridianglobalservices.com\/wp-content\/uploads\/2024\/11\/sap3_460x500-300x205.png 300w\" sizes=\"auto, (max-width: 760px) 100vw, 760px\" data-attachment-id=\"9463\" data-permalink=\"https:\/\/meridianglobalservices.com\/de\/partners\/sap3_460x500\/\" data-orig-file=\"https:\/\/meridianglobalservices.com\/wp-content\/uploads\/2024\/11\/sap3_460x500.png\" data-orig-size=\"760,520\" data-comments-opened=\"1\" data-image-meta=\"{&quot;aperture&quot;:&quot;0&quot;,&quot;credit&quot;:&quot;&quot;,&quot;camera&quot;:&quot;&quot;,&quot;caption&quot;:&quot;&quot;,&quot;created_timestamp&quot;:&quot;0&quot;,&quot;copyright&quot;:&quot;&quot;,&quot;focal_length&quot;:&quot;0&quot;,&quot;iso&quot;:&quot;0&quot;,&quot;shutter_speed&quot;:&quot;0&quot;,&quot;title&quot;:&quot;&quot;,&quot;orientation&quot;:&quot;0&quot;}\" data-image-title=\"sap3_460x500\" data-image-description=\"\" data-image-caption=\"\" data-large-file=\"https:\/\/meridianglobalservices.com\/wp-content\/uploads\/2024\/11\/sap3_460x500.png\" \/><\/div><div class=\"phb-content text-left\" >\n                  <h4 >SAP<\/h4>\n                  <p >Meridian arbeitet eng mit SAP zusammen, um vollst\u00e4ndig konforme und automatisierte Steuerprozesse f\u00fcr alle SAP ECC und S\/4 HANA Systeme bereitzustellen. Die Arco-Anwendung von Meridian ist die erste und einzige SAP-zertifizierte europ\u00e4ische Steuerbestimmungsl\u00f6sung f\u00fcr BTP.<\/p><\/div><\/div><\/div><\/div><\/div><div class=\"wpb_column vc_column_container vc_col-sm-4\"><div class=\"vc_column-inner vc_custom_1515686561823\"><div class=\"wpb_wrapper\"><div class=\"kd-photobox\" ><div class=\"photobox-img\"><img loading=\"lazy\" decoding=\"async\" width=\"760\" height=\"520\" src=\"https:\/\/meridianglobalservices.com\/wp-content\/uploads\/2024\/11\/ey2_460x500.png\" class=\"attachment-full\" alt=\"\" title=\"ey2_460x500\" srcset=\"https:\/\/meridianglobalservices.com\/wp-content\/uploads\/2024\/11\/ey2_460x500.png 760w, https:\/\/meridianglobalservices.com\/wp-content\/uploads\/2024\/11\/ey2_460x500-300x205.png 300w\" sizes=\"auto, (max-width: 760px) 100vw, 760px\" data-attachment-id=\"9467\" data-permalink=\"https:\/\/meridianglobalservices.com\/de\/partners\/ey2_460x500\/\" data-orig-file=\"https:\/\/meridianglobalservices.com\/wp-content\/uploads\/2024\/11\/ey2_460x500.png\" data-orig-size=\"760,520\" data-comments-opened=\"1\" data-image-meta=\"{&quot;aperture&quot;:&quot;0&quot;,&quot;credit&quot;:&quot;&quot;,&quot;camera&quot;:&quot;&quot;,&quot;caption&quot;:&quot;&quot;,&quot;created_timestamp&quot;:&quot;0&quot;,&quot;copyright&quot;:&quot;&quot;,&quot;focal_length&quot;:&quot;0&quot;,&quot;iso&quot;:&quot;0&quot;,&quot;shutter_speed&quot;:&quot;0&quot;,&quot;title&quot;:&quot;&quot;,&quot;orientation&quot;:&quot;0&quot;}\" data-image-title=\"ey2_460x500\" data-image-description=\"\" data-image-caption=\"\" data-large-file=\"https:\/\/meridianglobalservices.com\/wp-content\/uploads\/2024\/11\/ey2_460x500.png\" \/><\/div><div class=\"phb-content text-left\" >\n                  <h4 >EY<\/h4>\n                  <p >Unser Ziel bei EY ist es, eine bessere Arbeitswelt zu schaffen. Die Erkenntnisse und Dienstleistungen, die wir anbieten, tragen dazu bei, langfristigen Wert f\u00fcr Kunden, Menschen und die Gesellschaft zu schaffen und Vertrauen in die Kapitalm\u00e4rkte aufzubauen.<\/p><\/div><\/div><\/div><\/div><\/div><div class=\"wpb_column vc_column_container vc_col-sm-4\"><div class=\"vc_column-inner vc_custom_1515686569416\"><div class=\"wpb_wrapper\"><div class=\"kd-photobox\" ><div class=\"photobox-img\"><img loading=\"lazy\" decoding=\"async\" width=\"760\" height=\"520\" src=\"https:\/\/meridianglobalservices.com\/wp-content\/uploads\/2024\/11\/pwc_460x500.png\" class=\"attachment-full\" alt=\"\" title=\"pwc_460x500\" srcset=\"https:\/\/meridianglobalservices.com\/wp-content\/uploads\/2024\/11\/pwc_460x500.png 760w, https:\/\/meridianglobalservices.com\/wp-content\/uploads\/2024\/11\/pwc_460x500-300x205.png 300w\" sizes=\"auto, (max-width: 760px) 100vw, 760px\" data-attachment-id=\"9470\" data-permalink=\"https:\/\/meridianglobalservices.com\/de\/partners\/pwc_460x500\/\" data-orig-file=\"https:\/\/meridianglobalservices.com\/wp-content\/uploads\/2024\/11\/pwc_460x500.png\" data-orig-size=\"760,520\" data-comments-opened=\"1\" data-image-meta=\"{&quot;aperture&quot;:&quot;0&quot;,&quot;credit&quot;:&quot;&quot;,&quot;camera&quot;:&quot;&quot;,&quot;caption&quot;:&quot;&quot;,&quot;created_timestamp&quot;:&quot;0&quot;,&quot;copyright&quot;:&quot;&quot;,&quot;focal_length&quot;:&quot;0&quot;,&quot;iso&quot;:&quot;0&quot;,&quot;shutter_speed&quot;:&quot;0&quot;,&quot;title&quot;:&quot;&quot;,&quot;orientation&quot;:&quot;0&quot;}\" data-image-title=\"pwc_460x500\" data-image-description=\"\" data-image-caption=\"\" data-large-file=\"https:\/\/meridianglobalservices.com\/wp-content\/uploads\/2024\/11\/pwc_460x500.png\" \/><\/div><div class=\"phb-content text-left\" >\n                  <h4 >PwC<\/h4>\n                  <p >Mit Niederlassungen in 156 L\u00e4ndern ist PwC ein f\u00fchrendes globales Netzwerk f\u00fcr professionelle Dienstleistungen. PwC unterst\u00fctzt Unternehmen und Privatpersonen bei der Schaffung der gew\u00fcnschten Werte, indem es Qualit\u00e4t in den Bereichen Wirtschaftspr\u00fcfung, Steuern und Beratung bietet.<\/p><\/div><\/div><\/div><\/div><\/div><\/div><div class=\"vc_row wpb_row vc_inner vc_row-fluid vc_custom_1588087780359 vc_row-has-padding-bottom\"><div class=\"wpb_column vc_column_container vc_col-sm-4\"><div class=\"vc_column-inner vc_custom_1515686553736\"><div class=\"wpb_wrapper\"><div class=\"kd-photobox\" ><div class=\"photobox-img\"><img loading=\"lazy\" decoding=\"async\" width=\"760\" height=\"520\" src=\"https:\/\/meridianglobalservices.com\/wp-content\/uploads\/2024\/11\/ryan2_460x500.png\" class=\"attachment-full\" alt=\"\" title=\"ryan2_460x500\" srcset=\"https:\/\/meridianglobalservices.com\/wp-content\/uploads\/2024\/11\/ryan2_460x500.png 760w, https:\/\/meridianglobalservices.com\/wp-content\/uploads\/2024\/11\/ryan2_460x500-300x205.png 300w\" sizes=\"auto, (max-width: 760px) 100vw, 760px\" data-attachment-id=\"9484\" data-permalink=\"https:\/\/meridianglobalservices.com\/de\/partners\/ryan2_460x500\/\" data-orig-file=\"https:\/\/meridianglobalservices.com\/wp-content\/uploads\/2024\/11\/ryan2_460x500.png\" data-orig-size=\"760,520\" data-comments-opened=\"1\" data-image-meta=\"{&quot;aperture&quot;:&quot;0&quot;,&quot;credit&quot;:&quot;&quot;,&quot;camera&quot;:&quot;&quot;,&quot;caption&quot;:&quot;&quot;,&quot;created_timestamp&quot;:&quot;0&quot;,&quot;copyright&quot;:&quot;&quot;,&quot;focal_length&quot;:&quot;0&quot;,&quot;iso&quot;:&quot;0&quot;,&quot;shutter_speed&quot;:&quot;0&quot;,&quot;title&quot;:&quot;&quot;,&quot;orientation&quot;:&quot;0&quot;}\" data-image-title=\"ryan2_460x500\" data-image-description=\"\" data-image-caption=\"\" data-large-file=\"https:\/\/meridianglobalservices.com\/wp-content\/uploads\/2024\/11\/ryan2_460x500.png\" \/><\/div><div class=\"phb-content text-left\" >\n                  <h4 >Ryan<\/h4>\n                  <p >Ryan ist ein preisgekr\u00f6ntes, weltweit t\u00e4tiges Steuerberatungsunternehmen, das durch hervorragenden Kundenservice, Innovation am Arbeitsplatz und Mitarbeiterentwicklung internationale Anerkennung und Marktf\u00fchrerschaft erreicht hat.<\/p><\/div><\/div><\/div><\/div><\/div><div class=\"wpb_column vc_column_container vc_col-sm-4\"><div class=\"vc_column-inner vc_custom_1515686561823\"><div class=\"wpb_wrapper\"><div class=\"kd-photobox\" ><div class=\"photobox-img\"><img loading=\"lazy\" decoding=\"async\" width=\"760\" height=\"520\" src=\"https:\/\/meridianglobalservices.com\/wp-content\/uploads\/2024\/11\/bdo_460x500.png\" class=\"attachment-full\" alt=\"\" title=\"bdo_460x500\" srcset=\"https:\/\/meridianglobalservices.com\/wp-content\/uploads\/2024\/11\/bdo_460x500.png 760w, https:\/\/meridianglobalservices.com\/wp-content\/uploads\/2024\/11\/bdo_460x500-300x205.png 300w\" sizes=\"auto, (max-width: 760px) 100vw, 760px\" data-attachment-id=\"9486\" data-permalink=\"https:\/\/meridianglobalservices.com\/de\/partners\/bdo_460x500\/\" data-orig-file=\"https:\/\/meridianglobalservices.com\/wp-content\/uploads\/2024\/11\/bdo_460x500.png\" data-orig-size=\"760,520\" data-comments-opened=\"1\" data-image-meta=\"{&quot;aperture&quot;:&quot;0&quot;,&quot;credit&quot;:&quot;&quot;,&quot;camera&quot;:&quot;&quot;,&quot;caption&quot;:&quot;&quot;,&quot;created_timestamp&quot;:&quot;0&quot;,&quot;copyright&quot;:&quot;&quot;,&quot;focal_length&quot;:&quot;0&quot;,&quot;iso&quot;:&quot;0&quot;,&quot;shutter_speed&quot;:&quot;0&quot;,&quot;title&quot;:&quot;&quot;,&quot;orientation&quot;:&quot;0&quot;}\" data-image-title=\"bdo_460x500\" data-image-description=\"\" data-image-caption=\"\" data-large-file=\"https:\/\/meridianglobalservices.com\/wp-content\/uploads\/2024\/11\/bdo_460x500.png\" \/><\/div><div class=\"phb-content text-left\" >\n                  <h4 >BDO<\/h4>\n                  <p >BDO LLP ist ein wichtiges Mitglied des globalen BDO-Netzwerks von Wirtschaftspr\u00fcfungs-, Steuerberatungs- und Beratungsunternehmen. Das globale Netzwerk von BDO bietet Unternehmensberatungsdienste in 164 L\u00e4ndern mit 1.710 B\u00fcros weltweit an.<\/p><\/div><\/div><\/div><\/div><\/div><div class=\"wpb_column vc_column_container vc_col-sm-4\"><div class=\"vc_column-inner vc_custom_1515686569416\"><div class=\"wpb_wrapper\"><div class=\"kd-photobox\" ><div class=\"photobox-img\"><img loading=\"lazy\" decoding=\"async\" width=\"760\" height=\"520\" src=\"https:\/\/meridianglobalservices.com\/wp-content\/uploads\/2024\/11\/heyvat_460x500.png\" class=\"attachment-full\" alt=\"\" title=\"heyvat_460x500\" srcset=\"https:\/\/meridianglobalservices.com\/wp-content\/uploads\/2024\/11\/heyvat_460x500.png 760w, https:\/\/meridianglobalservices.com\/wp-content\/uploads\/2024\/11\/heyvat_460x500-300x205.png 300w\" sizes=\"auto, (max-width: 760px) 100vw, 760px\" data-attachment-id=\"9488\" data-permalink=\"https:\/\/meridianglobalservices.com\/de\/partners\/heyvat_460x500\/\" data-orig-file=\"https:\/\/meridianglobalservices.com\/wp-content\/uploads\/2024\/11\/heyvat_460x500.png\" data-orig-size=\"760,520\" data-comments-opened=\"1\" data-image-meta=\"{&quot;aperture&quot;:&quot;0&quot;,&quot;credit&quot;:&quot;&quot;,&quot;camera&quot;:&quot;&quot;,&quot;caption&quot;:&quot;&quot;,&quot;created_timestamp&quot;:&quot;0&quot;,&quot;copyright&quot;:&quot;&quot;,&quot;focal_length&quot;:&quot;0&quot;,&quot;iso&quot;:&quot;0&quot;,&quot;shutter_speed&quot;:&quot;0&quot;,&quot;title&quot;:&quot;&quot;,&quot;orientation&quot;:&quot;0&quot;}\" data-image-title=\"heyvat_460x500\" data-image-description=\"\" data-image-caption=\"\" data-large-file=\"https:\/\/meridianglobalservices.com\/wp-content\/uploads\/2024\/11\/heyvat_460x500.png\" \/><\/div><div class=\"phb-content text-left\" >\n                  <h4 >heyVAT<\/h4>\n                  <p >Bei hey VAT Consulting GmbH liegt unser steuertechnischer Schwerpunkt auf der Implementierung von Steuerermittlungsprodukten wie ERP Add-ons \/ Add-ins, Tax Engines oder nativer SAP Steuerermittlung. Wir wollen Unternehmen helfen, ihre Steuern effizient und effektiv zu verwalten. Ganz gleich, ob Sie Ihr Gesch\u00e4ft mit der Umsatzsteuer neu aufbauen oder ausbauen wollen, wir haben die Erfahrung und das Know-how, um Sie zu unterst\u00fctzen.<\/p><\/div><\/div><\/div><\/div><\/div><\/div><\/div><\/div><\/div><\/div><div class=\"vc_row-full-width vc_clearfix\"><\/div>\n<\/div>","protected":false},"excerpt":{"rendered":"Partners Working together, our continued focus is on creating innovative services. Collaboration between Meridian and its Business Partners provides customers with world class VAT management services and [...]","protected":false},"author":239137920,"featured_media":0,"parent":0,"menu_order":0,"comment_status":"closed","ping_status":"closed","template":"","meta":{"_crdt_document":"","content-type":"","footnotes":""},"class_list":["post-9436","page","type-page","status-publish","hentry"],"jetpack_likes_enabled":true,"jetpack_sharing_enabled":true,"jetpack_shortlink":"https:\/\/wp.me\/PfNysa-2sc","_links":{"self":[{"href":"https:\/\/meridianglobalservices.com\/de\/wp-json\/wp\/v2\/pages\/9436","targetHints":{"allow":["GET"]}}],"collection":[{"href":"https:\/\/meridianglobalservices.com\/de\/wp-json\/wp\/v2\/pages"}],"about":[{"href":"https:\/\/meridianglobalservices.com\/de\/wp-json\/wp\/v2\/types\/page"}],"author":[{"embeddable":true,"href":"https:\/\/meridianglobalservices.com\/de\/wp-json\/wp\/v2\/users\/239137920"}],"replies":[{"embeddable":true,"href":"https:\/\/meridianglobalservices.com\/de\/wp-json\/wp\/v2\/comments?post=9436"}],"version-history":[{"count":38,"href":"https:\/\/meridianglobalservices.com\/de\/wp-json\/wp\/v2\/pages\/9436\/revisions"}],"predecessor-version":[{"id":9494,"href":"https:\/\/meridianglobalservices.com\/de\/wp-json\/wp\/v2\/pages\/9436\/revisions\/9494"}],"wp:attachment":[{"href":"https:\/\/meridianglobalservices.com\/de\/wp-json\/wp\/v2\/media?parent=9436"}],"curies":[{"name":"wp","href":"https:\/\/api.w.org\/{rel}","templated":true}]}}