{"id":9941,"date":"2025-02-19T15:02:09","date_gmt":"2025-02-19T15:02:09","guid":{"rendered":"https:\/\/meridianglobalservices.com\/?page_id=9941"},"modified":"2025-04-04T11:19:06","modified_gmt":"2025-04-04T10:19:06","slug":"broschuren-downloads","status":"publish","type":"page","link":"https:\/\/meridianglobalservices.com\/de\/brochure-downloads\/","title":{"rendered":"Meridian Brosch\u00fcre Downloads"},"content":{"rendered":"<div class=\"wpb-content-wrapper\"><div data-vc-full-width=\"true\" data-vc-full-width-init=\"false\" class=\"vc_row wpb_row vc_row-fluid vc_custom_1739977315342 vc_row-has-fill vc_row-has-padding-top vc_row-has-padding-bottom\"><div class=\"wpb_column vc_column_container vc_col-sm-6 vc_col-lg-6 vc_col-md-12 vc_col-xs-12\"><div class=\"vc_column-inner\"><div class=\"wpb_wrapper\"><header class=\"kd-section-title col-lg-12 text-left solid-line sep-border-width-2     vc_custom_1739979123584\" ><h2 class=\"separator_on\" style=\"color: #ffffff;\">Meridian Brosch\u00fcre Downloads<\/h2><div class=\"kd-separator below_title\" ><div class=\"kd-separator-line\" style=\"border-color:#ffffff\"><\/div><\/div><h6 class=\"subtitle\" style=\"color: #ffffff;\">Klicken Sie hier, um die Brosch\u00fcre anzusehen<\/h6><\/header><\/div><\/div><\/div><div class=\"wpb_column vc_column_container vc_col-sm-2\"><div class=\"vc_column-inner\"><div class=\"wpb_wrapper\"><\/div><\/div><\/div><div class=\"wpb_column vc_column_container vc_col-sm-4 vc_col-lg-4 vc_col-md-12 vc_col-xs-12\"><div class=\"vc_column-inner vc_custom_1516103198991\"><div class=\"wpb_wrapper\"><\/div><\/div><\/div><\/div><div class=\"vc_row-full-width vc_clearfix\"><\/div><div data-vc-full-width=\"true\" data-vc-full-width-init=\"false\" class=\"vc_row wpb_row vc_row-fluid vc_custom_1739979139282 vc_row-has-padding-top vc_row-has-padding-bottom\"><div class=\"wpb_column vc_column_container vc_col-sm-6 vc_col-lg-6 vc_col-md-12\"><div class=\"vc_column-inner\"><div class=\"wpb_wrapper\"><div class=\"vc_row wpb_row vc_inner vc_row-fluid vc_custom_1513616990957\"><div class=\"wpb_column vc_column_container vc_col-sm-10 vc_col-lg-offset-0 vc_col-lg-10 vc_col-md-offset-1 vc_col-md-10 vc_col-sm-offset-1\"><div class=\"vc_column-inner vc_custom_1522313763149\"><div class=\"wpb_wrapper\"><header class=\"kd-section-title col-lg-12 text-left solid-line sep-border-width-2\" ><h2 class=\"separator_on\" style=\"color: #C4203B;\">ARCO<\/h2><div class=\"kd-separator below_title\" ><div class=\"kd-separator-line\" ><\/div><\/div><h6 class=\"subtitle\" >Steuerermittlung f\u00fcr das intelligente Unternehmen<\/h6><\/header><a href=\"https:\/\/1717734.fs1.hubspotusercontent-na1.net\/hubfs\/1717734\/Brochures\/ARCO-Brochure%20(11).pdf\" target=\"_self\" title=\"\" class=\"tt_button    button-center\" rel=\"noopener\"><span class=\"prim_text\">Englische Version<\/span><span class=\"iconita\"><\/span><\/a><div class=\"vc_empty_space\"   style=\"height: 20px\"><span class=\"vc_empty_space_inner\"><\/span><\/div><a href=\"https:\/\/1717734.fs1.hubspotusercontent-na1.net\/hubfs\/1717734\/Brochures\/ARCO-Brochure-DE%20(2).pdf\" target=\"_self\" title=\"\" class=\"tt_button    button-center\" rel=\"noopener\"><span class=\"prim_text\">Deutsche Fassung<\/span><span class=\"iconita\"><\/span><\/a><\/div><\/div><\/div><div class=\"wpb_column vc_column_container vc_col-sm-2 vc_hidden-md vc_hidden-sm vc_hidden-xs\"><div class=\"vc_column-inner\"><div class=\"wpb_wrapper\"><\/div><\/div><\/div><\/div><\/div><\/div><\/div><div class=\"wpb_column vc_column_container vc_col-sm-6 vc_col-lg-6 vc_col-md-12\"><div class=\"vc_column-inner vc_custom_1522313600017\"><div class=\"wpb_wrapper\">\n\t<div  class=\"wpb_single_image wpb_content_element vc_align_center wpb_content_element vc_custom_1739978674868\">\n\t\t\n\t\t<figure class=\"wpb_wrapper vc_figure\">\n\t\t\t<div class=\"vc_single_image-wrapper   vc_box_border_grey\"><img loading=\"lazy\" decoding=\"async\" width=\"800\" height=\"500\" src=\"https:\/\/meridianglobalservices.com\/wp-content\/uploads\/2025\/02\/arco_brochure_800x500.jpg\" class=\"vc_single_image-img attachment-full\" alt=\"\" title=\"arco_brochure_800x500\" srcset=\"https:\/\/meridianglobalservices.com\/wp-content\/uploads\/2025\/02\/arco_brochure_800x500.jpg 800w, https:\/\/meridianglobalservices.com\/wp-content\/uploads\/2025\/02\/arco_brochure_800x500-300x188.jpg 300w, https:\/\/meridianglobalservices.com\/wp-content\/uploads\/2025\/02\/arco_brochure_800x500-768x480.jpg 768w, https:\/\/meridianglobalservices.com\/wp-content\/uploads\/2025\/02\/arco_brochure_800x500-18x12.jpg 18w, https:\/\/meridianglobalservices.com\/wp-content\/uploads\/2025\/02\/arco_brochure_800x500-400x250.jpg?crop=1 400w\" sizes=\"auto, (max-width: 800px) 100vw, 800px\" data-attachment-id=\"9948\" data-permalink=\"https:\/\/meridianglobalservices.com\/de\/brochure-downloads\/arco_brochure_800x500\/\" data-orig-file=\"https:\/\/meridianglobalservices.com\/wp-content\/uploads\/2025\/02\/arco_brochure_800x500.jpg\" data-orig-size=\"800,500\" data-comments-opened=\"0\" data-image-meta=\"{&quot;aperture&quot;:&quot;0&quot;,&quot;credit&quot;:&quot;&quot;,&quot;camera&quot;:&quot;&quot;,&quot;caption&quot;:&quot;&quot;,&quot;created_timestamp&quot;:&quot;0&quot;,&quot;copyright&quot;:&quot;&quot;,&quot;focal_length&quot;:&quot;0&quot;,&quot;iso&quot;:&quot;0&quot;,&quot;shutter_speed&quot;:&quot;0&quot;,&quot;title&quot;:&quot;&quot;,&quot;orientation&quot;:&quot;1&quot;}\" data-image-title=\"arco_brochure_800x500\" data-image-description=\"\" data-image-caption=\"\" data-large-file=\"https:\/\/meridianglobalservices.com\/wp-content\/uploads\/2025\/02\/arco_brochure_800x500.jpg\" \/><\/div>\n\t\t<\/figure>\n\t<\/div>\n<\/div><\/div><\/div><\/div><div class=\"vc_row-full-width vc_clearfix\"><\/div><div data-vc-full-width=\"true\" data-vc-full-width-init=\"false\" class=\"vc_row wpb_row vc_row-fluid vc_custom_1739979159303 vc_row-has-padding-top vc_row-has-padding-bottom\"><div class=\"wpb_column vc_column_container vc_col-sm-6 vc_col-lg-6 vc_col-md-12\"><div class=\"vc_column-inner\"><div class=\"wpb_wrapper\"><div class=\"vc_row wpb_row vc_inner vc_row-fluid vc_custom_1513616990957\"><div class=\"wpb_column vc_column_container vc_col-sm-10 vc_col-lg-offset-0 vc_col-lg-10 vc_col-md-offset-1 vc_col-md-10 vc_col-sm-offset-1\"><div class=\"vc_column-inner vc_custom_1522313763149\"><div class=\"wpb_wrapper\"><header class=\"kd-section-title col-lg-12 text-left solid-line sep-border-width-2\" ><h2 class=\"separator_on\" style=\"color: #C4203B;\">Meridian VAT Add-on f\u00fcr SAP<\/h2><div class=\"kd-separator below_title\" ><div class=\"kd-separator-line\" ><\/div><\/div><h6 class=\"subtitle\" >Meridians VAT Add-on l\u00f6st alle bekannten Einschr\u00e4nkungen und Unzul\u00e4nglichkeiten bei der Umsatzsteuermittlung in SAP<\/h6><\/header><a href=\"https:\/\/1717734.fs1.hubspotusercontent-na1.net\/hubfs\/1717734\/Brochures\/VAT_ADD-ON_Brochure_sap_vat_determination.pdf\" target=\"_self\" title=\"\" class=\"tt_button    button-center\" rel=\"noopener\"><span class=\"prim_text\">Englische Version<\/span><span class=\"iconita\"><\/span><\/a><div class=\"vc_empty_space\"   style=\"height: 20px\"><span class=\"vc_empty_space_inner\"><\/span><\/div><a href=\"https:\/\/1717734.fs1.hubspotusercontent-na1.net\/hubfs\/1717734\/Brochures\/Meridian%2BVAT%2BAddon%2B-%2BDE%20(2).pdf\" target=\"_self\" title=\"\" class=\"tt_button    button-center\" rel=\"noopener\"><span class=\"prim_text\">Deutsche Fassung<\/span><span class=\"iconita\"><\/span><\/a><div class=\"vc_empty_space\"   style=\"height: 20px\"><span class=\"vc_empty_space_inner\"><\/span><\/div><a href=\"https:\/\/1717734.fs1.hubspotusercontent-na1.net\/hubfs\/1717734\/France\/Meridian%20VAT%20Add-on%20brochure%20FR%20(2).pdf\" target=\"_self\" title=\"\" class=\"tt_button    button-center\" rel=\"noopener\"><span class=\"prim_text\">Franz\u00f6sische Fassung<\/span><span class=\"iconita\"><\/span><\/a><\/div><\/div><\/div><div class=\"wpb_column vc_column_container vc_col-sm-2 vc_hidden-md vc_hidden-sm vc_hidden-xs\"><div class=\"vc_column-inner\"><div class=\"wpb_wrapper\"><\/div><\/div><\/div><\/div><\/div><\/div><\/div><div class=\"wpb_column vc_column_container vc_col-sm-6 vc_col-lg-6 vc_col-md-12\"><div class=\"vc_column-inner vc_custom_1522313600017\"><div class=\"wpb_wrapper\">\n\t<div  class=\"wpb_single_image wpb_content_element vc_align_center wpb_content_element vc_custom_1739979030328\">\n\t\t\n\t\t<figure class=\"wpb_wrapper vc_figure\">\n\t\t\t<div class=\"vc_single_image-wrapper   vc_box_border_grey\"><img loading=\"lazy\" decoding=\"async\" width=\"800\" height=\"500\" src=\"https:\/\/meridianglobalservices.com\/wp-content\/uploads\/2025\/02\/vataddon_brochure_800x500.jpg\" class=\"vc_single_image-img attachment-full\" alt=\"\" title=\"vataddon_brochure_800x500\" srcset=\"https:\/\/meridianglobalservices.com\/wp-content\/uploads\/2025\/02\/vataddon_brochure_800x500.jpg 800w, https:\/\/meridianglobalservices.com\/wp-content\/uploads\/2025\/02\/vataddon_brochure_800x500-300x188.jpg 300w, https:\/\/meridianglobalservices.com\/wp-content\/uploads\/2025\/02\/vataddon_brochure_800x500-768x480.jpg 768w, https:\/\/meridianglobalservices.com\/wp-content\/uploads\/2025\/02\/vataddon_brochure_800x500-18x12.jpg 18w, https:\/\/meridianglobalservices.com\/wp-content\/uploads\/2025\/02\/vataddon_brochure_800x500-400x250.jpg?crop=1 400w\" sizes=\"auto, (max-width: 800px) 100vw, 800px\" data-attachment-id=\"9952\" data-permalink=\"https:\/\/meridianglobalservices.com\/de\/brochure-downloads\/vataddon_brochure_800x500\/\" data-orig-file=\"https:\/\/meridianglobalservices.com\/wp-content\/uploads\/2025\/02\/vataddon_brochure_800x500.jpg\" data-orig-size=\"800,500\" data-comments-opened=\"0\" data-image-meta=\"{&quot;aperture&quot;:&quot;0&quot;,&quot;credit&quot;:&quot;&quot;,&quot;camera&quot;:&quot;&quot;,&quot;caption&quot;:&quot;&quot;,&quot;created_timestamp&quot;:&quot;0&quot;,&quot;copyright&quot;:&quot;&quot;,&quot;focal_length&quot;:&quot;0&quot;,&quot;iso&quot;:&quot;0&quot;,&quot;shutter_speed&quot;:&quot;0&quot;,&quot;title&quot;:&quot;&quot;,&quot;orientation&quot;:&quot;1&quot;}\" data-image-title=\"vataddon_brochure_800x500\" data-image-description=\"\" data-image-caption=\"\" data-large-file=\"https:\/\/meridianglobalservices.com\/wp-content\/uploads\/2025\/02\/vataddon_brochure_800x500.jpg\" \/><\/div>\n\t\t<\/figure>\n\t<\/div>\n<\/div><\/div><\/div><\/div><div class=\"vc_row-full-width vc_clearfix\"><\/div><div data-vc-full-width=\"true\" data-vc-full-width-init=\"false\" class=\"vc_row wpb_row vc_row-fluid vc_custom_1728314777617 vc_row-has-fill vc_row-has-padding-top vc_row-has-padding-bottom\"><div class=\"wpb_column vc_column_container vc_col-sm-6 vc_col-lg-6 vc_col-md-12\"><div class=\"vc_column-inner vc_custom_1522312130885\"><div class=\"wpb_wrapper\"><div class=\"vc_empty_space\"   style=\"height: 20px\"><span class=\"vc_empty_space_inner\"><\/span><\/div><p style=\"font-size: 42px;color: #ffffff;text-align: left\" class=\"vc_custom_heading vc_do_custom_heading vc_custom_1739979284483\" >Ben\u00f6tigen Sie weitere Informationen?<\/p><p style=\"font-size: 16px;color: #ffffff;text-align: left\" class=\"vc_custom_heading vc_do_custom_heading vc_custom_1739979347654\" >Sprechen Sie mit unseren Experten f\u00fcr Steuertechnologie, die Ihnen unsere L\u00f6sungen f\u00fcr die Steuerberechnung in SAP vorf\u00fchren und alle Ihre Fragen dazu beantworten k\u00f6nnen.<\/p><\/div><\/div><\/div><div class=\"wpb_column vc_column_container vc_col-sm-2\"><div class=\"vc_column-inner\"><div class=\"wpb_wrapper\"><\/div><\/div><\/div><div class=\"wpb_column vc_column_container vc_col-sm-4 vc_col-lg-4 vc_col-md-12\"><div class=\"vc_column-inner\"><div class=\"wpb_wrapper\"><h4 style=\"color: #ffffff;text-align: left\" class=\"vc_custom_heading vc_do_custom_heading\" >Sprechen Sie mit unseren Experten f\u00fcr Steuertechnologie<\/h4>\n\t<div class=\"wpb_text_column wpb_content_element\" >\n\t\t<div class=\"wpb_wrapper\">\n\t\t\t\n\t\t\t\t\t\t<script>\n\t\t\t\t\t\t\twindow.hsFormsOnReady = window.hsFormsOnReady || [];\n\t\t\t\t\t\t\twindow.hsFormsOnReady.push(()=>{\n\t\t\t\t\t\t\t\thbspt.forms.create({\n\t\t\t\t\t\t\t\t\tportalId: 1717734,\n\t\t\t\t\t\t\t\t\tformId: \"343e3457-037b-4598-8463-0de6593b9f91\",\n\t\t\t\t\t\t\t\t\ttarget: \"#hbspt-form-1776159536000-9933588577\",\n\t\t\t\t\t\t\t\t\tregion: \"na1\",\n\t\t\t\t\t\t\t\t\t\n\t\t\t\t\t\t\t})});\n\t\t\t\t\t\t<\/script>\n\t\t\t\t\t\t<div class=\"hbspt-form\" id=\"hbspt-form-1776159536000-9933588577\"><\/div>\n\n\t\t<\/div>\n\t<\/div>\n<\/div><\/div><\/div><\/div><div class=\"vc_row-full-width vc_clearfix\"><\/div>\n<\/div>","protected":false},"excerpt":{"rendered":"Meridian Brochure DownloadsClick to view the brochureARCOTax determination for the Intelligent EnterpriseEnglish versionGerman version Meridian VAT Add-on for SAPSolves all known limitations concerning VAT determination in SAPEnglish [...]","protected":false},"author":239137920,"featured_media":0,"parent":0,"menu_order":0,"comment_status":"closed","ping_status":"closed","template":"","meta":{"_crdt_document":"","content-type":"","footnotes":""},"class_list":["post-9941","page","type-page","status-publish","hentry"],"jetpack_likes_enabled":true,"jetpack_sharing_enabled":true,"jetpack_shortlink":"https:\/\/wp.me\/PfNysa-2Al","_links":{"self":[{"href":"https:\/\/meridianglobalservices.com\/de\/wp-json\/wp\/v2\/pages\/9941","targetHints":{"allow":["GET"]}}],"collection":[{"href":"https:\/\/meridianglobalservices.com\/de\/wp-json\/wp\/v2\/pages"}],"about":[{"href":"https:\/\/meridianglobalservices.com\/de\/wp-json\/wp\/v2\/types\/page"}],"author":[{"embeddable":true,"href":"https:\/\/meridianglobalservices.com\/de\/wp-json\/wp\/v2\/users\/239137920"}],"replies":[{"embeddable":true,"href":"https:\/\/meridianglobalservices.com\/de\/wp-json\/wp\/v2\/comments?post=9941"}],"version-history":[{"count":13,"href":"https:\/\/meridianglobalservices.com\/de\/wp-json\/wp\/v2\/pages\/9941\/revisions"}],"predecessor-version":[{"id":10321,"href":"https:\/\/meridianglobalservices.com\/de\/wp-json\/wp\/v2\/pages\/9941\/revisions\/10321"}],"wp:attachment":[{"href":"https:\/\/meridianglobalservices.com\/de\/wp-json\/wp\/v2\/media?parent=9941"}],"curies":[{"name":"wp","href":"https:\/\/api.w.org\/{rel}","templated":true}]}}