{"id":10561,"date":"2025-05-14T16:24:57","date_gmt":"2025-05-14T15:24:57","guid":{"rendered":"https:\/\/meridianglobalservices.com\/?page_id=10561"},"modified":"2026-03-27T12:01:45","modified_gmt":"2026-03-27T12:01:45","slug":"conformite","status":"publish","type":"page","link":"https:\/\/meridianglobalservices.com\/fr\/compliance\/","title":{"rendered":"Conformit\u00e9"},"content":{"rendered":"<div class=\"wpb-content-wrapper\"><div data-vc-full-width=\"true\" data-vc-full-width-init=\"false\" class=\"vc_row wpb_row vc_row-fluid vc_custom_1747236282624 vc_row-has-fill vc_row-has-padding-top vc_row-has-padding-bottom\"><div class=\"wpb_column vc_column_container vc_col-sm-6 vc_col-lg-6 vc_col-md-12 vc_col-xs-12\"><div class=\"vc_column-inner\"><div class=\"wpb_wrapper\"><header class=\"kd-section-title col-lg-12 text-left solid-line sep-border-width-2     vc_custom_1747236188163\" ><h2 class=\"separator_on\" style=\"color: #ffffff;\">Conformit\u00e9<\/h2><div class=\"kd-separator below_title\" ><div class=\"kd-separator-line\" style=\"border-color:#ffffff\"><\/div><\/div><h6 class=\"subtitle\" style=\"color: #ffffff;\">Les services de conformit\u00e9 TVA de Meridian fournissent les connaissances, les comp\u00e9tences et le soutien pratique dont votre entreprise a besoin pour g\u00e9rer les complexit\u00e9s et les risques associ\u00e9s \u00e0 l'enregistrement \u00e0 la TVA et \u00e0 la gestion des obligations de conformit\u00e9 et de d\u00e9claration TVA dans plusieurs juridictions.<\/h6><\/header><\/div><\/div><\/div><div class=\"wpb_column vc_column_container vc_col-sm-2\"><div class=\"vc_column-inner\"><div class=\"wpb_wrapper\"><\/div><\/div><\/div><div class=\"wpb_column vc_column_container vc_col-sm-4 vc_col-lg-4 vc_col-md-12 vc_col-xs-12\"><div class=\"vc_column-inner vc_custom_1516103198991\"><div class=\"wpb_wrapper\"><\/div><\/div><\/div><\/div><div class=\"vc_row-full-width vc_clearfix\"><\/div><div class=\"vc_row wpb_row vc_row-fluid\"><div class=\"wpb_column vc_column_container vc_col-sm-12\"><div class=\"vc_column-inner vc_custom_1729693184666\"><div class=\"wpb_wrapper\"><h2 style=\"color: #C4302B;text-align: center\" class=\"vc_custom_heading vc_do_custom_heading vc_custom_1747236394217\" >Les entreprises sont confront\u00e9es \u00e0 des d\u00e9fis consid\u00e9rables lorsqu'elles doivent se conformer aux exigences et r\u00e9glementations sp\u00e9cifiques \u00e0 chaque pays en mati\u00e8re de reporting.<\/h2><\/div><\/div><\/div><\/div><div data-vc-full-width=\"true\" data-vc-full-width-init=\"false\" class=\"vc_row wpb_row vc_row-fluid vc_custom_1516112546299 vc_row-has-fill vc_row-has-padding-top vc_row-has-padding-bottom\"><div class=\"wpb_column vc_column_container vc_col-sm-6\"><div class=\"vc_column-inner vc_custom_1513687960231\"><div class=\"wpb_wrapper\"><header class=\"kd-section-title col-lg-12 text-right\" ><h2 class=\"separator_off\" style=\"color: #C4203B;font-size: 42px;\">Services de conformit\u00e9<\/h2><\/header><div class=\"vc_row wpb_row vc_inner vc_row-fluid vc_custom_1513688171222\"><div class=\"wpb_column vc_column_container vc_col-sm-5 vc_hidden-sm vc_hidden-xs\"><div class=\"vc_column-inner\"><div class=\"wpb_wrapper\"><\/div><\/div><\/div><div class=\"wpb_column vc_column_container vc_col-sm-7\"><div class=\"vc_column-inner\"><div class=\"wpb_wrapper\"><h5 style=\"font-size: 16px;line-height: 1.6;text-align: right\" class=\"vc_custom_heading vc_do_custom_heading\" >Notre \u00e9quipe charg\u00e9e de la conformit\u00e9 veillera \u00e0 ce que votre entreprise, malgr\u00e9 les changements constants, reste en conformit\u00e9 avec la TVA.<\/h5><\/div><\/div><\/div><\/div><\/div><\/div><\/div><div class=\"wpb_column vc_column_container vc_col-sm-6\"><div class=\"vc_column-inner vc_custom_1513687965157\"><div class=\"wpb_wrapper\"><h5 style=\"font-size: 18px;line-height: 1.6;text-align: left\" class=\"vc_custom_heading vc_do_custom_heading vc_custom_1747238427776\" >Avec plus de 30 ans d'exp\u00e9rience dans le domaine de la TVA, notre \u00e9quipe charg\u00e9e de la conformit\u00e9 a acquis des connaissances pratiques qui permettent \u00e0 votre entreprise de rester en conformit\u00e9 dans plusieurs juridictions, r\u00e9duisant ainsi le risque de p\u00e9nalit\u00e9s et d'audits.<\/h5><\/div><\/div><\/div><\/div><div class=\"vc_row-full-width vc_clearfix\"><\/div><div data-vc-full-width=\"true\" data-vc-full-width-init=\"false\" class=\"vc_row wpb_row vc_row-fluid vc_custom_1747386952836 vc_row-has-padding-top vc_row-has-padding-bottom\"><div class=\"wpb_column vc_column_container vc_col-sm-6 vc_col-lg-6 vc_col-md-12\"><div class=\"vc_column-inner\"><div class=\"wpb_wrapper\"><div class=\"vc_row wpb_row vc_inner vc_row-fluid vc_custom_1513616990957\"><div class=\"wpb_column vc_column_container vc_col-sm-10 vc_col-lg-offset-0 vc_col-lg-10 vc_col-md-offset-1 vc_col-md-10 vc_col-sm-offset-1\"><div class=\"vc_column-inner vc_custom_1522313763149\"><div class=\"wpb_wrapper\"><header class=\"kd-section-title col-lg-12 text-left solid-line sep-border-width-2\" ><h2 class=\"separator_on\" >Processus complet de conformit\u00e9 \u00e0 la TVA<\/h2><div class=\"kd-separator below_title\" ><div class=\"kd-separator-line\" ><\/div><\/div><h6 class=\"subtitle\" >Les \u00e9l\u00e9ments cl\u00e9s des services de conformit\u00e9 \u00e0 la TVA de Meridian sont les suivants :<\/h6><\/header><\/div><\/div><\/div><div class=\"wpb_column vc_column_container vc_col-sm-2 vc_hidden-md vc_hidden-sm vc_hidden-xs\"><div class=\"vc_column-inner\"><div class=\"wpb_wrapper\"><\/div><\/div><\/div><\/div><div class=\"vc_row wpb_row vc_inner vc_row-fluid vc_custom_1513613877158\"><div class=\"wpb_column vc_column_container vc_col-sm-6 vc_col-lg-offset-0 vc_col-lg-6 vc_col-md-offset-1 vc_col-md-4 vc_col-xs-12\"><div class=\"vc_column-inner vc_custom_1522313756272\"><div class=\"wpb_wrapper\">\n\t<div class=\"wpb_text_column wpb_content_element\" >\n\t\t<div class=\"wpb_wrapper\">\n\t\t\t<ul>\n<li>Processus complet de conformit\u00e9 \u00e0 la TVA<\/li>\n<li>Enregistrement et mise en \u0153uvre<\/li>\n<li>Gestion des d\u00e9lais<\/li>\n<li>Modifications l\u00e9gislatives<\/li>\n<li>Intrastats<\/li>\n<\/ul>\n\n\t\t<\/div>\n\t<\/div>\n<\/div><\/div><\/div><div class=\"wpb_column vc_column_container vc_col-sm-6 vc_col-lg-6 vc_col-md-6 vc_col-xs-12\"><div class=\"vc_column-inner vc_custom_1522313619560\"><div class=\"wpb_wrapper\">\n\t<div class=\"wpb_text_column wpb_content_element\" >\n\t\t<div class=\"wpb_wrapper\">\n\t\t\t<ul>\n<li>D\u00e9clarations de TVA automatis\u00e9es<\/li>\n<li>Pr\u00e9paration des d\u00e9clarations<\/li>\n<li>D\u00e9clarations de TVA<\/li>\n<li>Remplissage num\u00e9rique<\/li>\n<li>Rapports en temps r\u00e9el<\/li>\n<li>Communication des autorit\u00e9s fiscales<\/li>\n<\/ul>\n\n\t\t<\/div>\n\t<\/div>\n<\/div><\/div><\/div><\/div><div class=\"vc_row wpb_row vc_inner vc_row-fluid vc_custom_1522314825805\"><div class=\"wpb_column vc_column_container vc_col-sm-12 vc_col-lg-offset-0 vc_col-md-offset-1 vc_col-sm-offset-0\"><div class=\"vc_column-inner vc_custom_1522314875519\"><div class=\"wpb_wrapper\"><a href=\"https:\/\/share.hsforms.com\/1vXAa63F-SRq1_Iartn-7ow10teu\" target=\"_self\" title=\"\" class=\"tt_button    pull-left\" rel=\"noopener\"><span class=\"prim_text\">Nous contacter<\/span><span class=\"iconita\"><\/span><\/a><\/div><\/div><\/div><\/div><\/div><\/div><\/div><div class=\"wpb_column vc_column_container vc_col-sm-6 vc_col-lg-6 vc_col-md-12\"><div class=\"vc_column-inner vc_custom_1522313600017\"><div class=\"wpb_wrapper\">\n\t<div  class=\"wpb_single_image wpb_content_element vc_align_center wpb_content_element vc_custom_1515593353352\">\n\t\t\n\t\t<figure class=\"wpb_wrapper vc_figure\">\n\t\t\t<div class=\"vc_single_image-wrapper vc_box_shadow  vc_box_border_grey\"><img decoding=\"async\"  src=\"https:\/\/www.leadengine-wp.com\/wp-content\/uploads\/2018\/01\/img3.jpg\" class=\"vc_single_image-img\" loading=\"lazy\"\" \/><\/div>\n\t\t<\/figure>\n\t<\/div>\n<\/div><\/div><\/div><\/div><div class=\"vc_row-full-width vc_clearfix\"><\/div><div data-vc-full-width=\"true\" data-vc-full-width-init=\"false\" class=\"vc_row wpb_row vc_row-fluid vc_custom_1747387047873 vc_row-has-padding-top\"><div class=\"wpb_column vc_column_container vc_col-sm-12\"><div class=\"vc_column-inner vc_custom_1515752234075\"><div class=\"wpb_wrapper\"><header class=\"kd-section-title vc_col-lg-6 vc_col-sm-8 text-center solid-line sep-border-width-2     vc_custom_1747386859211\" ><h2 class=\"separator_on\" >Le processus de conformit\u00e9 \u00e0 la TVA et comment Meridian peut vous aider<\/h2><div class=\"kd-separator below_title\" ><div class=\"kd-separator-line\" ><\/div><\/div><\/header><div class=\"vc_row wpb_row vc_inner vc_row-fluid vc_custom_1747386721381 vc_row-has-padding-bottom vc_column-gap-30\"><div class=\"wpb_column vc_column_container vc_col-sm-6\"><div class=\"vc_column-inner vc_custom_1515752244122\"><div class=\"wpb_wrapper\"><div  class=\"vc_do_toggle vc_toggle vc_toggle_default vc_toggle_color_default  vc_toggle_size_md\"><div class=\"vc_toggle_title\"><h4>1. Enregistrement et mise en \u0153uvre<\/h4><i class=\"vc_toggle_icon\"><\/i><\/div><div class=\"vc_toggle_content\"><p>Nous aidons nos clients \u00e0 d\u00e9terminer dans quels pays ils doivent \u00eatre enregistr\u00e9s \u00e0 la TVA et les guidons tout au long du processus d'obtention d'un num\u00e9ro de TVA (y compris la repr\u00e9sentation fiscale si n\u00e9cessaire). Nous fournissons des informations actualis\u00e9es sur les obligations d\u00e9claratives et aidons les entreprises \u00e0 surmonter les difficult\u00e9s qu'elles peuvent rencontrer pour obtenir les donn\u00e9es obligatoires sp\u00e9cifiques \u00e0 chaque pays.<\/p>\n<\/div><\/div><div  class=\"vc_do_toggle vc_toggle vc_toggle_default vc_toggle_color_default  vc_toggle_size_md\"><div class=\"vc_toggle_title\"><h4>2. Gestion des d\u00e9lais<\/h4><i class=\"vc_toggle_icon\"><\/i><\/div><div class=\"vc_toggle_content\"><p>Nos clients se voient attribuer un gestionnaire de compte qui les informe des \u00e9ch\u00e9ances \u00e0 venir et surveille quotidiennement le statut de chaque d\u00e9claration. Notre objectif principal est de respecter ces \u00e9ch\u00e9ances. \u00c0 cette fin, nous proposons des solutions pratiques pour surmonter les difficult\u00e9s que nos clients peuvent rencontrer, minimisant ainsi le risque de p\u00e9nalit\u00e9s et d'int\u00e9r\u00eats. Nous fournissons des instructions de paiement pr\u00e9cises qui permettent d'effectuer les paiements dans les d\u00e9lais l\u00e9gaux et conform\u00e9ment aux exigences sp\u00e9cifiques de chaque pays.<\/p>\n<\/div><\/div><div  class=\"vc_do_toggle vc_toggle vc_toggle_default vc_toggle_color_default  vc_toggle_size_md\"><div class=\"vc_toggle_title\"><h4>3. Pr\u00e9paration automatis\u00e9e des d\u00e9clarations de TVA<\/h4><i class=\"vc_toggle_icon\"><\/i><\/div><div class=\"vc_toggle_content\"><p>Our compliance team can work with reports from any ERP\/accounting system and we will analyse your data to set up automatic declaration preparation. Our automated solution has been customised to meet specific country and declaration requirements, ensuring the accuracy of your data before submitting any required declarations. We perform automated reconciliations of values between declarations prior to filing.<\/p>\n<\/div><\/div><div  class=\"vc_do_toggle vc_toggle vc_toggle_default vc_toggle_color_default  vc_toggle_size_md\"><div class=\"vc_toggle_title\"><h4>4. D\u00e9claration de TVA, remplissage num\u00e9rique et reporting en temps r\u00e9el<\/h4><i class=\"vc_toggle_icon\"><\/i><\/div><div class=\"vc_toggle_content\"><p>Nous soumettons toutes les d\u00e9clarations de TVA via les diff\u00e9rents m\u00e9canismes requis par les autorit\u00e9s fiscales dans les juridictions concern\u00e9es. Nous avons d\u00e9velopp\u00e9 un logiciel enti\u00e8rement conforme aux exigences de d\u00e9claration MTD du Royaume-Uni. Meridian prend \u00e9galement en charge la d\u00e9claration SII en Espagne, JPK en Pologne et SAF-T p\u00e9riodique dans tous les pays o\u00f9 elle a \u00e9t\u00e9 introduite. Nous avons mis en place la d\u00e9claration par t\u00e9l\u00e9chargement dans les pays qui facilitent cette option. Nous surveillons en permanence les changements li\u00e9s aux modifications des obligations de d\u00e9claration\/nouvelles obligations de d\u00e9claration afin de relever tous les d\u00e9fis auxquels les entreprises peuvent \u00eatre confront\u00e9es.<\/p>\n<\/div><\/div><\/div><\/div><\/div><div class=\"wpb_column vc_column_container vc_col-sm-6\"><div class=\"vc_column-inner vc_custom_1515752251971\"><div class=\"wpb_wrapper\"><div  class=\"vc_do_toggle vc_toggle vc_toggle_default vc_toggle_color_default  vc_toggle_size_md\"><div class=\"vc_toggle_title\"><h4>5. Intrastats<\/h4><i class=\"vc_toggle_icon\"><\/i><\/div><div class=\"vc_toggle_content\"><p>En raison des d\u00e9fis importants li\u00e9s au d\u00e9p\u00f4t des d\u00e9clarations Intrastat (d\u00e9lais serr\u00e9s, d\u00e9p\u00f4ts rejet\u00e9s en raison de donn\u00e9es incompl\u00e8tes ou de formats non valides) et des volumes importants de donn\u00e9es, nous avons d\u00e9velopp\u00e9 une solution automatis\u00e9e qui valide les codes des marchandises et les exigences sp\u00e9cifiques \u00e0 chaque pays afin de garantir une soumission correcte et dans les d\u00e9lais.<\/p>\n<\/div><\/div><div  class=\"vc_do_toggle vc_toggle vc_toggle_default vc_toggle_color_default  vc_toggle_size_md\"><div class=\"vc_toggle_title\"><h4>6. Communication des autorit\u00e9s fiscales<\/h4><i class=\"vc_toggle_icon\"><\/i><\/div><div class=\"vc_toggle_content\"><p>Gr\u00e2ce \u00e0 notre processus de v\u00e9rifications et de rapprochements automatis\u00e9s, nous r\u00e9duisons au minimum le nombre de demandes de renseignements adress\u00e9es \u00e0 nos clients. En cas de questions soulev\u00e9es par les autorit\u00e9s, nos \u00e9quipes exp\u00e9riment\u00e9es et multilingues traitent et r\u00e9solvent ces probl\u00e8mes avec les autorit\u00e9s fiscales de diff\u00e9rentes juridictions.<\/p>\n<\/div><\/div><div  class=\"vc_do_toggle vc_toggle vc_toggle_default vc_toggle_color_default  vc_toggle_size_md\"><div class=\"vc_toggle_title\"><h4>7. Modifications l\u00e9gislatives<\/h4><i class=\"vc_toggle_icon\"><\/i><\/div><div class=\"vc_toggle_content\"><p>La l\u00e9gislation en mati\u00e8re de TVA \u00e9voluant et changeant rapidement, nous surveillons et analysons quotidiennement les changements afin de tenir nos clients inform\u00e9s des derni\u00e8res r\u00e9glementations applicables \u00e0 leur activit\u00e9.<\/p>\n<\/div><\/div><\/div><\/div><\/div><\/div><\/div><\/div><\/div><\/div><div class=\"vc_row-full-width vc_clearfix\"><\/div><div class=\"vc_row wpb_row vc_row-fluid vc_custom_1747321707928 vc_row-has-padding-top vc_row-has-padding-bottom\"><div class=\"wpb_column vc_column_container vc_col-sm-3\"><div class=\"vc_column-inner\"><div class=\"wpb_wrapper\"><\/div><\/div><\/div><div class=\"wpb_column vc_column_container vc_col-sm-6\"><div class=\"vc_column-inner\"><div class=\"wpb_wrapper\"><header class=\"kd-section-title col-lg-12 text-center solid-line sep-border-width-2\" ><h2 class=\"separator_on\" >Nos points forts<\/h2><div class=\"kd-separator below_title\" ><div class=\"kd-separator-line\" ><\/div><\/div><h6 class=\"subtitle\" >Entour\u00e9 de personnes intelligentes et passionn\u00e9es, et disposant des meilleurs outils et approches \u00e0 votre disposition.<\/h6><\/header><\/div><\/div><\/div><div class=\"wpb_column vc_column_container vc_col-sm-3\"><div class=\"vc_column-inner\"><div class=\"wpb_wrapper\"><\/div><\/div><\/div><\/div><div class=\"vc_row wpb_row vc_row-fluid vc_custom_1516106273653 vc_row-has-padding-bottom\"><div class=\"wpb_column vc_column_container vc_col-sm-4\"><div class=\"vc_column-inner vc_custom_1513616340419\"><div class=\"wpb_wrapper\"><div class=\"vc_empty_space\"   style=\"height: 50px\"><span class=\"vc_empty_space_inner\"><\/span><\/div><div class=\"key-icon-box icon-default icon-top cont-right   kd-animated fadeInUp\" style=\"background-color: transparent; \" ><i class=\"iconsmind-Brush fa\" style=\" \"><\/i> <h4 class=\"service-heading\" >Professionnels exp\u00e9riment\u00e9s<\/h4><p >Certains de nos consultants ont plus de 30 ans d'exp\u00e9rience dans le domaine de la conformit\u00e9 \u00e0 la TVA.<\/p><\/div><div class=\"vc_empty_space\"   style=\"height: 50px\"><span class=\"vc_empty_space_inner\"><\/span><\/div><div class=\"key-icon-box icon-default icon-top cont-right   kd-animated fadeInUp\" style=\"background-color: transparent; \" data-animation-delay=\"200\"><i class=\"iconsmind-Security-Block fa\" style=\" \"><\/i> <h4 class=\"service-heading\" >Ax\u00e9 sur la TVA<\/h4><p >La TVA, c'est notre m\u00e9tier. Vous pouvez compter sur notre expertise approfondie.<\/p><\/div><div class=\"vc_empty_space\"   style=\"height: 50px\"><span class=\"vc_empty_space_inner\"><\/span><\/div><div class=\"key-icon-box icon-default icon-top cont-right   kd-animated fadeInUp\" style=\"background-color: transparent; \" data-animation-delay=\"200\"><i class=\"iconsmind-Add-UserStar fa\" style=\" \"><\/i> <h4 class=\"service-heading\" >Centr\u00e9 sur le client<\/h4><p >La satisfaction totale de nos clients est tr\u00e8s importante pour nous.<\/p><\/div><\/div><\/div><\/div><div class=\"wpb_column vc_column_container vc_col-sm-4\"><div class=\"vc_column-inner\"><div class=\"wpb_wrapper\">\n\t<div  class=\"wpb_single_image wpb_content_element vc_align_center wpb_content_element wpb_animate_when_almost_visible wpb_appear appear\">\n\t\t\n\t\t<figure class=\"wpb_wrapper vc_figure\">\n\t\t\t<div class=\"vc_single_image-wrapper   vc_box_border_grey\"><img loading=\"lazy\" decoding=\"async\" width=\"300\" height=\"500\" src=\"https:\/\/meridianglobalservices.com\/wp-content\/uploads\/2025\/05\/compliance_office_300x500.jpg\" class=\"vc_single_image-img attachment-full\" alt=\"\" title=\"compliance_office_300x500\" srcset=\"https:\/\/meridianglobalservices.com\/wp-content\/uploads\/2025\/05\/compliance_office_300x500.jpg 300w, https:\/\/meridianglobalservices.com\/wp-content\/uploads\/2025\/05\/compliance_office_300x500-180x300.jpg 180w, https:\/\/meridianglobalservices.com\/wp-content\/uploads\/2025\/05\/compliance_office_300x500-7x12.jpg 7w\" sizes=\"auto, (max-width: 300px) 100vw, 300px\" data-attachment-id=\"10607\" data-permalink=\"https:\/\/meridianglobalservices.com\/fr\/compliance\/compliance_office_300x500\/\" data-orig-file=\"https:\/\/meridianglobalservices.com\/wp-content\/uploads\/2025\/05\/compliance_office_300x500.jpg\" data-orig-size=\"300,500\" data-comments-opened=\"0\" data-image-meta=\"{&quot;aperture&quot;:&quot;0&quot;,&quot;credit&quot;:&quot;&quot;,&quot;camera&quot;:&quot;&quot;,&quot;caption&quot;:&quot;&quot;,&quot;created_timestamp&quot;:&quot;0&quot;,&quot;copyright&quot;:&quot;&quot;,&quot;focal_length&quot;:&quot;0&quot;,&quot;iso&quot;:&quot;0&quot;,&quot;shutter_speed&quot;:&quot;0&quot;,&quot;title&quot;:&quot;&quot;,&quot;orientation&quot;:&quot;1&quot;}\" data-image-title=\"compliance_office_300x500\" data-image-description=\"\" data-image-caption=\"\" data-medium-file=\"https:\/\/meridianglobalservices.com\/wp-content\/uploads\/2025\/05\/compliance_office_300x500-180x300.jpg\" data-large-file=\"https:\/\/meridianglobalservices.com\/wp-content\/uploads\/2025\/05\/compliance_office_300x500.jpg\" \/><\/div>\n\t\t<\/figure>\n\t<\/div>\n<\/div><\/div><\/div><div class=\"wpb_column vc_column_container vc_col-sm-4\"><div class=\"vc_column-inner vc_custom_1513616348927\"><div class=\"wpb_wrapper\"><div class=\"vc_empty_space\"   style=\"height: 50px\"><span class=\"vc_empty_space_inner\"><\/span><\/div><div class=\"key-icon-box icon-default icon-top cont-left   kd-animated fadeInUp\" style=\"background-color: transparent; \" ><i class=\"iconsmind-Settings-Window fa\" style=\" \"><\/i> <h4 class=\"service-heading\" >Processus automatis\u00e9s\/ax\u00e9s sur la technologie<\/h4><p >We use the latest technology and automation techniques.<\/p><\/div><div class=\"vc_empty_space\"   style=\"height: 50px\"><span class=\"vc_empty_space_inner\"><\/span><\/div><div class=\"key-icon-box icon-default icon-top cont-left   kd-animated fadeInUp\" style=\"background-color: transparent; \" data-animation-delay=\"200\"><i class=\"iconsmind-People-onCloud fa\" style=\" \"><\/i> <h4 class=\"service-heading\" >Approche pratique\/ax\u00e9e sur les solutions<\/h4><p >Notre approche est guid\u00e9e par le pragmatisme. Notre objectif est de fournir la solution de conformit\u00e9 parfaite.<\/p><\/div><\/div><\/div><\/div><\/div><div class=\"vc_row wpb_row vc_row-fluid\"><div class=\"wpb_column vc_column_container vc_col-sm-12\"><div class=\"vc_column-inner\"><div class=\"wpb_wrapper\"><div class=\"vc_separator wpb_content_element vc_separator_align_center vc_sep_width_100 vc_sep_pos_align_center vc_separator_no_text vc_sep_color_grey wpb_content_element  wpb_content_element\" ><span class=\"vc_sep_holder vc_sep_holder_l\"><span class=\"vc_sep_line\"><\/span><\/span><span class=\"vc_sep_holder vc_sep_holder_r\"><span class=\"vc_sep_line\"><\/span><\/span>\n<\/div><\/div><\/div><\/div><\/div><div class=\"vc_row wpb_row vc_row-fluid vc_custom_1761819715092 vc_row-has-padding-top vc_row-has-padding-bottom\"><div class=\"wpb_column vc_column_container vc_col-sm-12\"><div class=\"vc_column-inner\"><div class=\"wpb_wrapper\">\n\t<div class=\"wpb_text_column wpb_content_element\" >\n\t\t<div class=\"wpb_wrapper\">\n\t\t\t<h2 style=\"text-align: center;\">Administration fiscale et douani\u00e8re de Sa Majest\u00e9<\/h2>\n<h3 style=\"text-align: center;\">\u201cTrouver un logiciel pour la Making Tax Digital pour la TVA\u201d<\/h3>\n<p>Le logiciel Meridian MTD est int\u00e9gr\u00e9 dans une offre de services g\u00e9r\u00e9e de conformit\u00e9 \u00e0 la TVA, dans le cadre de laquelle nous proposons \u00e0 nos clients la soumission de leurs d\u00e9clarations de TVA \u00e0 HMRC en utilisant notre application de conformit\u00e9 \u00e0 la TVA sur mesure.<\/p>\n<p>Le logiciel Meridian MTD est reconnu par le HMRC.<\/p>\n<p><a href=\"https:\/\/www.tax.service.gov.uk\/making-tax-digital-software?_ga=2.6195253.766805739.1718629522-155794331.1717489447\" target=\"_blank\" rel=\"noopener\">Cliquez ici pour une liste des fournisseurs de logiciels MTD<\/a><\/p>\n\n\t\t<\/div>\n\t<\/div>\n<\/div><\/div><\/div><\/div><div class=\"vc_row wpb_row vc_row-fluid vc_custom_1770203929953 vc_row-has-fill vc_row-has-padding-bottom\"><div class=\"wpb_column vc_column_container vc_col-sm-12\"><div class=\"vc_column-inner\"><div class=\"wpb_wrapper\"><div class=\"vc_separator wpb_content_element vc_separator_align_center vc_sep_width_100 vc_sep_pos_align_center vc_separator_no_text vc_sep_color_grey wpb_content_element  wpb_content_element\" ><span class=\"vc_sep_holder vc_sep_holder_l\"><span class=\"vc_sep_line\"><\/span><\/span><span class=\"vc_sep_holder vc_sep_holder_r\"><span class=\"vc_sep_line\"><\/span><\/span>\n<\/div><\/div><\/div><\/div><\/div><div data-vc-full-width=\"true\" data-vc-full-width-init=\"false\" class=\"vc_row wpb_row vc_row-fluid vc_custom_1729697412028 vc_row-has-fill\"><div class=\"wpb_column vc_column_container vc_col-sm-12\"><div class=\"vc_column-inner vc_custom_1516095249080\"><div class=\"wpb_wrapper\"><div class=\"vc_row wpb_row vc_inner vc_row-fluid vc_custom_1729765284494 vc_row-has-padding-top vc_row-has-padding-bottom\"><div class=\"wpb_column vc_column_container vc_col-sm-6\"><div class=\"vc_column-inner vc_custom_1515166784808\"><div class=\"wpb_wrapper\"><header class=\"kd-section-title col-lg-12 text-left solid-line sep-border-width-2\" ><h2 class=\"separator_on\" style=\"color: #ffffff;\">Parlez \u00e0 nos consultants<\/h2><div class=\"kd-separator below_title\" ><div class=\"kd-separator-line\" style=\"border-color:#ffffff\"><\/div><\/div><h6 class=\"subtitle\" style=\"color: #ffffff;\">Contactez-nous si vous souhaitez que nos \u00e9quipes de conseil en mati\u00e8re de TVA offrent l'expertise dont votre entreprise a besoin pour identifier et g\u00e9rer les probl\u00e8mes de TVA internationale.<\/h6><\/header><\/div><\/div><\/div><div class=\"wpb_column vc_column_container vc_col-sm-2\"><div class=\"vc_column-inner\"><div class=\"wpb_wrapper\"><\/div><\/div><\/div><div class=\"wpb_column vc_column_container vc_col-sm-4\"><div class=\"vc_column-inner\"><div class=\"wpb_wrapper\"><h4 style=\"color: #ffffff;text-align: left\" class=\"vc_custom_heading vc_do_custom_heading\" >Envoyer un message<\/h4>\n\t<div class=\"wpb_text_column wpb_content_element\" >\n\t\t<div class=\"wpb_wrapper\">\n\t\t\t\n\t\t\t\t\t\t<script>\n\t\t\t\t\t\t\twindow.hsFormsOnReady = window.hsFormsOnReady || [];\n\t\t\t\t\t\t\twindow.hsFormsOnReady.push(()=>{\n\t\t\t\t\t\t\t\thbspt.forms.create({\n\t\t\t\t\t\t\t\t\tportalId: 1717734,\n\t\t\t\t\t\t\t\t\tformId: \"cfd7b457-29fd-4a91-a9b2-2d6b7009f5b9\",\n\t\t\t\t\t\t\t\t\ttarget: \"#hbspt-form-1775347263000-5129181144\",\n\t\t\t\t\t\t\t\t\tregion: \"na1\",\n\t\t\t\t\t\t\t\t\t\n\t\t\t\t\t\t\t})});\n\t\t\t\t\t\t<\/script>\n\t\t\t\t\t\t<div class=\"hbspt-form\" id=\"hbspt-form-1775347263000-5129181144\"><\/div>\n\n\t\t<\/div>\n\t<\/div>\n<\/div><\/div><\/div><\/div><\/div><\/div><\/div><\/div><div class=\"vc_row-full-width vc_clearfix\"><\/div>\n<\/div>","protected":false},"excerpt":{"rendered":"ComplianceMeridian VAT compliance services provide the knowledge, skills and practical support your business needs in managing the complexities and associated risks when registering for VAT and managing [...]","protected":false},"author":239137920,"featured_media":0,"parent":0,"menu_order":0,"comment_status":"closed","ping_status":"closed","template":"","meta":{"_crdt_document":"","content-type":"","jetpack_post_was_ever_published":false,"footnotes":""},"class_list":["post-10561","page","type-page","status-publish","hentry"],"jetpack_likes_enabled":true,"jetpack_sharing_enabled":true,"jetpack_shortlink":"https:\/\/wp.me\/PfNysa-2Kl","_links":{"self":[{"href":"https:\/\/meridianglobalservices.com\/fr\/wp-json\/wp\/v2\/pages\/10561","targetHints":{"allow":["GET"]}}],"collection":[{"href":"https:\/\/meridianglobalservices.com\/fr\/wp-json\/wp\/v2\/pages"}],"about":[{"href":"https:\/\/meridianglobalservices.com\/fr\/wp-json\/wp\/v2\/types\/page"}],"author":[{"embeddable":true,"href":"https:\/\/meridianglobalservices.com\/fr\/wp-json\/wp\/v2\/users\/239137920"}],"replies":[{"embeddable":true,"href":"https:\/\/meridianglobalservices.com\/fr\/wp-json\/wp\/v2\/comments?post=10561"}],"version-history":[{"count":48,"href":"https:\/\/meridianglobalservices.com\/fr\/wp-json\/wp\/v2\/pages\/10561\/revisions"}],"predecessor-version":[{"id":13690,"href":"https:\/\/meridianglobalservices.com\/fr\/wp-json\/wp\/v2\/pages\/10561\/revisions\/13690"}],"wp:attachment":[{"href":"https:\/\/meridianglobalservices.com\/fr\/wp-json\/wp\/v2\/media?parent=10561"}],"curies":[{"name":"wp","href":"https:\/\/api.w.org\/{rel}","templated":true}]}}