{"id":3302,"date":"2017-12-05T11:27:36","date_gmt":"2017-12-05T11:27:36","guid":{"rendered":"https:\/\/keydesign-themes.com\/leadengine\/?page_id=3302"},"modified":"2024-11-12T16:06:30","modified_gmt":"2024-11-12T16:06:30","slug":"conditions-generales","status":"publish","type":"page","link":"https:\/\/meridianglobalservices.com\/fr\/terms-and-conditions\/","title":{"rendered":"Conditions d'utilisation"},"content":{"rendered":"<div class=\"wpb-content-wrapper\"><div class=\"vc_row wpb_row vc_row-fluid\"><div class=\"wpb_column vc_column_container vc_col-sm-12 vc_hidden-lg vc_hidden-md\"><div class=\"vc_column-inner\"><div class=\"wpb_wrapper\"><div class=\"vc_empty_space\"   style=\"height: 50px\"><span class=\"vc_empty_space_inner\"><\/span><\/div><\/div><\/div><\/div><\/div><div class=\"vc_row wpb_row vc_row-fluid\"><div class=\"wpb_column vc_column_container vc_col-sm-8 vc_col-lg-8 vc_col-md-12 vc_col-xs-12\"><div class=\"vc_column-inner vc_custom_1519904242668\"><div class=\"wpb_wrapper\">\n\t<div class=\"wpb_text_column wpb_content_element\" >\n\t\t<div class=\"wpb_wrapper\">\n\t\t\t<h3>Exclusion de responsabilit\u00e9 :<\/h3>\n<p>Lors de la pr\u00e9paration de ce site, tous les efforts ont \u00e9t\u00e9 faits pour offrir l'information la plus actuelle, la plus correcte et la plus claire possible. N\u00e9anmoins, des erreurs involontaires peuvent se glisser dans les informations et celles-ci peuvent devenir obsol\u00e8tes. En particulier, mais sans limiter la port\u00e9e de ce qui pr\u00e9c\u00e8de, Meridian Global Services d\u00e9cline toute responsabilit\u00e9 en ce qui concerne les erreurs typographiques et l'exactitude ou l'actualit\u00e9 des informations pouvant figurer sur les pages web de Meridian Global Services. Meridian Global Services se r\u00e9serve \u00e9galement le droit d'apporter des modifications \u00e0 tout moment et sans pr\u00e9avis.<\/p>\n<p>Les informations et donn\u00e9es incluses ont \u00e9t\u00e9 compil\u00e9es par le personnel de Meridian Global Services \u00e0 partir de diverses sources et sont susceptibles d'\u00eatre modifi\u00e9es sans pr\u00e9avis. Meridian Global Services ne donne aucune garantie ni ne fait aucune d\u00e9claration concernant la qualit\u00e9, le contenu, l'exhaustivit\u00e9 ou l'ad\u00e9quation de ces informations et donn\u00e9es.<\/p>\n<p>Si des informations trompeuses, inexactes ou autrement inappropri\u00e9es sont port\u00e9es \u00e0 notre attention, un effort raisonnable sera fait pour les corriger ou les supprimer.<\/p>\n<p>Certains liens de ce site renvoient \u00e0 d'autres sites Web g\u00e9r\u00e9s par des tiers. Meridian ne se prononce pas sur l'exactitude ou tout autre aspect des informations contenues dans d'autres sites Web.<\/p>\n\n\t\t<\/div>\n\t<\/div>\n<\/div><\/div><\/div><div class=\"wpb_column vc_column_container vc_col-sm-4 vc_col-lg-4 vc_col-md-12 vc_col-xs-12\"><div class=\"vc_column-inner\"><div class=\"wpb_wrapper\"><div  class=\"wpb_widgetised_column wpb_content_element\">\n\t\t<div class=\"wpb_wrapper\">\n\t\t\t\n\t\t\t\n\t\t<\/div>\n\t<\/div>\n<\/div><\/div><\/div><\/div>\n<\/div>","protected":false},"excerpt":{"rendered":"Disclaimer of Liability: In preparation of this site, every effort has been made to offer the most current, correct, and clearly expressed information possible. Nevertheless, inadvertent errors [...]","protected":false},"author":239137920,"featured_media":0,"parent":0,"menu_order":0,"comment_status":"closed","ping_status":"closed","template":"","meta":{"_crdt_document":"","content-type":"","footnotes":""},"class_list":["post-3302","page","type-page","status-publish","hentry"],"jetpack_likes_enabled":true,"jetpack_sharing_enabled":true,"jetpack_shortlink":"https:\/\/wp.me\/PfNysa-Rg","_links":{"self":[{"href":"https:\/\/meridianglobalservices.com\/fr\/wp-json\/wp\/v2\/pages\/3302","targetHints":{"allow":["GET"]}}],"collection":[{"href":"https:\/\/meridianglobalservices.com\/fr\/wp-json\/wp\/v2\/pages"}],"about":[{"href":"https:\/\/meridianglobalservices.com\/fr\/wp-json\/wp\/v2\/types\/page"}],"author":[{"embeddable":true,"href":"https:\/\/meridianglobalservices.com\/fr\/wp-json\/wp\/v2\/users\/239137920"}],"replies":[{"embeddable":true,"href":"https:\/\/meridianglobalservices.com\/fr\/wp-json\/wp\/v2\/comments?post=3302"}],"version-history":[{"count":4,"href":"https:\/\/meridianglobalservices.com\/fr\/wp-json\/wp\/v2\/pages\/3302\/revisions"}],"predecessor-version":[{"id":9390,"href":"https:\/\/meridianglobalservices.com\/fr\/wp-json\/wp\/v2\/pages\/3302\/revisions\/9390"}],"wp:attachment":[{"href":"https:\/\/meridianglobalservices.com\/fr\/wp-json\/wp\/v2\/media?parent=3302"}],"curies":[{"name":"wp","href":"https:\/\/api.w.org\/{rel}","templated":true}]}}