{"id":4233,"date":"2017-12-18T13:03:52","date_gmt":"2017-12-18T13:03:52","guid":{"rendered":"https:\/\/keydesign-themes.com\/leadengine\/?page_id=4233"},"modified":"2024-11-13T09:51:47","modified_gmt":"2024-11-13T09:51:47","slug":"page-de-connexion","status":"publish","type":"page","link":"https:\/\/meridianglobalservices.com\/fr\/login-page\/","title":{"rendered":"Connexion client"},"content":{"rendered":"<div class=\"wpb-content-wrapper\"><div data-vc-full-width=\"true\" data-vc-full-width-init=\"false\" data-vc-stretch-content=\"true\" class=\"vc_row wpb_row vc_row-fluid vc_custom_1513602717797 vc_row-no-padding\"><div class=\"wpb_column vc_column_container vc_col-sm-6 vc_hidden-md vc_hidden-sm vc_hidden-xs vc_col-has-fill\"><div class=\"vc_column-inner vc_custom_1519833096903\"><div class=\"wpb_wrapper\"><\/div><\/div><\/div><div class=\"wpb_column vc_column_container vc_col-sm-6 vc_col-lg-6 vc_col-md-12\"><div class=\"vc_column-inner vc_custom_1519745014868\"><div class=\"wpb_wrapper\"><div class=\"vc_row wpb_row vc_inner vc_row-fluid\"><div class=\"wpb_column vc_column_container vc_col-sm-3\"><div class=\"vc_column-inner\"><div class=\"wpb_wrapper\"><\/div><\/div><\/div><div class=\"wpb_column vc_column_container vc_col-sm-6\"><div class=\"vc_column-inner vc_custom_1513603420834\"><div class=\"wpb_wrapper\"><div class=\"kd-text-rotator kd-rotatorid-69de19b4887dc text-left\"><div class=\"kd-text-rotator-container\"><h2 class=\"rotator-single kd-rotator-item-1\" style=\"\">Portail de d\u00e9claration en ligne<\/h2><h2 class=\"rotator-single kd-rotator-item-2\" style=\"\">Portail de conformit\u00e9 \u00e0 la TVA<\/h2><h2 class=\"rotator-single kd-rotator-item-3\" style=\"\">Tenez vos donn\u00e9es \u00e0 jour<\/h2><h2 class=\"rotator-single kd-rotator-item-4 last\" style=\"transition: all 0.5s 4.25s;\">Se connecter pour continuer<\/h2><\/div><\/div><\/div><\/div><\/div><div class=\"wpb_column vc_column_container vc_col-sm-3\"><div class=\"vc_column-inner\"><div class=\"wpb_wrapper\"><\/div><\/div><\/div><\/div><div class=\"vc_row wpb_row vc_inner vc_row-fluid vc_custom_1519833122783 vc_row-has-padding-bottom\"><div class=\"wpb_column vc_column_container vc_col-sm-3\"><div class=\"vc_column-inner\"><div class=\"wpb_wrapper\"><\/div><\/div><\/div><div class=\"wpb_column vc_column_container vc_col-sm-6\"><div class=\"vc_column-inner\"><div class=\"wpb_wrapper\"><h6 style=\"text-align: left\" class=\"vc_custom_heading vc_do_custom_heading vc_custom_1725360245580\" >PLATINUM PORTAL : ce portail en temps r\u00e9el et \u00e0 la demande facilite la gestion des d\u00e9lais de d\u00e9claration et des flux d'information, en offrant une visibilit\u00e9 totale sur l'ensemble des d\u00e9clarations de TVA, des formulaires et de la correspondance.<\/h6><a  href=\"https:\/\/platinum.meridianglobalservices.com\/\"  target=\"_self\"  title=\"\" class=\"tt_button    button-center\" ><span class=\"prim_text\">Se connecter ici<\/span><span class=\"iconita\"><\/span><\/a><\/div><\/div><\/div><div class=\"wpb_column vc_column_container vc_col-sm-3\"><div class=\"vc_column-inner\"><div class=\"wpb_wrapper\"><\/div><\/div><\/div><\/div><\/div><\/div><\/div><\/div><div class=\"vc_row-full-width vc_clearfix\"><\/div>\n<\/div>","protected":false},"excerpt":{"rendered":"Online Reporting PortalVAT Compliance PortalKeep up to date with your dataLogin to continuePLATINUM PORTAL: This on-demand, real-time portal facilitates the management of reporting deadlines and information workflows, [...]","protected":false},"author":239137920,"featured_media":0,"parent":0,"menu_order":0,"comment_status":"closed","ping_status":"closed","template":"","meta":{"_crdt_document":"","content-type":"","footnotes":""},"class_list":["post-4233","page","type-page","status-publish","hentry"],"jetpack_likes_enabled":true,"jetpack_sharing_enabled":true,"jetpack_shortlink":"https:\/\/wp.me\/PfNysa-16h","_links":{"self":[{"href":"https:\/\/meridianglobalservices.com\/fr\/wp-json\/wp\/v2\/pages\/4233","targetHints":{"allow":["GET"]}}],"collection":[{"href":"https:\/\/meridianglobalservices.com\/fr\/wp-json\/wp\/v2\/pages"}],"about":[{"href":"https:\/\/meridianglobalservices.com\/fr\/wp-json\/wp\/v2\/types\/page"}],"author":[{"embeddable":true,"href":"https:\/\/meridianglobalservices.com\/fr\/wp-json\/wp\/v2\/users\/239137920"}],"replies":[{"embeddable":true,"href":"https:\/\/meridianglobalservices.com\/fr\/wp-json\/wp\/v2\/comments?post=4233"}],"version-history":[{"count":6,"href":"https:\/\/meridianglobalservices.com\/fr\/wp-json\/wp\/v2\/pages\/4233\/revisions"}],"predecessor-version":[{"id":9404,"href":"https:\/\/meridianglobalservices.com\/fr\/wp-json\/wp\/v2\/pages\/4233\/revisions\/9404"}],"wp:attachment":[{"href":"https:\/\/meridianglobalservices.com\/fr\/wp-json\/wp\/v2\/media?parent=4233"}],"curies":[{"name":"wp","href":"https:\/\/api.w.org\/{rel}","templated":true}]}}