{"id":7249,"date":"2024-07-23T15:35:10","date_gmt":"2024-07-23T14:35:10","guid":{"rendered":"https:\/\/meridianglobalservices.com\/?page_id=7249"},"modified":"2025-03-27T13:34:18","modified_gmt":"2025-03-27T13:34:18","slug":"protection-des-donnees","status":"publish","type":"page","link":"https:\/\/meridianglobalservices.com\/fr\/data-protection\/","title":{"rendered":"Assistance et protection des donn\u00e9es"},"content":{"rendered":"<p>Si vous souhaitez parler \u00e0 un membre de Meridian Global Services au sujet d'une question d'actualit\u00e9, ou si vous avez besoin de plus amples informations sur les services que nous fournissons, veuillez contacter Meridian.<\/p>\n<p>Appeler : +353 (0) 1 459 0500<br \/>\nFax : +353 (0) 1 459 0540<\/p>\n<p>Courriel : info@meridianglobalservices.com<\/p>\n<p>Vous pouvez \u00e9galement contacter l'un de nos\u00a0<a href=\"https:\/\/meridianglobalservices.com\/fr\/contacter-le-meridien\/\" target=\"_blank\" rel=\"noopener\">bureaux mondiaux<\/a>.<\/p>\n<h5>Protection des donn\u00e9es<\/h5>\n<p>Pour toute question relative \u00e0 la protection des donn\u00e9es et au GDPR, veuillez contacter notre d\u00e9l\u00e9gu\u00e9 \u00e0 la protection des donn\u00e9es.<\/p>\n<p>Email:\u00a0dataprotectionofficer@meridianglobalservices.com<\/p>","protected":false},"excerpt":{"rendered":"<p>If you would like to speak to someone at Meridian Global Services about a current business issue, or if you require further information regarding the services we [&hellip;]<\/p>\n","protected":false},"author":239137920,"featured_media":0,"parent":0,"menu_order":0,"comment_status":"closed","ping_status":"closed","template":"","meta":{"_crdt_document":"","content-type":"","footnotes":""},"class_list":["post-7249","page","type-page","status-publish","hentry"],"jetpack_likes_enabled":true,"jetpack_sharing_enabled":true,"jetpack_shortlink":"https:\/\/wp.me\/PfNysa-1SV","_links":{"self":[{"href":"https:\/\/meridianglobalservices.com\/fr\/wp-json\/wp\/v2\/pages\/7249","targetHints":{"allow":["GET"]}}],"collection":[{"href":"https:\/\/meridianglobalservices.com\/fr\/wp-json\/wp\/v2\/pages"}],"about":[{"href":"https:\/\/meridianglobalservices.com\/fr\/wp-json\/wp\/v2\/types\/page"}],"author":[{"embeddable":true,"href":"https:\/\/meridianglobalservices.com\/fr\/wp-json\/wp\/v2\/users\/239137920"}],"replies":[{"embeddable":true,"href":"https:\/\/meridianglobalservices.com\/fr\/wp-json\/wp\/v2\/comments?post=7249"}],"version-history":[{"count":3,"href":"https:\/\/meridianglobalservices.com\/fr\/wp-json\/wp\/v2\/pages\/7249\/revisions"}],"predecessor-version":[{"id":10280,"href":"https:\/\/meridianglobalservices.com\/fr\/wp-json\/wp\/v2\/pages\/7249\/revisions\/10280"}],"wp:attachment":[{"href":"https:\/\/meridianglobalservices.com\/fr\/wp-json\/wp\/v2\/media?parent=7249"}],"curies":[{"name":"wp","href":"https:\/\/api.w.org\/{rel}","templated":true}]}}