{"id":7934,"date":"2024-09-02T12:03:05","date_gmt":"2024-09-02T11:03:05","guid":{"rendered":"https:\/\/meridianglobalservices.com\/?page_id=7934"},"modified":"2025-09-03T13:37:31","modified_gmt":"2025-09-03T12:37:31","slug":"equipe-de-direction","status":"publish","type":"page","link":"https:\/\/meridianglobalservices.com\/fr\/pages\/management-team\/","title":{"rendered":"Gestion"},"content":{"rendered":"<div class=\"wpb-content-wrapper\"><div data-vc-full-width=\"true\" data-vc-full-width-init=\"false\" class=\"vc_row wpb_row vc_row-fluid vc_custom_1515753562803 vc_row-has-fill vc_row-has-padding-top\"><div class=\"wpb_column vc_column_container vc_col-sm-12\"><div class=\"vc_column-inner vc_custom_1515753185470\"><div class=\"wpb_wrapper\"><header class=\"kd-section-title vc_col-lg-6 vc_col-sm-8 text-center solid-line sep-border-width-2     vc_custom_1754910931359\" ><h2 class=\"separator_on\" >Rencontrez l'\u00e9quipe de direction de Meridian<\/h2><div class=\"kd-separator below_title\" ><div class=\"kd-separator-line\" ><\/div><\/div><h6 class=\"subtitle\" >Faites connaissance avec notre \u00e9quipe de direction<\/h6><\/header><div class=\"vc_row wpb_row vc_inner vc_row-fluid vc_custom_1754918264471 vc_row-has-padding-bottom\"><div class=\"wpb_column vc_column_container vc_col-sm-4\"><div class=\"vc_column-inner vc_custom_1515753194795\"><div class=\"wpb_wrapper\"><div class=\"team-member design-classic\" >\r\n                    <div class=\"team-content\">\r\n                        <div class=\"team-image-overlay\"><\/div>\r\n                        <div class=\"team-image\"><img loading=\"lazy\" decoding=\"async\" width=\"1400\" height=\"1700\" src=\"https:\/\/meridianglobalservices.com\/wp-content\/uploads\/2025\/08\/mark_1400x700.jpg\" class=\"attachment-full\" alt=\"\" title=\"marque_1400x700\" srcset=\"https:\/\/meridianglobalservices.com\/wp-content\/uploads\/2025\/08\/mark_1400x700.jpg 1400w, https:\/\/meridianglobalservices.com\/wp-content\/uploads\/2025\/08\/mark_1400x700-247x300.jpg 247w, https:\/\/meridianglobalservices.com\/wp-content\/uploads\/2025\/08\/mark_1400x700-843x1024.jpg 843w, https:\/\/meridianglobalservices.com\/wp-content\/uploads\/2025\/08\/mark_1400x700-768x933.jpg 768w, https:\/\/meridianglobalservices.com\/wp-content\/uploads\/2025\/08\/mark_1400x700-1265x1536.jpg 1265w, https:\/\/meridianglobalservices.com\/wp-content\/uploads\/2025\/08\/mark_1400x700-10x12.jpg 10w\" sizes=\"auto, (max-width: 1400px) 100vw, 1400px\" data-attachment-id=\"11494\" data-permalink=\"https:\/\/meridianglobalservices.com\/fr\/pages\/management-team\/mark_1400x700\/\" data-orig-file=\"https:\/\/meridianglobalservices.com\/wp-content\/uploads\/2025\/08\/mark_1400x700.jpg\" data-orig-size=\"1400,1700\" data-comments-opened=\"0\" data-image-meta=\"{&quot;aperture&quot;:&quot;0&quot;,&quot;credit&quot;:&quot;&quot;,&quot;camera&quot;:&quot;&quot;,&quot;caption&quot;:&quot;&quot;,&quot;created_timestamp&quot;:&quot;0&quot;,&quot;copyright&quot;:&quot;&quot;,&quot;focal_length&quot;:&quot;0&quot;,&quot;iso&quot;:&quot;0&quot;,&quot;shutter_speed&quot;:&quot;0&quot;,&quot;title&quot;:&quot;&quot;,&quot;orientation&quot;:&quot;1&quot;}\" data-image-title=\"mark_1400x700\" data-image-description=\"\" data-image-caption=\"\" data-large-file=\"https:\/\/meridianglobalservices.com\/wp-content\/uploads\/2025\/08\/mark_1400x700-843x1024.jpg\" \/><\/div>\r\n                        <div class=\"team-content-text\" >\r\n                        <div class=\"team-content-text-inner\">\r\n                        <h4 >Mark O'Riordan<\/h4>\r\n                        <span class=\"team-subtitle\" >Pr\u00e9sident et directeur g\u00e9n\u00e9ral<\/span>\r\n                        <p >Mark a rejoint Meridian en 1998 et a \u00e9t\u00e9 nomm\u00e9 pr\u00e9sident-directeur g\u00e9n\u00e9ral en octobre 2004. Auparavant, il \u00e9tait directeur des op\u00e9rations chez BBL Finance Ireland, une banque d'affaires internationale.<\/p>\n<p>Depuis 1998, Mark a occup\u00e9 divers postes de direction au sein de Meridian, \u00e0 savoir directeur des op\u00e9rations, directeur g\u00e9n\u00e9ral pour l'Am\u00e9rique du Nord, directeur des services \u00e0 la client\u00e8le pour la r\u00e9gion EMEA et directeur des services aux entreprises. Mark a pris le poste de pr\u00e9sident-directeur g\u00e9n\u00e9ral en 2004.<\/p>\n<p>Mark est passionn\u00e9 par les activit\u00e9s de Meridian et incarne l'engagement de Meridian \u00e0 fournir des services de la plus haute qualit\u00e9 \u00e0 ses clients dans le monde entier. Mark est comptable agr\u00e9\u00e9 (FCA) et titulaire d'un MBA de l'Open University.<\/p><\/div>\r\n                        <div class=\"team-socials\"><a href=\"https:\/\/www.linkedin.com\/in\/mark-o-riordan-02a87611\/\" target=\"_blank\" rel=\"noopener\"><span class=\"fab fa-linkedin-in\" ><\/span><\/a><\/div>\r\n                    <\/div>\r\n                    <\/div>\r\n                <\/div><\/div><\/div><\/div><div class=\"wpb_column vc_column_container vc_col-sm-4\"><div class=\"vc_column-inner vc_custom_1515753201195\"><div class=\"wpb_wrapper\"><div class=\"team-member design-classic\" >\r\n                    <div class=\"team-content\">\r\n                        <div class=\"team-image-overlay\"><\/div>\r\n                        <div class=\"team-image\"><img loading=\"lazy\" decoding=\"async\" width=\"1400\" height=\"1700\" src=\"https:\/\/meridianglobalservices.com\/wp-content\/uploads\/2025\/08\/derek_1400x700.jpg\" class=\"attachment-full\" alt=\"\" title=\"derek_1400x700\" srcset=\"https:\/\/meridianglobalservices.com\/wp-content\/uploads\/2025\/08\/derek_1400x700.jpg 1400w, https:\/\/meridianglobalservices.com\/wp-content\/uploads\/2025\/08\/derek_1400x700-247x300.jpg 247w, https:\/\/meridianglobalservices.com\/wp-content\/uploads\/2025\/08\/derek_1400x700-843x1024.jpg 843w, https:\/\/meridianglobalservices.com\/wp-content\/uploads\/2025\/08\/derek_1400x700-768x933.jpg 768w, https:\/\/meridianglobalservices.com\/wp-content\/uploads\/2025\/08\/derek_1400x700-1265x1536.jpg 1265w, https:\/\/meridianglobalservices.com\/wp-content\/uploads\/2025\/08\/derek_1400x700-10x12.jpg 10w\" sizes=\"auto, (max-width: 1400px) 100vw, 1400px\" data-attachment-id=\"11488\" data-permalink=\"https:\/\/meridianglobalservices.com\/fr\/pages\/management-team\/derek_1400x700\/\" data-orig-file=\"https:\/\/meridianglobalservices.com\/wp-content\/uploads\/2025\/08\/derek_1400x700.jpg\" data-orig-size=\"1400,1700\" data-comments-opened=\"0\" data-image-meta=\"{&quot;aperture&quot;:&quot;0&quot;,&quot;credit&quot;:&quot;&quot;,&quot;camera&quot;:&quot;&quot;,&quot;caption&quot;:&quot;&quot;,&quot;created_timestamp&quot;:&quot;0&quot;,&quot;copyright&quot;:&quot;&quot;,&quot;focal_length&quot;:&quot;0&quot;,&quot;iso&quot;:&quot;0&quot;,&quot;shutter_speed&quot;:&quot;0&quot;,&quot;title&quot;:&quot;&quot;,&quot;orientation&quot;:&quot;1&quot;}\" data-image-title=\"derek_1400x700\" data-image-description=\"\" data-image-caption=\"\" data-large-file=\"https:\/\/meridianglobalservices.com\/wp-content\/uploads\/2025\/08\/derek_1400x700-843x1024.jpg\" \/><\/div>\r\n                        <div class=\"team-content-text\" >\r\n                        <div class=\"team-content-text-inner\">\r\n                        <h4 >Derek O'Brien<\/h4>\r\n                        <span class=\"team-subtitle\" >Chef de l'exploitation de la technologie fiscale<\/span>\r\n                        <p >Derek a \u00e9t\u00e9 nomm\u00e9 Chief Operating Officer Tax Technology en 2018 avec la responsabilit\u00e9 de diriger l'activit\u00e9 Tax Technology et continue d'\u00eatre responsable du Group Marketing au sein de Meridian. Derek a rejoint Meridian en mars 2001 et a occup\u00e9 plusieurs postes de direction au cours de son parcours chez Meridian et a \u00e9t\u00e9 impliqu\u00e9 dans le d\u00e9veloppement de nouveaux produits, les alliances strat\u00e9giques et la mise sur le march\u00e9.<\/p>\n<p>Depuis plus de 20 ans qu'il travaille pour Meridian, Derek a cultiv\u00e9 des relations solides et extr\u00eamement productives avec un grand nombre de nos clients et partenaires les plus strat\u00e9giques. Il a commenc\u00e9 sa carri\u00e8re chez certains des plus grands d\u00e9taillants irlandais, o\u00f9 il a occup\u00e9 plusieurs postes de gestion des op\u00e9rations. Derek est membre dipl\u00f4m\u00e9 du Marketing Institute of Ireland (MMII Grad).<\/p><\/div>\r\n                        <div class=\"team-socials\"><a href=\"https:\/\/www.linkedin.com\/in\/derekob\/\" target=\"_blank\" rel=\"noopener\"><span class=\"fab fa-linkedin-in\" ><\/span><\/a><\/div>\r\n                    <\/div>\r\n                    <\/div>\r\n                <\/div><\/div><\/div><\/div><div class=\"wpb_column vc_column_container vc_col-sm-4\"><div class=\"vc_column-inner vc_custom_1515753207107\"><div class=\"wpb_wrapper\"><div class=\"team-member design-classic\" >\r\n                    <div class=\"team-content\">\r\n                        <div class=\"team-image-overlay\"><\/div>\r\n                        <div class=\"team-image\"><img loading=\"lazy\" decoding=\"async\" width=\"1400\" height=\"1700\" src=\"https:\/\/meridianglobalservices.com\/wp-content\/uploads\/2025\/08\/michelle_1400x700.jpg\" class=\"attachment-full\" alt=\"\" title=\"michelle_1400x700\" srcset=\"https:\/\/meridianglobalservices.com\/wp-content\/uploads\/2025\/08\/michelle_1400x700.jpg 1400w, https:\/\/meridianglobalservices.com\/wp-content\/uploads\/2025\/08\/michelle_1400x700-247x300.jpg 247w, https:\/\/meridianglobalservices.com\/wp-content\/uploads\/2025\/08\/michelle_1400x700-843x1024.jpg 843w, https:\/\/meridianglobalservices.com\/wp-content\/uploads\/2025\/08\/michelle_1400x700-768x933.jpg 768w, https:\/\/meridianglobalservices.com\/wp-content\/uploads\/2025\/08\/michelle_1400x700-1265x1536.jpg 1265w, https:\/\/meridianglobalservices.com\/wp-content\/uploads\/2025\/08\/michelle_1400x700-10x12.jpg 10w\" sizes=\"auto, (max-width: 1400px) 100vw, 1400px\" data-attachment-id=\"11486\" data-permalink=\"https:\/\/meridianglobalservices.com\/fr\/pages\/management-team\/michelle_1400x700\/\" data-orig-file=\"https:\/\/meridianglobalservices.com\/wp-content\/uploads\/2025\/08\/michelle_1400x700.jpg\" data-orig-size=\"1400,1700\" data-comments-opened=\"0\" data-image-meta=\"{&quot;aperture&quot;:&quot;0&quot;,&quot;credit&quot;:&quot;&quot;,&quot;camera&quot;:&quot;&quot;,&quot;caption&quot;:&quot;&quot;,&quot;created_timestamp&quot;:&quot;0&quot;,&quot;copyright&quot;:&quot;&quot;,&quot;focal_length&quot;:&quot;0&quot;,&quot;iso&quot;:&quot;0&quot;,&quot;shutter_speed&quot;:&quot;0&quot;,&quot;title&quot;:&quot;&quot;,&quot;orientation&quot;:&quot;1&quot;}\" data-image-title=\"michelle_1400x700\" data-image-description=\"\" data-image-caption=\"\" data-large-file=\"https:\/\/meridianglobalservices.com\/wp-content\/uploads\/2025\/08\/michelle_1400x700-843x1024.jpg\" \/><\/div>\r\n                        <div class=\"team-content-text\" >\r\n                        <div class=\"team-content-text-inner\">\r\n                        <h4 >Michelle Lang<\/h4>\r\n                        <span class=\"team-subtitle\" >Directeur, Conseil international en mati\u00e8re de TVA<\/span>\r\n                        <p >Michelle a rejoint Meridian en 2013 et a progress\u00e9 au poste de directrice du conseil en mati\u00e8re de TVA en 2017. Michelle est responsable de la direction de l'activit\u00e9 de conseil en mati\u00e8re de TVA en soutenant et en aidant les clients de Meridian dans un large \u00e9ventail d'industries \u00e0 naviguer dans les lois complexes de l'UE en mati\u00e8re de TVA. Michelle et son \u00e9quipe fournissent des conseils d'experts en mati\u00e8re de TVA et des orientations pratiques sur toutes les questions relatives \u00e0 la TVA, y compris les questions de TVA d\u00e9coulant de cha\u00eenes d'approvisionnement complexes, la cartographie des flux de TVA, la gestion de la conformit\u00e9 \u00e0 la TVA pour les entreprises op\u00e9rant dans plusieurs juridictions de l'UE et la gestion des audits avec les autorit\u00e9s fiscales. En plus de superviser le conseil en mati\u00e8re de TVA, Michelle dirige depuis 2023 une \u00e9quipe de consultants sp\u00e9cialis\u00e9s dans la mise en \u0153uvre des produits de d\u00e9termination de la TVA de Meridian pour SAP ; VAT Add-On et Arco.<\/p>\n<p>Michelle a plus de 20 ans d'exp\u00e9rience en mati\u00e8re de TVA, ayant travaill\u00e9 chez Deloitte avant de rejoindre Meridian. Michelle est titulaire d'un dipl\u00f4me en finance et est membre qualifi\u00e9 de l'Institute of Taxation en Irlande.<\/p><\/div>\r\n                        <div class=\"team-socials\"><a href=\"https:\/\/www.linkedin.com\/in\/michelle-lang-44b07715\/\" target=\"_blank\" rel=\"noopener\"><span class=\"fab fa-linkedin-in\" ><\/span><\/a><\/div>\r\n                    <\/div>\r\n                    <\/div>\r\n                <\/div><\/div><\/div><\/div><\/div><div class=\"vc_row wpb_row vc_inner vc_row-fluid vc_custom_1515753290986 vc_row-has-padding-bottom\"><div class=\"wpb_column vc_column_container vc_col-sm-4\"><div class=\"vc_column-inner vc_custom_1515753194795\"><div class=\"wpb_wrapper\"><div class=\"team-member design-classic\" >\r\n                    <div class=\"team-content\">\r\n                        <div class=\"team-image-overlay\"><\/div>\r\n                        <div class=\"team-image\"><img loading=\"lazy\" decoding=\"async\" width=\"1400\" height=\"1700\" src=\"https:\/\/meridianglobalservices.com\/wp-content\/uploads\/2025\/08\/niall2_1400x700.jpg\" class=\"attachment-full\" alt=\"\" title=\"niall2_1400x700\" srcset=\"https:\/\/meridianglobalservices.com\/wp-content\/uploads\/2025\/08\/niall2_1400x700.jpg 1400w, https:\/\/meridianglobalservices.com\/wp-content\/uploads\/2025\/08\/niall2_1400x700-247x300.jpg 247w, https:\/\/meridianglobalservices.com\/wp-content\/uploads\/2025\/08\/niall2_1400x700-843x1024.jpg 843w, https:\/\/meridianglobalservices.com\/wp-content\/uploads\/2025\/08\/niall2_1400x700-768x933.jpg 768w, https:\/\/meridianglobalservices.com\/wp-content\/uploads\/2025\/08\/niall2_1400x700-1265x1536.jpg 1265w, https:\/\/meridianglobalservices.com\/wp-content\/uploads\/2025\/08\/niall2_1400x700-10x12.jpg 10w\" sizes=\"auto, (max-width: 1400px) 100vw, 1400px\" data-attachment-id=\"11492\" data-permalink=\"https:\/\/meridianglobalservices.com\/fr\/pages\/management-team\/niall2_1400x700\/\" data-orig-file=\"https:\/\/meridianglobalservices.com\/wp-content\/uploads\/2025\/08\/niall2_1400x700.jpg\" data-orig-size=\"1400,1700\" data-comments-opened=\"0\" data-image-meta=\"{&quot;aperture&quot;:&quot;0&quot;,&quot;credit&quot;:&quot;&quot;,&quot;camera&quot;:&quot;&quot;,&quot;caption&quot;:&quot;&quot;,&quot;created_timestamp&quot;:&quot;0&quot;,&quot;copyright&quot;:&quot;&quot;,&quot;focal_length&quot;:&quot;0&quot;,&quot;iso&quot;:&quot;0&quot;,&quot;shutter_speed&quot;:&quot;0&quot;,&quot;title&quot;:&quot;&quot;,&quot;orientation&quot;:&quot;1&quot;}\" data-image-title=\"niall2_1400x700\" data-image-description=\"\" data-image-caption=\"\" data-large-file=\"https:\/\/meridianglobalservices.com\/wp-content\/uploads\/2025\/08\/niall2_1400x700-843x1024.jpg\" \/><\/div>\r\n                        <div class=\"team-content-text\" >\r\n                        <div class=\"team-content-text-inner\">\r\n                        <h4 >Niall O'Riordan<\/h4>\r\n                        <span class=\"team-subtitle\" >Chef des finances<\/span>\r\n                        <p >Niall a rejoint Meridian en tant que directeur financier au d\u00e9but de l'ann\u00e9e 2024. \u00c0 ce titre, il dirige l'\u00e9quipe financi\u00e8re et supervise la strat\u00e9gie financi\u00e8re, les op\u00e9rations et la gouvernance afin de stimuler les performances de l'entreprise et d'assurer sa croissance \u00e0 long terme.<\/p>\n<p>Il a commenc\u00e9 sa carri\u00e8re chez BDO en 2014, o\u00f9 il a obtenu le titre d'expert-comptable. Apr\u00e8s sa qualification en 2019, Niall a rejoint ION Group, un groupe technologique avec $3 milliards de chiffre d'affaires et plus de 10 000 ETP, dont le si\u00e8ge est \u00e0 Dublin. Il y a occup\u00e9 plusieurs postes cl\u00e9s, notamment celui de responsable de la comptabilit\u00e9 des recettes et de responsable des processus financiers et de la gouvernance. Il a jou\u00e9 un r\u00f4le cl\u00e9 dans l'\u00e9mission d'obligations, l'\u00e9tablissement de rapports sur le march\u00e9 et la transformation financi\u00e8re.<\/p><\/div>\r\n                        <div class=\"team-socials\"><a href=\"https:\/\/www.linkedin.com\/in\/niall-o-riordan-6b6a54188\/\" target=\"_blank\" rel=\"noopener\"><span class=\"fab fa-linkedin-in\" ><\/span><\/a><\/div>\r\n                    <\/div>\r\n                    <\/div>\r\n                <\/div><\/div><\/div><\/div><div class=\"wpb_column vc_column_container vc_col-sm-4\"><div class=\"vc_column-inner vc_custom_1515753201195\"><div class=\"wpb_wrapper\"><\/div><\/div><\/div><div class=\"wpb_column vc_column_container vc_col-sm-4\"><div class=\"vc_column-inner vc_custom_1515753207107\"><div class=\"wpb_wrapper\"><\/div><\/div><\/div><\/div><\/div><\/div><\/div><\/div><div class=\"vc_row-full-width vc_clearfix\"><\/div>\n<\/div>","protected":false},"excerpt":{"rendered":"Meet Meridian's management teamGet to know the people behind Meridian. Mark O\u2019Riordan Chairman &amp; Chief Executive Mark joined Meridian in 1998 and was appointed Chairman and Chief [...]","protected":false},"author":239137920,"featured_media":0,"parent":6172,"menu_order":0,"comment_status":"closed","ping_status":"closed","template":"","meta":{"_crdt_document":"","content-type":"","footnotes":""},"class_list":["post-7934","page","type-page","status-publish","hentry"],"jetpack_likes_enabled":true,"jetpack_sharing_enabled":true,"jetpack_shortlink":"https:\/\/wp.me\/PfNysa-23Y","_links":{"self":[{"href":"https:\/\/meridianglobalservices.com\/fr\/wp-json\/wp\/v2\/pages\/7934","targetHints":{"allow":["GET"]}}],"collection":[{"href":"https:\/\/meridianglobalservices.com\/fr\/wp-json\/wp\/v2\/pages"}],"about":[{"href":"https:\/\/meridianglobalservices.com\/fr\/wp-json\/wp\/v2\/types\/page"}],"author":[{"embeddable":true,"href":"https:\/\/meridianglobalservices.com\/fr\/wp-json\/wp\/v2\/users\/239137920"}],"replies":[{"embeddable":true,"href":"https:\/\/meridianglobalservices.com\/fr\/wp-json\/wp\/v2\/comments?post=7934"}],"version-history":[{"count":39,"href":"https:\/\/meridianglobalservices.com\/fr\/wp-json\/wp\/v2\/pages\/7934\/revisions"}],"predecessor-version":[{"id":11790,"href":"https:\/\/meridianglobalservices.com\/fr\/wp-json\/wp\/v2\/pages\/7934\/revisions\/11790"}],"up":[{"embeddable":true,"href":"https:\/\/meridianglobalservices.com\/fr\/wp-json\/wp\/v2\/pages\/6172"}],"wp:attachment":[{"href":"https:\/\/meridianglobalservices.com\/fr\/wp-json\/wp\/v2\/media?parent=7934"}],"curies":[{"name":"wp","href":"https:\/\/api.w.org\/{rel}","templated":true}]}}