{"id":8821,"date":"2024-10-25T12:01:29","date_gmt":"2024-10-25T11:01:29","guid":{"rendered":"https:\/\/meridianglobalservices.com\/?page_id=8821"},"modified":"2025-02-13T16:45:52","modified_gmt":"2025-02-13T16:45:52","slug":"portail-de-signalement","status":"publish","type":"page","link":"https:\/\/meridianglobalservices.com\/fr\/reporting-portal\/","title":{"rendered":"Portail de signalement"},"content":{"rendered":"<div class=\"wpb-content-wrapper\"><div data-vc-full-width=\"true\" data-vc-full-width-init=\"false\" class=\"vc_row wpb_row vc_row-fluid vc_custom_1730216595452 vc_row-has-fill vc_row-has-padding-top vc_row-has-padding-bottom\"><div class=\"wpb_column vc_column_container vc_col-sm-6 vc_col-lg-6 vc_col-md-12 vc_col-xs-12\"><div class=\"vc_column-inner\"><div class=\"wpb_wrapper\"><header class=\"kd-section-title col-lg-12 text-left solid-line sep-border-width-2     vc_custom_1729854364090\" ><h2 class=\"separator_on\" style=\"color: #ffffff;\">Visibilit\u00e9 et contr\u00f4le<\/h2><div class=\"kd-separator below_title\" ><div class=\"kd-separator-line\" style=\"border-color:#ffffff\"><\/div><\/div><\/header><\/div><\/div><\/div><div class=\"wpb_column vc_column_container vc_col-sm-2\"><div class=\"vc_column-inner\"><div class=\"wpb_wrapper\"><\/div><\/div><\/div><div class=\"wpb_column vc_column_container vc_col-sm-4 vc_col-lg-4 vc_col-md-12 vc_col-xs-12\"><div class=\"vc_column-inner vc_custom_1516103198991\"><div class=\"wpb_wrapper\"><\/div><\/div><\/div><\/div><div class=\"vc_row-full-width vc_clearfix\"><\/div><div class=\"vc_row wpb_row vc_row-fluid\"><div class=\"wpb_column vc_column_container vc_col-sm-12\"><div class=\"vc_column-inner\"><div class=\"wpb_wrapper\"><h2 style=\"color: #C4203B;text-align: center\" class=\"vc_custom_heading vc_do_custom_heading vc_custom_1730217751898\" >Plateforme de conformit\u00e9 \u00e0 la TVA<\/h2><\/div><\/div><\/div><\/div><div data-vc-full-width=\"true\" data-vc-full-width-init=\"false\" class=\"vc_row wpb_row vc_row-fluid vc_custom_1516112546299 vc_row-has-fill vc_row-has-padding-top vc_row-has-padding-bottom\"><div class=\"wpb_column vc_column_container vc_col-sm-6\"><div class=\"vc_column-inner vc_custom_1513687960231\"><div class=\"wpb_wrapper\"><h3 style=\"text-align: left\" class=\"vc_custom_heading vc_do_custom_heading\" >Portail r\u00e9capitulatif des d\u00e9clarations de Meridian Global Services<\/h3>\n\t<div class=\"wpb_text_column wpb_content_element\" >\n\t\t<div class=\"wpb_wrapper\">\n\t\t\t<ul>\n<li>Vous offre une visibilit\u00e9 et un contr\u00f4le complets sur les activit\u00e9s de conformit\u00e9 \u00e0 la TVA, dans l'ensemble de votre organisation.<\/li>\n<li>Il vous permet d'acc\u00e9der \u00e0 toute une s\u00e9rie d'informations en temps r\u00e9el.<\/li>\n<li>Vous permet de g\u00e9rer votre conformit\u00e9 \u00e0 la TVA d'une mani\u00e8re qu'aucun autre syst\u00e8me ne permet.<\/li>\n<li>Facilite la gestion des d\u00e9lais de pr\u00e9sentation des rapports et des flux d'information.<\/li>\n<li>Permet une visibilit\u00e9 totale de l'historique des d\u00e9clarations de TVA, des formulaires et de la correspondance.<\/li>\n<\/ul>\n\n\t\t<\/div>\n\t<\/div>\n<\/div><\/div><\/div><div class=\"wpb_column vc_column_container vc_col-sm-6\"><div class=\"vc_column-inner vc_custom_1513687965157\"><div class=\"wpb_wrapper\"><h3 style=\"color: #2A2A2A;text-align: left\" class=\"vc_custom_heading vc_do_custom_heading vc_custom_1730218907022\" >Les fonctionnalit\u00e9s du portail comprennent<\/h3>\n\t<div class=\"wpb_text_column wpb_content_element\" >\n\t\t<div class=\"wpb_wrapper\">\n\t\t\t<ul>\n<li>Tableau de bord de la conformit\u00e9 globale \u00e0 la TVA<\/li>\n<li>Calendrier en temps r\u00e9el pour contr\u00f4ler le flux de travail et g\u00e9rer les \u00e9ch\u00e9ances<\/li>\n<li>Acc\u00e8s \u00e0 l'historique des d\u00e9clarations de TVA, des formulaires et de la correspondance<\/li>\n<li>\u00c9tat de suivi des comptes refl\u00e9tant les montants dus aux autorit\u00e9s comp\u00e9tentes en mati\u00e8re de TVA.<\/li>\n<li>Moteur analytique permettant une analyse sophistiqu\u00e9e des tendances<\/li>\n<li>Disponible en 7 langues - anglais, fran\u00e7ais, allemand, su\u00e9dois, espagnol, n\u00e9erlandais et italien<\/li>\n<\/ul>\n\n\t\t<\/div>\n\t<\/div>\n<\/div><\/div><\/div><\/div><div class=\"vc_row-full-width vc_clearfix\"><\/div><div data-vc-full-width=\"true\" data-vc-full-width-init=\"false\" class=\"vc_row wpb_row vc_row-fluid vc_custom_1730219536534 vc_row-has-padding-top vc_row-has-padding-bottom\"><div class=\"wpb_column vc_column_container vc_col-sm-6 vc_col-lg-6 vc_col-md-12\"><div class=\"vc_column-inner\"><div class=\"wpb_wrapper\"><div class=\"vc_row wpb_row vc_inner vc_row-fluid vc_custom_1513616990957\"><div class=\"wpb_column vc_column_container vc_col-sm-10 vc_col-lg-offset-0 vc_col-lg-10 vc_col-md-offset-1 vc_col-md-10 vc_col-sm-offset-1\"><div class=\"vc_column-inner vc_custom_1522313763149\"><div class=\"wpb_wrapper\"><header class=\"kd-section-title col-lg-12 text-left solid-line sep-border-width-2\" ><h2 class=\"separator_on\" >Tableau de bord<\/h2><div class=\"kd-separator below_title\" ><div class=\"kd-separator-line\" ><\/div><\/div><h6 class=\"subtitle\" >La vue d'ouverture du Dashboard pr\u00e9sente une vue d'ensemble de la situation.<\/h6><\/header>\n\t<div class=\"wpb_text_column wpb_content_element\" >\n\t\t<div class=\"wpb_wrapper\">\n\t\t\t<ul>\n<li>Aper\u00e7u instantan\u00e9 des d\u00e9clarations de TVA \u00e0 soumettre<\/li>\n<li>Mise \u00e0 jour de l'\u00e9tat d'avancement de chaque d\u00e9claration<\/li>\n<li>Alertes d'\u00e9tat attirant votre attention sur les d\u00e9clarations qui sont dues dans les cinq jours ou qui sont peut-\u00eatre en retard<\/li>\n<li>Param\u00e8tres dynamiques permettant de filtrer instantan\u00e9ment les r\u00e9sultats des informations importantes<\/li>\n<\/ul>\n\n\t\t<\/div>\n\t<\/div>\n<\/div><\/div><\/div><div class=\"wpb_column vc_column_container vc_col-sm-2 vc_hidden-md vc_hidden-sm vc_hidden-xs\"><div class=\"vc_column-inner\"><div class=\"wpb_wrapper\"><\/div><\/div><\/div><\/div><\/div><\/div><\/div><div class=\"wpb_column vc_column_container vc_col-sm-6 vc_col-lg-6 vc_col-md-12\"><div class=\"vc_column-inner vc_custom_1522313600017\"><div class=\"wpb_wrapper\">\n\t<div  class=\"wpb_single_image wpb_content_element vc_align_center wpb_content_element vc_custom_1730218013752\">\n\t\t\n\t\t<figure class=\"wpb_wrapper vc_figure\">\n\t\t\t<div class=\"vc_single_image-wrapper   vc_box_border_grey\"><img loading=\"lazy\" decoding=\"async\" width=\"627\" height=\"500\" src=\"https:\/\/meridianglobalservices.com\/wp-content\/uploads\/2024\/10\/dashboard.png\" class=\"vc_single_image-img attachment-full\" alt=\"\" title=\"tableau de bord\" srcset=\"https:\/\/meridianglobalservices.com\/wp-content\/uploads\/2024\/10\/dashboard.png 627w, https:\/\/meridianglobalservices.com\/wp-content\/uploads\/2024\/10\/dashboard-300x239.png 300w\" sizes=\"auto, (max-width: 627px) 100vw, 627px\" data-attachment-id=\"8839\" data-permalink=\"https:\/\/meridianglobalservices.com\/fr\/reporting-portal\/dashboard\/\" data-orig-file=\"https:\/\/meridianglobalservices.com\/wp-content\/uploads\/2024\/10\/dashboard.png\" data-orig-size=\"627,500\" data-comments-opened=\"1\" data-image-meta=\"{&quot;aperture&quot;:&quot;0&quot;,&quot;credit&quot;:&quot;&quot;,&quot;camera&quot;:&quot;&quot;,&quot;caption&quot;:&quot;&quot;,&quot;created_timestamp&quot;:&quot;0&quot;,&quot;copyright&quot;:&quot;&quot;,&quot;focal_length&quot;:&quot;0&quot;,&quot;iso&quot;:&quot;0&quot;,&quot;shutter_speed&quot;:&quot;0&quot;,&quot;title&quot;:&quot;&quot;,&quot;orientation&quot;:&quot;0&quot;}\" data-image-title=\"dashboard\" data-image-description=\"\" data-image-caption=\"\" data-large-file=\"https:\/\/meridianglobalservices.com\/wp-content\/uploads\/2024\/10\/dashboard.png\" \/><\/div>\n\t\t<\/figure>\n\t<\/div>\n<\/div><\/div><\/div><\/div><div class=\"vc_row-full-width vc_clearfix\"><\/div><div data-vc-full-width=\"true\" data-vc-full-width-init=\"false\" class=\"vc_row wpb_row vc_row-fluid vc_custom_1730220599382 vc_row-has-padding-top vc_row-has-padding-bottom\"><div class=\"wpb_column vc_column_container vc_col-sm-6 vc_col-lg-6 vc_col-md-12\"><div class=\"vc_column-inner\"><div class=\"wpb_wrapper\">\n\t<div  class=\"wpb_single_image wpb_content_element vc_align_center wpb_content_element vc_custom_1730219389997\">\n\t\t\n\t\t<figure class=\"wpb_wrapper vc_figure\">\n\t\t\t<div class=\"vc_single_image-wrapper   vc_box_border_grey\"><img loading=\"lazy\" decoding=\"async\" width=\"935\" height=\"500\" src=\"https:\/\/meridianglobalservices.com\/wp-content\/uploads\/2024\/10\/calendar.png\" class=\"vc_single_image-img attachment-full\" alt=\"\" title=\"calendrier\" srcset=\"https:\/\/meridianglobalservices.com\/wp-content\/uploads\/2024\/10\/calendar.png 935w, https:\/\/meridianglobalservices.com\/wp-content\/uploads\/2024\/10\/calendar-300x160.png 300w, https:\/\/meridianglobalservices.com\/wp-content\/uploads\/2024\/10\/calendar-768x411.png 768w\" sizes=\"auto, (max-width: 935px) 100vw, 935px\" data-attachment-id=\"8852\" data-permalink=\"https:\/\/meridianglobalservices.com\/fr\/reporting-portal\/calendar\/\" data-orig-file=\"https:\/\/meridianglobalservices.com\/wp-content\/uploads\/2024\/10\/calendar.png\" data-orig-size=\"935,500\" data-comments-opened=\"1\" data-image-meta=\"{&quot;aperture&quot;:&quot;0&quot;,&quot;credit&quot;:&quot;&quot;,&quot;camera&quot;:&quot;&quot;,&quot;caption&quot;:&quot;&quot;,&quot;created_timestamp&quot;:&quot;0&quot;,&quot;copyright&quot;:&quot;&quot;,&quot;focal_length&quot;:&quot;0&quot;,&quot;iso&quot;:&quot;0&quot;,&quot;shutter_speed&quot;:&quot;0&quot;,&quot;title&quot;:&quot;&quot;,&quot;orientation&quot;:&quot;0&quot;}\" data-image-title=\"calendar\" data-image-description=\"\" data-image-caption=\"\" data-large-file=\"https:\/\/meridianglobalservices.com\/wp-content\/uploads\/2024\/10\/calendar.png\" \/><\/div>\n\t\t<\/figure>\n\t<\/div>\n<\/div><\/div><\/div><div class=\"wpb_column vc_column_container vc_col-sm-6 vc_col-lg-6 vc_col-md-12\"><div class=\"vc_column-inner vc_custom_1522313600017\"><div class=\"wpb_wrapper\"><div class=\"vc_row wpb_row vc_inner vc_row-fluid vc_custom_1513616990957\"><div class=\"wpb_column vc_column_container vc_col-sm-10 vc_col-lg-offset-0 vc_col-lg-10 vc_col-md-offset-1 vc_col-md-10 vc_col-sm-offset-1\"><div class=\"vc_column-inner vc_custom_1522313763149\"><div class=\"wpb_wrapper\"><header class=\"kd-section-title col-lg-12 text-left solid-line sep-border-width-2\" ><h2 class=\"separator_on\" >Calendrier en temps r\u00e9el<\/h2><div class=\"kd-separator below_title\" ><div class=\"kd-separator-line\" ><\/div><\/div><\/header>\n\t<div class=\"wpb_text_column wpb_content_element vc_custom_1730219744735\" >\n\t\t<div class=\"wpb_wrapper\">\n\t\t\t<ul>\n<li>Affiche les date de d\u00e9p\u00f4t de toutes les d\u00e9clarations de TVA<\/li>\n<li>Permet de suivre l'\u00e9volution de chaque d\u00e9claration de TVA du d\u00e9but \u00e0 la fin.<\/li>\n<li>Permet de g\u00e9rer les priorit\u00e9s du flux de travail, garantissant que chaque d\u00e9claration est d\u00e9pos\u00e9e \u00e0 temps, \u00e0 chaque fois.<\/li>\n<\/ul>\n\n\t\t<\/div>\n\t<\/div>\n<a href=\"https:\/\/share.hsforms.com\/1vXAa63F-SRq1_Iartn-7ow10teu\" target=\"_self\" title=\"\" class=\"tt_button    button-center\" rel=\"noopener\"><span class=\"prim_text\">Demander une d\u00e9mo<\/span><span class=\"iconita\"><\/span><\/a><\/div><\/div><\/div><div class=\"wpb_column vc_column_container vc_col-sm-2 vc_hidden-md vc_hidden-sm vc_hidden-xs\"><div class=\"vc_column-inner\"><div class=\"wpb_wrapper\"><\/div><\/div><\/div><\/div><\/div><\/div><\/div><\/div><div class=\"vc_row-full-width vc_clearfix\"><\/div><div class=\"vc_row wpb_row vc_row-fluid\"><div class=\"wpb_column vc_column_container vc_col-sm-12\"><div class=\"vc_column-inner\"><div class=\"wpb_wrapper\"><h3 style=\"text-align: center\" class=\"vc_custom_heading vc_do_custom_heading\" >Autres fonctions<\/h3><\/div><\/div><\/div><\/div><div class=\"vc_row wpb_row vc_row-fluid vc_custom_1730220612320 vc_row-has-padding-top vc_row-has-padding-bottom\"><div class=\"wpb_column vc_column_container vc_col-sm-12\"><div class=\"vc_column-inner vc_custom_1513687155962\"><div class=\"wpb_wrapper\"><div class=\"vc_row wpb_row vc_inner vc_row-fluid vc_custom_1730220666906 vc_row-has-padding-top\"><div class=\"wpb_column vc_column_container vc_col-sm-4\"><div class=\"vc_column-inner vc_custom_1513687148559\"><div class=\"wpb_wrapper\">\n\t<div class=\"wpb_text_column wpb_content_element\" >\n\t\t<div class=\"wpb_wrapper\">\n\t\t\t<h5>Historique des d\u00e9clarations<\/h5>\n<ul>\n<li>Acc\u00e8s instantan\u00e9 \u00e0 l'historique des d\u00e9clarations de TVA, d'un simple clic<\/li>\n<li>Aper\u00e7u rapide des entr\u00e9es et sorties<\/li>\n<li>Possibilit\u00e9 de consulter le d\u00e9tail des travaux relatifs \u00e0 une d\u00e9claration individuelle<\/li>\n<li>Mod\u00e8le standardis\u00e9 pour visualiser les calculs de la d\u00e9claration de TVA, quelle que soit la juridiction concern\u00e9e<\/li>\n<li>Explication claire et simple de votre d\u00e9claration de TVA<\/li>\n<\/ul>\n\n\t\t<\/div>\n\t<\/div>\n<\/div><\/div><\/div><div class=\"wpb_column vc_column_container vc_col-sm-4\"><div class=\"vc_column-inner vc_custom_1730220882154\"><div class=\"wpb_wrapper\">\n\t<div class=\"wpb_text_column wpb_content_element\" >\n\t\t<div class=\"wpb_wrapper\">\n\t\t\t<h5>Relev\u00e9 de compte<\/h5>\n<ul>\n<li>Suivre le montant d\u00fb \u00e0 chaque administration fiscale ou les cr\u00e9dits de TVA en cours<\/li>\n<li>Visibilit\u00e9 pour vos \u00e9quipes de tr\u00e9sorerie ou de finance sur les paiements et les cr\u00e9ances exigibles<\/li>\n<li>Comparer les soldes entre les entit\u00e9s et les juridictions pour faciliter l'activit\u00e9 de planification de la TVA et des flux de tr\u00e9sorerie.<\/li>\n<\/ul>\n\n\t\t<\/div>\n\t<\/div>\n<\/div><\/div><\/div><div class=\"wpb_column vc_column_container vc_col-sm-4\"><div class=\"vc_column-inner vc_custom_1513687225918\"><div class=\"wpb_wrapper\">\n\t<div class=\"wpb_text_column wpb_content_element\" >\n\t\t<div class=\"wpb_wrapper\">\n\t\t\t<h5>Analyse<\/h5>\n<ul>\n<li>G\u00e9n\u00e9rer des rapports d'analyse visuelle des tendances<\/li>\n<li>Choisir parmi une large gamme de rapports pr\u00e9d\u00e9finis<\/li>\n<li>Tracer les tendances des d\u00e9clarations de TVA en fonction des activit\u00e9s de vente et d'achat, des juridictions et des entit\u00e9s.<\/li>\n<li>Identifier les erreurs potentielles avant qu'elles ne soient signal\u00e9es<\/li>\n<li>D\u00e9montrer \u00e0 votre administration fiscale locale que vous g\u00e9rez activement le risque de non-conformit\u00e9 \u00e0 la TVA.<\/li>\n<\/ul>\n\n\t\t<\/div>\n\t<\/div>\n<\/div><\/div><\/div><\/div><\/div><\/div><\/div><\/div><div data-vc-full-width=\"true\" data-vc-full-width-init=\"false\" class=\"vc_row wpb_row vc_row-fluid\"><div class=\"wpb_column vc_column_container vc_col-sm-12\"><div class=\"vc_column-inner\"><div class=\"wpb_wrapper\"><div class=\"kd-calltoaction no_icon\" >\n                <div class=\"container\"><div class=\"cta-text\">\n                        <h3 >Int\u00e9ress\u00e9 ? Prenons contact !<\/h3>\n                        <p ><\/p>\n                    <\/div>\n                    <div class=\"cta-btncontainer\"><a href=\"https:\/\/share.hsforms.com\/1vXAa63F-SRq1_Iartn-7ow10teu\" title=\"\" class=\"tt_button   kd-animated zoomIn\" data-animation-delay=\"200\" target=\"_blank\" rel=\"noopener\">Nous contacter<\/a><\/div>\n                <\/div>\n            <\/div><\/div><\/div><\/div><\/div><div class=\"vc_row-full-width vc_clearfix\"><\/div><div data-vc-full-width=\"true\" data-vc-full-width-init=\"false\" class=\"vc_row wpb_row vc_row-fluid vc_custom_1729779610734 vc_row-has-fill\"><div class=\"wpb_column vc_column_container vc_col-sm-12\"><div class=\"vc_column-inner vc_custom_1516008622141\"><div class=\"wpb_wrapper\"><div class=\"vc_row wpb_row vc_inner vc_row-fluid vc_custom_1729768829472 vc_row-has-padding-top vc_row-has-padding-bottom\"><div class=\"wpb_column vc_column_container vc_col-sm-4\"><div class=\"vc_column-inner\"><div class=\"wpb_wrapper\"><div class=\"key-icon-box icon-default icon-top cont-center with-border box-bg-image kd-animated fadeInUp\" style=\"background-image: url(https:\/\/meridianglobalservices.com\/wp-content\/uploads\/2024\/10\/reporting_1155x760-1024x674.jpg); \" ><a href=\"\/fr\/inscriptions-retours\/\" target=\"_self\"><div class=\"ib-wrapper\"><i class=\"iconsmind-Notepad fa\" style=\" color: #FFFFFF;\"><\/i> <h3 class=\"service-heading\" style=\"color: #ffffff;\">Enregistrement de la TVA - d\u00e9p\u00f4t des d\u00e9clarations<\/h3><p style=\"color: #ffffff;\">En savoir plus<\/p><\/div><\/a><\/div><\/div><\/div><\/div><div class=\"wpb_column vc_column_container vc_col-sm-4\"><div class=\"vc_column-inner\"><div class=\"wpb_wrapper\"><div class=\"key-icon-box icon-default icon-top cont-center with-border box-bg-image kd-animated fadeInUp\" style=\"background-image: url(https:\/\/meridianglobalservices.com\/wp-content\/uploads\/2024\/10\/compliance_1155x760-1024x674.jpg); \" ><a href=\"\/fr\/conformite\/\" target=\"_self\"><div class=\"ib-wrapper\"><i class=\"iconsmind-Headset fa\" style=\" color: #FFFFFF;\"><\/i> <h3 class=\"service-heading\" style=\"color: #ffffff;\">Conformit\u00e9 - Conseil en mati\u00e8re de TVA<\/h3><p style=\"color: #ffffff;\">En savoir plus<\/p><\/div><\/a><\/div><\/div><\/div><\/div><div class=\"wpb_column vc_column_container vc_col-sm-4\"><div class=\"vc_column-inner\"><div class=\"wpb_wrapper\"><div class=\"key-icon-box icon-default icon-top cont-center with-border box-bg-image kd-animated fadeInUp\" style=\"background-image: url(https:\/\/meridianglobalservices.com\/wp-content\/uploads\/2024\/10\/reporting2_1155x760-1024x674.jpg); \" ><a href=\"\"><div class=\"ib-wrapper\"><i class=\"iconsmind-Computer fa\" style=\" color: #FFFFFF;\"><\/i> <h3 class=\"service-heading\" style=\"color: #ffffff;\">Conformit\u00e9 - Portail r\u00e9capitulatif des d\u00e9clarations<\/h3><p style=\"color: #FFFFFF;\">En savoir plus<\/p><\/div><\/a><\/div><\/div><\/div><\/div><\/div><\/div><\/div><\/div><\/div><div class=\"vc_row-full-width vc_clearfix\"><\/div>\n<\/div>","protected":false},"excerpt":{"rendered":"Visibility and ControlVat Compliance PlatformMeridian Global Services\u2019 web-based reporting portal Provides you with full visibility and control over VAT compliance activities, across your whole organisation Acts as [...]","protected":false},"author":239137920,"featured_media":0,"parent":0,"menu_order":0,"comment_status":"closed","ping_status":"closed","template":"","meta":{"_crdt_document":"","content-type":"","jetpack_post_was_ever_published":false,"footnotes":""},"class_list":["post-8821","page","type-page","status-publish","hentry"],"jetpack_likes_enabled":true,"jetpack_sharing_enabled":true,"jetpack_shortlink":"https:\/\/wp.me\/PfNysa-2ih","_links":{"self":[{"href":"https:\/\/meridianglobalservices.com\/fr\/wp-json\/wp\/v2\/pages\/8821","targetHints":{"allow":["GET"]}}],"collection":[{"href":"https:\/\/meridianglobalservices.com\/fr\/wp-json\/wp\/v2\/pages"}],"about":[{"href":"https:\/\/meridianglobalservices.com\/fr\/wp-json\/wp\/v2\/types\/page"}],"author":[{"embeddable":true,"href":"https:\/\/meridianglobalservices.com\/fr\/wp-json\/wp\/v2\/users\/239137920"}],"replies":[{"embeddable":true,"href":"https:\/\/meridianglobalservices.com\/fr\/wp-json\/wp\/v2\/comments?post=8821"}],"version-history":[{"count":42,"href":"https:\/\/meridianglobalservices.com\/fr\/wp-json\/wp\/v2\/pages\/8821\/revisions"}],"predecessor-version":[{"id":9849,"href":"https:\/\/meridianglobalservices.com\/fr\/wp-json\/wp\/v2\/pages\/8821\/revisions\/9849"}],"wp:attachment":[{"href":"https:\/\/meridianglobalservices.com\/fr\/wp-json\/wp\/v2\/media?parent=8821"}],"curies":[{"name":"wp","href":"https:\/\/api.w.org\/{rel}","templated":true}]}}