{"id":8998,"date":"2024-10-31T16:49:00","date_gmt":"2024-10-31T16:49:00","guid":{"rendered":"https:\/\/meridianglobalservices.com\/?page_id=8998"},"modified":"2025-11-03T14:46:35","modified_gmt":"2025-11-03T14:46:35","slug":"gestion-des-codes-fiscaux-sap","status":"publish","type":"page","link":"https:\/\/meridianglobalservices.com\/fr\/managing-sap-tax-codes\/","title":{"rendered":"Gestion des codes fiscaux dans SAP"},"content":{"rendered":"<div class=\"wpb-content-wrapper\"><div data-vc-full-width=\"true\" data-vc-full-width-init=\"false\" class=\"vc_row wpb_row vc_row-fluid vc_custom_1730393461764 vc_row-has-fill vc_row-has-padding-top vc_row-has-padding-bottom\"><div class=\"wpb_column vc_column_container vc_col-sm-6 vc_col-lg-6 vc_col-md-12 vc_col-xs-12\"><div class=\"vc_column-inner\"><div class=\"wpb_wrapper\"><header class=\"kd-section-title col-lg-12 text-left solid-line sep-border-width-2     vc_custom_1730393334568\" ><h2 class=\"separator_on\" style=\"color: #ffffff;\">Gestion des codes fiscaux dans SAP<\/h2><div class=\"kd-separator below_title\" ><div class=\"kd-separator-line\" style=\"border-color:#ffffff\"><\/div><\/div><\/header><\/div><\/div><\/div><div class=\"wpb_column vc_column_container vc_col-sm-2\"><div class=\"vc_column-inner\"><div class=\"wpb_wrapper\"><\/div><\/div><\/div><div class=\"wpb_column vc_column_container vc_col-sm-4 vc_col-lg-4 vc_col-md-12 vc_col-xs-12\"><div class=\"vc_column-inner vc_custom_1516103198991\"><div class=\"wpb_wrapper\"><\/div><\/div><\/div><\/div><div class=\"vc_row-full-width vc_clearfix\"><\/div><div class=\"vc_row wpb_row vc_row-fluid\"><div class=\"wpb_column vc_column_container vc_col-sm-12\"><div class=\"vc_column-inner\"><div class=\"wpb_wrapper\"><h2 style=\"color: #C4203B;text-align: center\" class=\"vc_custom_heading vc_do_custom_heading vc_custom_1730714547889\" >Qu'est-ce qu'un code fiscal et \u00e0 quoi sert-il ?<\/h2><\/div><\/div><\/div><\/div><div class=\"vc_row wpb_row vc_row-fluid\"><div class=\"wpb_column vc_column_container vc_col-sm-12\"><div class=\"vc_column-inner\"><div class=\"wpb_wrapper\">\n\t<div class=\"wpb_text_column wpb_content_element\" >\n\t\t<div class=\"wpb_wrapper\">\n\t\t\t<h6 style=\"text-align: center;\">La technologie fiscale Meridian simplifie la gestion des codes fiscaux dans SAP et surmonte les limites des codes fiscaux \u00e0 deux chiffres dans SAP. Les codes fiscaux dans SAP permettent au syst\u00e8me de d\u00e9terminer le traitement de la TVA pour les transactions de vente ou d'achat.  Dans SAP, nous avons des codes fiscaux \u00e0 deux chiffres.  Tous ces codes fiscaux ont certaines propri\u00e9t\u00e9s qui incluent des \u00e9l\u00e9ments tels que le pays de d\u00e9claration pour ce code fiscal particulier, le taux de TVA associ\u00e9 au code fiscal pertinent pour la liste des ventes de l'UE ou Intrastat.<\/h6>\n\n\t\t<\/div>\n\t<\/div>\n<\/div><\/div><\/div><\/div><div data-vc-full-width=\"true\" data-vc-full-width-init=\"false\" class=\"vc_row wpb_row vc_row-fluid vc_custom_1513720369567 vc_row-has-padding-top vc_row-has-padding-bottom\"><div class=\"wpb_column vc_column_container vc_col-sm-6\"><div class=\"vc_column-inner vc_custom_1513768563230\"><div class=\"wpb_wrapper\"><div class=\"vc_row wpb_row vc_inner vc_row-fluid vc_custom_1513720363947 vc_row-has-padding-top\"><div class=\"wpb_column vc_column_container vc_col-sm-10\"><div class=\"vc_column-inner\"><div class=\"wpb_wrapper\"><header class=\"kd-section-title col-lg-12 text-left solid-line sep-border-width-2\" ><h2 class=\"separator_on\" >Pourquoi la gestion des codes fiscaux dans SAP est-elle un d\u00e9fi ?<\/h2><div class=\"kd-separator below_title\" ><div class=\"kd-separator-line\" ><\/div><\/div><h6 class=\"subtitle\" >Les codes fiscaux SAP sont limit\u00e9s \u00e0 deux chiffres. \u00c0 chaque changement de taux de TVA, SAP vous oblige \u00e0 cr\u00e9er de nouveaux codes fiscaux. Au fil du temps, les entreprises peuvent se retrouver \u00e0 court de codes fiscaux pour les nouveaux taux de TVA et les nouveaux sc\u00e9narios.<\/h6><\/header><\/div><\/div><\/div><div class=\"wpb_column vc_column_container vc_col-sm-2\"><div class=\"vc_column-inner\"><div class=\"wpb_wrapper\"><\/div><\/div><\/div><\/div><\/div><\/div><\/div><div class=\"wpb_column vc_column_container vc_col-sm-6\"><div class=\"vc_column-inner vc_custom_1516104064807\"><div class=\"wpb_wrapper\"><div class=\"key-icon-box icon-default icon-left cont-left with-border box-bg-color\" style=\"background-color: transparent; \" ><div class=\"ib-wrapper\"><i class=\"fa\" style=\"font-size: 48px; \"><\/i> <h6 class=\"service-heading\" >Codes \u00e0 deux chiffres<\/h6><p >La gestion des codes fiscaux dans SAP peut s'av\u00e9rer difficile \u00e0 long terme, principalement parce que les codes fiscaux SAP sont limit\u00e9s \u00e0 deux chiffres, ce qui inclut les lettres, les chiffres et quelques caract\u00e8res sp\u00e9ciaux.<\/p><\/div><\/div><div class=\"vc_empty_space\"   style=\"height: 30px\"><span class=\"vc_empty_space_inner\"><\/span><\/div><div class=\"key-icon-box icon-default icon-left cont-left with-border box-bg-color\" style=\"background-color: transparent; \" ><div class=\"ib-wrapper\"><i class=\"fa\" style=\"font-size: 48px; \"><\/i> <h6 class=\"service-heading\" >Modifications des taux de TVA<\/h6><p >En outre, \u00e0 chaque changement de taux de TVA, SAP vous demande de cr\u00e9er de nouveaux codes fiscaux, car chaque code fiscal ne peut \u00eatre associ\u00e9 qu'\u00e0 un seul taux de TVA.<\/p><\/div><\/div><div class=\"vc_empty_space\"   style=\"height: 30px\"><span class=\"vc_empty_space_inner\"><\/span><\/div><div class=\"key-icon-box icon-default icon-left cont-left with-border box-bg-color\" style=\"background-color: transparent; \" ><div class=\"ib-wrapper\"><i class=\"fa\" style=\"font-size: 48px; \"><\/i> <h6 class=\"service-heading\" >Pas assez de codes fiscaux<\/h6><p >Ainsi, pour les clients qui disposent d'un syst\u00e8me SAP tr\u00e8s mature et qui exercent leurs activit\u00e9s dans de nombreux pays diff\u00e9rents, il est tout \u00e0 fait possible qu'au fil du temps, ils soient \u00e0 court de codes fiscaux pour les nouveaux taux de TVA et les nouveaux sc\u00e9narios.<\/p><\/div><\/div><\/div><\/div><\/div><\/div><div class=\"vc_row-full-width vc_clearfix\"><\/div><div data-vc-full-width=\"true\" data-vc-full-width-init=\"false\" class=\"vc_row wpb_row vc_row-fluid vc_custom_1730719419027 vc_row-has-fill vc_row-has-padding-top vc_row-has-padding-bottom\"><div class=\"wpb_column vc_column_container vc_col-sm-12\"><div class=\"vc_column-inner vc_custom_1513687155962\"><div class=\"wpb_wrapper\"><div class=\"vc_row wpb_row vc_inner vc_row-fluid\"><div class=\"wpb_column vc_column_container vc_col-sm-4\"><div class=\"vc_column-inner\"><div class=\"wpb_wrapper\"><h2 style=\"font-size: 36px;color: #ffffff;text-align: left\" class=\"vc_custom_heading vc_do_custom_heading vc_custom_1730718989237\" >Comment certaines entreprises tentent de contourner les limitations des codes fiscaux SAP<\/h2><\/div><\/div><\/div><div class=\"wpb_column vc_column_container vc_col-sm-8\"><div class=\"vc_column-inner\"><div class=\"wpb_wrapper\"><h6 style=\"color: #ffffff;text-align: left\" class=\"vc_custom_heading vc_do_custom_heading\" >Il n'y a pas beaucoup d'options disponibles pour contourner ces limitations. Certaines entreprises utilisent des caract\u00e8res sp\u00e9ciaux, mais ce n'est pas tr\u00e8s pratique, surtout dans un environnement international. Une autre option consiste \u00e0 cr\u00e9er ou \u00e0 remplacer une proc\u00e9dure fiscale, mais cela implique beaucoup de travail et est assez complexe, et cr\u00e9e beaucoup d'instabilit\u00e9 pour les entreprises qui font ouvertement du commerce sur les march\u00e9s internationaux.<\/h6><\/div><\/div><\/div><\/div><\/div><\/div><\/div><\/div><div class=\"vc_row-full-width vc_clearfix\"><\/div><div class=\"vc_row wpb_row vc_row-fluid vc_custom_1516103691991 vc_row-has-padding-top vc_row-has-padding-bottom\"><div class=\"wpb_column vc_column_container vc_col-sm-12\"><div class=\"vc_column-inner\"><div class=\"wpb_wrapper\"><div class=\"vc_row wpb_row vc_inner vc_row-fluid\"><div class=\"wpb_column vc_column_container vc_col-sm-3 vc_hidden-xs\"><div class=\"vc_column-inner\"><div class=\"wpb_wrapper\"><\/div><\/div><\/div><div class=\"wpb_column vc_column_container vc_col-sm-6\"><div class=\"vc_column-inner\"><div class=\"wpb_wrapper\"><div class=\"vc_empty_space\"   style=\"height: 25px\"><span class=\"vc_empty_space_inner\"><\/span><\/div><header class=\"kd-section-title col-lg-12 text-center\" ><h2 class=\"separator_off\" style=\"color: #C4203B;\">La solution Meridian<\/h2><\/header><\/div><\/div><\/div><div class=\"wpb_column vc_column_container vc_col-sm-3 vc_hidden-xs\"><div class=\"vc_column-inner\"><div class=\"wpb_wrapper\"><\/div><\/div><\/div><\/div><div class=\"vc_row wpb_row vc_inner vc_row-fluid vc_custom_1513705144894 vc_row-has-padding-top\"><div class=\"wpb_column vc_column_container vc_col-sm-12\"><div class=\"vc_column-inner\"><div class=\"wpb_wrapper\">\r\n            <div class=\"kd-process-steps process_three_elem process-checkbox-template\">\r\n                <ul>\r\n                <li class=\"pss-item\" >\r\n                    <div class=\"pss-container\" ><div class=\"pss-text-area\">\r\n                            <h4 >Plusieurs taux de TVA dans le m\u00eame code fiscal<\/h4>\r\n                            <p >Afin de contourner ces limitations, Meridian a d\u00e9velopp\u00e9 une solution de code fiscal sp\u00e9cifique qui implique l'utilisation de plusieurs taux de TVA au sein d'un m\u00eame code fiscal.<\/p><\/div>\r\n                    <\/div>\r\n                <\/li>\r\n                <li class=\"pss-item\" >\r\n                    <div class=\"pss-container\" ><div class=\"pss-text-area\">\r\n                            <h4 >Ouvrir l'enregistrement de l'\u00e9tat FV11<\/h4>\r\n                            <p >Pour ce faire, Meridian ouvre la fonctionnalit\u00e9 d'enregistrement de condition FV 11 qui est cach\u00e9e dans SAP. Gr\u00e2ce \u00e0 cette fonctionnalit\u00e9, il est possible de g\u00e9rer plus d'un taux par code fiscal avec des p\u00e9riodes de validit\u00e9 associ\u00e9es.<\/p><\/div>\r\n                    <\/div>\r\n                <\/li>\r\n                <li class=\"pss-item\" >\r\n                    <div class=\"pss-container\" ><div class=\"pss-text-area\">\r\n                            <h4 >Pas besoin de nouveaux codes fiscaux<\/h4>\r\n                            <p >L'avantage de cette approche est qu'il n'est plus n\u00e9cessaire de cr\u00e9er de nouveaux codes fiscaux \u00e0 chaque fois qu'il y a un changement de taux de TVA, ce qui permet aux entreprises de conserver une conception propre de la proc\u00e9dure fiscale et, en outre, les changements informatiques associ\u00e9s au changement de taux de TVA sont minimes.<\/p><\/div>\r\n                    <\/div>\r\n                <\/li><\/ul>\r\n            <\/div><\/div><\/div><\/div><\/div><div class=\"vc_row wpb_row vc_inner vc_row-fluid\"><div class=\"wpb_column vc_column_container vc_col-sm-4 vc_hidden-xs\"><div class=\"vc_column-inner\"><div class=\"wpb_wrapper\"><\/div><\/div><\/div><div class=\"wpb_column vc_column_container vc_col-sm-4\"><div class=\"vc_column-inner\"><div class=\"wpb_wrapper\"><a  href=\"\/fr\/contacter-le-meridien\/\"  target=\"_self\"  title=\"\" class=\"tt_button    button-center\" ><span class=\"prim_text\">Plus d'informations<\/span><span class=\"iconita\"><\/span><\/a><\/div><\/div><\/div><div class=\"wpb_column vc_column_container vc_col-sm-4\"><div class=\"vc_column-inner\"><div class=\"wpb_wrapper\"><\/div><\/div><\/div><\/div><\/div><\/div><\/div><\/div><div data-vc-full-width=\"true\" data-vc-full-width-init=\"false\" data-vc-stretch-content=\"true\" class=\"vc_row wpb_row vc_row-fluid vc_custom_1730726647808 vc_row-has-fill vc_row-has-padding-bottom vc_row-no-padding\"><div class=\"wpb_column vc_column_container vc_col-sm-6 vc_col-lg-6 vc_col-md-12\"><div class=\"vc_column-inner\"><div class=\"wpb_wrapper\"><div class=\"vc_row wpb_row vc_inner vc_row-fluid vc_custom_1730726594252 vc_row-has-padding-top\"><div class=\"wpb_column vc_column_container vc_col-sm-3 vc_hidden-xs\"><div class=\"vc_column-inner\"><div class=\"wpb_wrapper\"><\/div><\/div><\/div><div class=\"wpb_column vc_column_container vc_col-sm-9\"><div class=\"vc_column-inner vc_custom_1730726492502\"><div class=\"wpb_wrapper\"><header class=\"kd-section-title col-lg-12 text-left solid-line sep-border-width-2\" ><h2 class=\"separator_on\" >Qui b\u00e9n\u00e9ficie de la solution Meridian et comment ?<\/h2><div class=\"kd-separator below_title\" ><div class=\"kd-separator-line\" ><\/div><\/div><\/header><div class=\"vc_empty_space\"   style=\"height: 15px\"><span class=\"vc_empty_space_inner\"><\/span><\/div>\n\t<div class=\"wpb_text_column wpb_content_element\" >\n\t\t<div class=\"wpb_wrapper\">\n\t\t\t<ul>\n<li>La solution Meridian est principalement b\u00e9n\u00e9fique pour <a href=\"\/fr\/temoignages-de-clients\/\">les multinationales qui exercent des activit\u00e9s complexes dans plusieurs pays de l'UE<\/a> car ce sont les organisations les plus susceptibles d'\u00eatre \u00e0 court de codes fiscaux, en particulier si elles disposent d'un syst\u00e8me SAP mature qui existe depuis longtemps.<\/li>\n<li>L'avantage de la solution Meridian est qu'elle peut s'appuyer sur une conception standard d'une proc\u00e9dure de code fiscal et \u00eatre s\u00fbre qu'\u00e0 chaque changement de taux de TVA, elle n'aura pas \u00e0 cr\u00e9er de nouveaux codes fiscaux ni \u00e0 s'inqui\u00e9ter de manquer de code.<\/li>\n<li>Un autre avantage est que le service de la TVA et des imp\u00f4ts ne sera plus oblig\u00e9 de modifier les codes SAP \u00e0 chaque fois qu'il y a un changement de taux de TVA, mais il pourra g\u00e9rer ces changements par le biais de l'application <a href=\"\/fr\/ajout-de-la-tva\/\">Cockpit Meridian VAT Add-on<\/a>et donc de ne pas devoir effectuer une demande de modification \u00e0 chaque fois qu'il y a un changement de taux de TVA.<\/li>\n<\/ul>\n\n\t\t<\/div>\n\t<\/div>\n<\/div><\/div><\/div><\/div><\/div><\/div><\/div><div class=\"wpb_column vc_column_container vc_col-sm-6 vc_col-lg-6 vc_col-md-12\"><div class=\"vc_column-inner vc_custom_1522315574795\"><div class=\"wpb_wrapper\"><div class=\"vc_row wpb_row vc_inner vc_row-fluid vc_custom_1730726381779 vc_row-has-fill vc_row-has-padding-top vc_row-has-padding-bottom\"><div class=\"wpb_column vc_column_container vc_col-sm-12\"><div class=\"vc_column-inner vc_custom_1511789291663\"><div class=\"wpb_wrapper\"><div class=\"vc_empty_space\"   style=\"height: 100px\"><span class=\"vc_empty_space_inner\"><\/span><\/div><\/div><\/div><\/div><\/div><\/div><\/div><\/div><\/div><div class=\"vc_row-full-width vc_clearfix\"><\/div><div data-vc-full-width=\"true\" data-vc-full-width-init=\"false\" class=\"vc_row wpb_row vc_row-fluid vc_custom_1730726834321 vc_row-has-padding-top vc_row-has-padding-bottom\"><div class=\"wpb_column vc_column_container vc_col-sm-12\"><div class=\"vc_column-inner\"><div class=\"wpb_wrapper\"><div class=\"kd-calltoaction no_icon\" style=\"background-color: #D3D3D3;\">\n                <div class=\"container\"><div class=\"cta-text\">\n                        <h3 >Vous souhaitez plus d'informations sur la gestion de vos codes fiscaux SAP ?<\/h3>\n                        <p ><\/p>\n                    <\/div>\n                    <div class=\"cta-btncontainer\"><a href=\"https:\/\/meridianglobalservices.com\/fr\/contacter-le-meridien\/\"  title=\"\" class=\"tt_button   kd-animated zoomIn\" data-animation-delay=\"200\">Nous contacter<\/a><\/div>\n                <\/div>\n            <\/div><\/div><\/div><\/div><\/div><div class=\"vc_row-full-width vc_clearfix\"><\/div>\n<\/div>","protected":false},"excerpt":{"rendered":"Managing tax codes in SAPWhat are tax codes and what are they used for? Meridian tax technology simplifies managing tax codes in SAP and overcomes the limitations [...]","protected":false},"author":239137920,"featured_media":0,"parent":0,"menu_order":0,"comment_status":"closed","ping_status":"closed","template":"","meta":{"_crdt_document":"","content-type":"","footnotes":""},"class_list":["post-8998","page","type-page","status-publish","hentry"],"jetpack_likes_enabled":true,"jetpack_sharing_enabled":true,"jetpack_shortlink":"https:\/\/wp.me\/PfNysa-2l8","_links":{"self":[{"href":"https:\/\/meridianglobalservices.com\/fr\/wp-json\/wp\/v2\/pages\/8998","targetHints":{"allow":["GET"]}}],"collection":[{"href":"https:\/\/meridianglobalservices.com\/fr\/wp-json\/wp\/v2\/pages"}],"about":[{"href":"https:\/\/meridianglobalservices.com\/fr\/wp-json\/wp\/v2\/types\/page"}],"author":[{"embeddable":true,"href":"https:\/\/meridianglobalservices.com\/fr\/wp-json\/wp\/v2\/users\/239137920"}],"replies":[{"embeddable":true,"href":"https:\/\/meridianglobalservices.com\/fr\/wp-json\/wp\/v2\/comments?post=8998"}],"version-history":[{"count":42,"href":"https:\/\/meridianglobalservices.com\/fr\/wp-json\/wp\/v2\/pages\/8998\/revisions"}],"predecessor-version":[{"id":12487,"href":"https:\/\/meridianglobalservices.com\/fr\/wp-json\/wp\/v2\/pages\/8998\/revisions\/12487"}],"wp:attachment":[{"href":"https:\/\/meridianglobalservices.com\/fr\/wp-json\/wp\/v2\/media?parent=8998"}],"curies":[{"name":"wp","href":"https:\/\/api.w.org\/{rel}","templated":true}]}}